{"id":4483,"date":"2024-05-19T18:32:22","date_gmt":"2024-05-19T16:32:22","guid":{"rendered":"https:\/\/www.nedozery.sk\/vcelarstvo\/?post_type=product&#038;p=4483"},"modified":"2025-03-24T10:31:07","modified_gmt":"2025-03-24T09:31:07","slug":"letacovy-uzaver-okruhly-68mm-nerez-2ks","status":"publish","type":"product","link":"https:\/\/www.nedozery.sk\/vcelarstvo\/produkt\/letacovy-uzaver-okruhly-68mm-nerez-2ks\/","title":{"rendered":"Let\u00e1\u010dov\u00fd uz\u00e1ver okr\u00fahly  68mm &#8211; NEREZ 2ks"},"content":{"rendered":"<p><strong>Cena zah\u0155\u0148a jedno balenie s dvoma kruhov\u00fdmi uz\u00e1vermi.<\/strong><\/p>\n<p>Kruhov\u00fd uz\u00e1ver sa pou\u017e\u00edva na vytvorenie priechodu v nadstavku, ktor\u00fdm v\u010dely m\u00f4\u017eu vletova\u0165 a vyletova\u0165.<\/p>\n<p>Kruhov\u00e9 uz\u00e1very je mo\u017en\u00e9 pou\u017ei\u0165 na nadstavky, oplodnia\u010diky a roja\u010diky. Ot\u00e1\u010dan\u00edm kruhov\u00e9ho uz\u00e1veru sa zatv\u00e1ra\/otv\u00e1ra let\u00e1\u010d alebo sa nech\u00e1va otvor\u00a0na vetranie.<\/p>\n","protected":false},"excerpt":{"rendered":"<p>Cena zah\u0155\u0148a jedno balenie s dvoma kruhov\u00fdmi uz\u00e1vermi. Kruhov\u00fd uz\u00e1ver sa pou\u017e\u00edva na vytvorenie priechodu v nadstavku, ktor\u00fdm v\u010dely m\u00f4\u017eu vletova\u0165 a vyletova\u0165. Kruhov\u00e9 uz\u00e1very je mo\u017en\u00e9 pou\u017ei\u0165 na nadstavky, oplodnia\u010diky a roja\u010diky. Ot\u00e1\u010dan\u00edm kruhov\u00e9ho uz\u00e1veru sa zatv\u00e1ra\/otv\u00e1ra let\u00e1\u010d alebo sa nech\u00e1va otvor\u00a0na vetranie.<\/p>\n","protected":false},"featured_media":4484,"comment_status":"open","ping_status":"closed","template":"","meta":[],"product_brand":[],"product_cat":[94,16],"product_tag":[],"class_list":{"0":"post-4483","1":"product","2":"type-product","3":"status-publish","4":"has-post-thumbnail","6":"product_cat-prislus","7":"product_cat-ule","9":"first","10":"instock","11":"taxable","12":"shipping-taxable","13":"purchasable","14":"product-type-simple"},"jetpack_sharing_enabled":true,"_links":{"self":[{"href":"https:\/\/www.nedozery.sk\/vcelarstvo\/wp-json\/wp\/v2\/product\/4483","targetHints":{"allow":["GET"]}}],"collection":[{"href":"https:\/\/www.nedozery.sk\/vcelarstvo\/wp-json\/wp\/v2\/product"}],"about":[{"href":"https:\/\/www.nedozery.sk\/vcelarstvo\/wp-json\/wp\/v2\/types\/product"}],"replies":[{"embeddable":true,"href":"https:\/\/www.nedozery.sk\/vcelarstvo\/wp-json\/wp\/v2\/comments?post=4483"}],"version-history":[{"count":0,"href":"https:\/\/www.nedozery.sk\/vcelarstvo\/wp-json\/wp\/v2\/product\/4483\/revisions"}],"wp:featuredmedia":[{"embeddable":true,"href":"https:\/\/www.nedozery.sk\/vcelarstvo\/wp-json\/wp\/v2\/media\/4484"}],"wp:attachment":[{"href":"https:\/\/www.nedozery.sk\/vcelarstvo\/wp-json\/wp\/v2\/media?parent=4483"}],"wp:term":[{"taxonomy":"product_brand","embeddable":true,"href":"https:\/\/www.nedozery.sk\/vcelarstvo\/wp-json\/wp\/v2\/product_brand?post=4483"},{"taxonomy":"product_cat","embeddable":true,"href":"https:\/\/www.nedozery.sk\/vcelarstvo\/wp-json\/wp\/v2\/product_cat?post=4483"},{"taxonomy":"product_tag","embeddable":true,"href":"https:\/\/www.nedozery.sk\/vcelarstvo\/wp-json\/wp\/v2\/product_tag?post=4483"}],"curies":[{"name":"wp","href":"https:\/\/api.w.org\/{rel}","templated":true}]}}