{"id":4507,"date":"2024-05-19T20:40:53","date_gmt":"2024-05-19T18:40:53","guid":{"rendered":"https:\/\/www.nedozery.sk\/vcelarstvo\/?post_type=product&#038;p=4507"},"modified":"2025-03-24T11:23:45","modified_gmt":"2025-03-24T10:23:45","slug":"cisla-na-ule-farebne","status":"publish","type":"product","link":"https:\/\/www.nedozery.sk\/vcelarstvo\/produkt\/cisla-na-ule-farebne\/","title":{"rendered":"\u010c\u00edsla na \u00fale farebn\u00e9"},"content":{"rendered":"<p>Plastov\u00e9 \u010d\u00edslice (rozli\u0161ova\u010de) na \u010d\u00edslovanie \u00fa\u013eov. S\u00faprava plastov\u00fdch \u010d\u00edslic. Cena je za jednu sadu \u010d\u00edslic.<\/p>\n<h3>Farba \u010d\u00edslic<\/h3>\n<p><strong>\u010dierna, biela, \u017elt\u00e1, \u010derven\u00e1, modr\u00e1, zelen\u00e1, (pod\u013ea dostupnosti )<\/strong><\/p>\n","protected":false},"excerpt":{"rendered":"<p>Plastov\u00e9 \u010d\u00edslice (rozli\u0161ova\u010de) na \u010d\u00edslovanie \u00fa\u013eov. S\u00faprava plastov\u00fdch \u010d\u00edslic. Cena je za jednu sadu \u010d\u00edslic. Farba \u010d\u00edslic \u010dierna, biela, \u017elt\u00e1, \u010derven\u00e1, modr\u00e1, zelen\u00e1, (pod\u013ea dostupnosti )<\/p>\n","protected":false},"featured_media":4508,"comment_status":"open","ping_status":"closed","template":"","meta":[],"product_brand":[],"product_cat":[94,16],"product_tag":[],"class_list":{"0":"post-4507","1":"product","2":"type-product","3":"status-publish","4":"has-post-thumbnail","6":"product_cat-prislus","7":"product_cat-ule","9":"first","10":"instock","11":"taxable","12":"shipping-taxable","13":"purchasable","14":"product-type-simple"},"jetpack_sharing_enabled":true,"_links":{"self":[{"href":"https:\/\/www.nedozery.sk\/vcelarstvo\/wp-json\/wp\/v2\/product\/4507","targetHints":{"allow":["GET"]}}],"collection":[{"href":"https:\/\/www.nedozery.sk\/vcelarstvo\/wp-json\/wp\/v2\/product"}],"about":[{"href":"https:\/\/www.nedozery.sk\/vcelarstvo\/wp-json\/wp\/v2\/types\/product"}],"replies":[{"embeddable":true,"href":"https:\/\/www.nedozery.sk\/vcelarstvo\/wp-json\/wp\/v2\/comments?post=4507"}],"version-history":[{"count":0,"href":"https:\/\/www.nedozery.sk\/vcelarstvo\/wp-json\/wp\/v2\/product\/4507\/revisions"}],"wp:featuredmedia":[{"embeddable":true,"href":"https:\/\/www.nedozery.sk\/vcelarstvo\/wp-json\/wp\/v2\/media\/4508"}],"wp:attachment":[{"href":"https:\/\/www.nedozery.sk\/vcelarstvo\/wp-json\/wp\/v2\/media?parent=4507"}],"wp:term":[{"taxonomy":"product_brand","embeddable":true,"href":"https:\/\/www.nedozery.sk\/vcelarstvo\/wp-json\/wp\/v2\/product_brand?post=4507"},{"taxonomy":"product_cat","embeddable":true,"href":"https:\/\/www.nedozery.sk\/vcelarstvo\/wp-json\/wp\/v2\/product_cat?post=4507"},{"taxonomy":"product_tag","embeddable":true,"href":"https:\/\/www.nedozery.sk\/vcelarstvo\/wp-json\/wp\/v2\/product_tag?post=4507"}],"curies":[{"name":"wp","href":"https:\/\/api.w.org\/{rel}","templated":true}]}}