{"id":4736,"date":"2024-07-02T19:21:54","date_gmt":"2024-07-02T17:21:54","guid":{"rendered":"https:\/\/www.nedozery.sk\/vcelarstvo\/?post_type=product&#038;p=4736"},"modified":"2025-11-18T21:22:28","modified_gmt":"2025-11-18T20:22:28","slug":"pohar-adriatic-370-ml","status":"publish","type":"product","link":"https:\/\/www.nedozery.sk\/vcelarstvo\/produkt\/pohar-adriatic-370-ml\/","title":{"rendered":"Poh\u00e1r Adriatic 370 ml"},"content":{"rendered":"<ul>\n<li>Uz\u00e1ver:\u00a0TO 82<\/li>\n<li>Po\u010det kusov na palete:\u00a03887 ks<\/li>\n<li>Hmotnos\u0165 palety:\u00a0879 kg<\/li>\n<li>Rozmery palety (cm):\u00a0120x100x212 cm<\/li>\n<li>Farba: bezfarebn\u00e9, \u010d\u00edre sklo<\/li>\n<\/ul>\n<h2><span style=\"color: #ff0000;\">LEN OSOBN\u00dd ODBER !!!<\/span><\/h2>\n","protected":false},"excerpt":{"rendered":"<p>Uz\u00e1ver:\u00a0TO 82 Po\u010det kusov na palete:\u00a03887 ks Hmotnos\u0165 palety:\u00a0879 kg Rozmery palety (cm):\u00a0120x100x212 cm Farba: bezfarebn\u00e9, \u010d\u00edre sklo LEN OSOBN\u00dd ODBER !!!<\/p>\n","protected":false},"featured_media":4737,"comment_status":"open","ping_status":"closed","template":"","meta":[],"product_brand":[],"product_cat":[17,77],"product_tag":[],"class_list":{"0":"post-4736","1":"product","2":"type-product","3":"status-publish","4":"has-post-thumbnail","6":"product_cat-obaly","7":"product_cat-pohare","9":"first","10":"instock","11":"taxable","12":"shipping-taxable","13":"purchasable","14":"product-type-simple"},"jetpack_sharing_enabled":true,"_links":{"self":[{"href":"https:\/\/www.nedozery.sk\/vcelarstvo\/wp-json\/wp\/v2\/product\/4736","targetHints":{"allow":["GET"]}}],"collection":[{"href":"https:\/\/www.nedozery.sk\/vcelarstvo\/wp-json\/wp\/v2\/product"}],"about":[{"href":"https:\/\/www.nedozery.sk\/vcelarstvo\/wp-json\/wp\/v2\/types\/product"}],"replies":[{"embeddable":true,"href":"https:\/\/www.nedozery.sk\/vcelarstvo\/wp-json\/wp\/v2\/comments?post=4736"}],"version-history":[{"count":0,"href":"https:\/\/www.nedozery.sk\/vcelarstvo\/wp-json\/wp\/v2\/product\/4736\/revisions"}],"wp:featuredmedia":[{"embeddable":true,"href":"https:\/\/www.nedozery.sk\/vcelarstvo\/wp-json\/wp\/v2\/media\/4737"}],"wp:attachment":[{"href":"https:\/\/www.nedozery.sk\/vcelarstvo\/wp-json\/wp\/v2\/media?parent=4736"}],"wp:term":[{"taxonomy":"product_brand","embeddable":true,"href":"https:\/\/www.nedozery.sk\/vcelarstvo\/wp-json\/wp\/v2\/product_brand?post=4736"},{"taxonomy":"product_cat","embeddable":true,"href":"https:\/\/www.nedozery.sk\/vcelarstvo\/wp-json\/wp\/v2\/product_cat?post=4736"},{"taxonomy":"product_tag","embeddable":true,"href":"https:\/\/www.nedozery.sk\/vcelarstvo\/wp-json\/wp\/v2\/product_tag?post=4736"}],"curies":[{"name":"wp","href":"https:\/\/api.w.org\/{rel}","templated":true}]}}