{"id":4884,"date":"2024-09-02T19:43:50","date_gmt":"2024-09-02T17:43:50","guid":{"rendered":"https:\/\/www.nedozery.sk\/vcelarstvo\/?post_type=product&#038;p=4884"},"modified":"2024-09-02T19:50:56","modified_gmt":"2024-09-02T17:50:56","slug":"testovacia-suprava-efb-europska-hniloba-vcelieho-plodu","status":"publish","type":"product","link":"https:\/\/www.nedozery.sk\/vcelarstvo\/produkt\/testovacia-suprava-efb-europska-hniloba-vcelieho-plodu\/","title":{"rendered":"Testovacia s\u00faprava (EFB) Europsk\u00e1 hniloba v\u010delieho plodu"},"content":{"rendered":"<h2>Testovacia s\u00faprava (EFB) Europsk\u00e1 hniloba v\u010delieho plodu<\/h2>\n<div class=\"in-pane\">\n<div class=\"long-description\">\n<p>Diagnostick\u00e1 testovacia s\u00faprava (EFB) Eur\u00f3pska\u00a0hniloba v\u010delieho plodu, umo\u017e\u0148uje v\u010del\u00e1rom a v\u010del\u00e1rskym in\u0161pektorom testova\u0165 EFB v larv\u00e1ch v\u010diel medonosn\u00fdch a z\u00edska\u0165 v\u00fdsledky okam\u017eite a \u013eahko priamo vo\u00a0 v\u010delnici. \u00a0 \u00a0 \u00a0 \u00a0 \u00a0 \u00a0 \u00a0 \u00a0 \u00a0 \u00a0 \u00a0 \u00a0 \u00a0 \u00a0 \u00a0 \u00a0 \u00a0 \u00a0 \u00a0 \u00a0 \u00a0\u00a0<img alt=\"\" data-mce-=\"\" \/><\/p>\n<p><strong>K\u013e\u00fa\u010dov\u00e9 fakty<\/strong><\/p>\n<p>\u2013\u00a0 Diagnostick\u00e1 sada funguje podobne \u00a0ako dom\u00e1ce tehotensk\u00e9 vy\u0161etrenie\u00a0<strong>( generuje okam\u017eit\u00e9 v\u00fdsledky ).<\/strong>\u00a0\u00a0 \u00a0 \u00a0 \u00a0 \u00a0 \u00a0 \u00a0 \u00a0 \u00a0\u00a0<strong>\u00a0 \u00a0 \u00a0<\/strong><\/p>\n<p>\u2013\u00a0\u00a0Reaguje \u0161pecificky na protil\u00e1tky spojen\u00e9 s patog\u00e9nnym Melissococcus plutonius,\u00a0ktor\u00e9 sp\u00f4sobuj\u00fa EFB na v\u010del\u00e1ch.<\/p>\n<p><strong>Ako pou\u017e\u00edva<\/strong><strong>\u0165<\/strong><strong>\u00a0EFB\u00a0diagnostick\u00fd set?<\/strong><\/p>\n<p>1. Vytiahnite larvu, ktor\u00e1 vykazuje podozriv\u00e9 pr\u00edznaky \u0161pacht\u013eou. M\u00f4\u017eete si vybra\u0165 nieko\u013eko lariev alebo \u0161up\u00edn, ak je to potrebn\u00e9, ale nekla\u010fte pr\u00edli\u0161 ve\u013ea organick\u00fdch l\u00e1tok do f\u013ea\u0161e na vzorky \u2013 m\u00f4\u017ee to zmias\u0165 zariadenie. S\u00fa potrebn\u00e9 len mal\u00e9\u00a0vzorky.<\/p>\n<p>2. Odskrutkujte veko z extrak\u010dnej f\u013ea\u0161e. \u0160pacht\u013eu pou\u017eite na vlo\u017eenie vzorky do f\u013ea\u0161e. Zatiahnite veko a silne pretrepte asi 20 sek\u00fand. POZOR \u2013 f\u013ea\u0161a obsahuje pufer a azid sodn\u00fd.<\/p>\n<p>3. Odstr\u00e1\u0148te testovacie zariadenie z f\u00f3liov\u00e9ho balenia.\u00a0<b>POZOR !<\/b>\u00a0<strong>Nedot\u00fdkajte sa okna na prezeranie!<\/strong><\/p>\n<p>4. Odskrutkujte veko extrak\u010dnej f\u013ea\u0161e a pou\u017eite dodan\u00fa pipetu na odstr\u00e1nenie vzorky z f\u013ea\u0161e. Pre dosiahnutie najlep\u0161\u00edch v\u00fdsledkov odstr\u00e1\u0148te vzorku ihne\u010f po pretrepan\u00ed, a<img alt=\"\" \/><\/p>\n<p>5. Dr\u017ete sk\u00fa\u0161obn\u00e9 zariadenie vodorovne a opatrne aplikujte dve kvapky na vzorov\u00fd otvor zariadenia.<\/p>\n<p>6. Udr\u017eujte zariadenie vodorovne, a\u017e k\u00fdm nie je absorbovan\u00fd extrakt (cca 30 sek\u00fand) a v okienku sa nezobraz\u00ed modr\u00e9 farbivo.<\/p>\n<p>7.Po\u010dkajte, k\u00fdm sa nezobraz\u00ed kontroln\u00fd riadok (ozna\u010den\u00fd ako C) a pre\u010d\u00edtajte v\u00fdsledok (cca 1-3 min\u00faty)<\/p>\n<p><strong>Obsah s\u00fapravy<\/strong><\/p>\n<p>M\u00f4\u017eu sa pou\u017ei\u0165 cel\u00e9 alebo \u010das\u0165 vzoriek, ale odpor\u00fa\u010da sa pou\u017ei\u0165 cel\u00fa infikovan\u00fa larvu na dosiahnutie najlep\u0161\u00edch v\u00fdsledkov. S\u00faprava pracuje podobne ako \u0161tandardn\u00e9 laborat\u00f3rne testy AFB.<\/p>\n<h2><strong>\u010c\u00edtanie v\u00fdsledkov \u00a0 \u00a0 \u00a0 \u00a0 \u00a0 \u00a0 \u00a0 \u00a0 \u00a0 \u00a0 \u00a0 \u00a0 \u00a0 \u00a0 \u00a0 \u00a0 \u00a0 \u00a0 \u00a0 \u00a0 \u00a0 \u00a0 \u00a0 \u00a0 \u00a0 \u00a0 \u00a0 \u00a0 \u00a0 \u00a0 \u00a0 \u00a0 \u00a0 \u00a0 \u00a0 \u00a0 \u00a0 \u00a0 \u00a0 \u00a0 \u00a0 \u00a0<\/strong><\/h2>\n<p><strong><u><em>Pozit\u00edvny v\u00fdsledok<\/em><\/u><em>\u00a0\u00a0 \u00a0\u00a0 \u00a0<\/em><\/strong><strong>\u00a0 \u00a0\u00a0 \u00a0\u00a0 \u00a0\u00a0 \u00a0\u00a0 \u00a0\u00a0 \u00a0 \u00a0<\/strong><\/p>\n<p>(dva riadky sa objavuj\u00fa \u2013 test aj kontrola, pozri ni\u017e\u0161ie) nazna\u010duje, \u017ee cie\u013eov\u00fd patog\u00e9n je pr\u00edtomn\u00fd v testovacej vzorke, to znamen\u00e1, \u017ee vzorkovan\u00e1 bunka obsahuje infekciu americkou hnilobou.<\/p>\n<p><u><strong><em>Negat\u00edvny v\u00fdsledok<\/em><\/strong><\/u><\/p>\n<p>(zobraz\u00ed sa iba kontroln\u00e1 \u010diara, bez sk\u00fa\u0161obnej \u010diary) indikuje, \u017ee v testovanej vzorke nebol detekovan\u00fd patog\u00e9n EFB.<\/p>\n<p><strong><img alt=\"\" \/>\u010co je spr\u00e1vne ?\u00a0 \u00a0<\/strong><\/p>\n<p>Dve modr\u00e9 \u010diary (C &amp; T) ozna\u010duj\u00fa pozit\u00edvny v\u00fdsledok, test OK.<\/p>\n<p>Jedna modr\u00e1 \u010diara (len C) ozna\u010duje negat\u00edvny v\u00fdsledok, test OK.<\/p>\n<p>Slab\u00e1 modr\u00e1 \u010diara T, siln\u00e1 \u010diara C ozna\u010duje mo\u017en\u00fd pozit\u00edvny v\u00fdsledok, test OK.<\/p>\n<p>Jedna modr\u00e1 \u010diara (iba T) ozna\u010duje, \u017ee test zlyhal.<\/p>\n<p>\u017diadne vydite\u013en\u00e9 riadky, test zlyhal.<\/p>\n<p>Hned\u00e9 \u010diary C alebo T ozna\u010duj\u00fa, \u017ee test zlyhal.<\/p>\n<p>Ak test zlyhal, odpor\u00fa\u010dame vykona\u0165 \u010fal\u0161\u00ed test s pou\u017eit\u00edm novej vzorky z rovnak\u00e9ho \u00fa\u013ea s\u00a0nov\u00fdm testovac\u00edm zariaden\u00edm.<\/p>\n<p><strong>Pozn\u00e1mka:<\/strong>\u00a0Tak ako pri v\u0161etk\u00fdch diagnostick\u00fdch testoch, negat\u00edvna reakcia nemus\u00ed nutne znamena\u0165, \u017ee cie\u013eov\u00fd patog\u00e9n ch\u00fdba. Slab\u00e1 alebo ch\u00fdbaj\u00faca \u010diara m\u00f4\u017ee nazna\u010dova\u0165 n\u00edzku koncentr\u00e1ciu patog\u00e9nu alebo ned\u00e1vnej infekcie. Ak m\u00e1te pochybnosti, zopakujte s nov\u00fdm zariaden\u00edm pomocou \u010derstvej vzorky alebo opakujte v priebehu nieko\u013ek\u00fdch dn\u00ed.<\/p>\n<p><strong>Skladovanie a\u00a0manipul\u00e1cia<\/strong><\/p>\n<p>\u2013\u00a0 \u00a0S\u00fapravy je mo\u017en\u00e9 pou\u017ei\u0165 iba raz \u2013 s\u00fa jednorazov\u00e9.<\/p>\n<p>\u2013\u00a0 \u00a0F\u00f3liov\u00e9 balenie mus\u00ed by\u0165 uchovan\u00e9 neotvoren\u00e9 a skladovan\u00e9 pri izbovej teplote (cca 18-25\u00b0C).<\/p>\n<p>\u2013\u00a0 \u00a0Pr\u00edstroje musia by\u0165 st\u00e1le v suchu.<\/p>\n<p>\u2013\u00a0 \u00a0Po otvoren\u00ed f\u00f3liov\u00e9ho balenia nie je zaru\u010den\u00e1 skladovate\u013enos\u0165 zariadenia, preto by sa mala po otvoren\u00ed pou\u017ei\u0165 \u010do najsk\u00f4r.<\/p>\n<p>\u2013\u00a0 \u00a0Okienka testovacieho zariadenia by sa nemalo dot\u00fdka\u0165.<\/p>\n<p>\u2013\u00a0 \u00a0Pred pou\u017eit\u00edm diagnostick\u00fdch setov si pre\u010d\u00edtajte v\u0161etky pokyny.<\/p>\n<p><strong>UPOZORNENIE:<\/strong>\u00a0T\u00e1to s\u00faprava obsahuje kyselinu sodn\u00fa v extrak\u010dnom pufri, ktor\u00fd je toxick\u00fd. Starostlivo manipulujte a vyh\u00fdbajte sa po\u017eitiu a kontaktu s poko\u017ekou. Kyselina sodn\u00e1 m\u00f4\u017ee tvori\u0165 vo vodiv\u00fdch syst\u00e9moch v\u00fdbu\u0161n\u00e9 kyseliny medi alebo olova. Materi\u00e1l obsahuj\u00faci kyselinu v\u017edy zlikvidujte ve\u013ek\u00fdm preplachovan\u00edm vodou.<\/p>\n<p><strong>Rie\u0161enie probl\u00e9mov\u00a0 \u00a0\u00a0 \u00a0\u00a0 \u00a0\u00a0 \u00a0\u00a0 \u00a0\u00a0 \u00a0\u00a0 \u00a0\u00a0 \u00a0\u00a0 \u00a0\u00a0 \u00a0\u00a0 \u00a0\u00a0 \u00a0\u00a0 \u00a0\u00a0 \u00a0\u00a0 \u00a0\u00a0 \u00a0\u00a0 \u00a0\u00a0 \u00a0\u00a0 \u00a0\u00a0 \u00a0\u00a0 \u00a0\u00a0 \u00a0\u00a0 \u00a0\u00a0 \u00a0\u00a0 \u00a0\u00a0 \u00a0\u00a0 \u00a0\u00a0 \u00a0\u00a0 \u00a0\u00a0 \u00a0\u00a0 \u00a0\u00a0 \u00a0\u00a0 \u00a0\u00a0 \u00a0\u00a0 \u00a0\u00a0 \u00a0\u00a0 \u00a0\u00a0 \u00a0\u00a0 \u00a0\u00a0 \u00a0\u00a0 \u00a0\u00a0 \u00a0\u00a0 \u00a0\u00a0 \u00a0\u00a0 \u00a0\u00a0 \u00a0\u00a0 \u00a0\u00a0 \u00a0\u00a0 \u00a0\u00a0 \u00a0\u00a0 \u00a0\u00a0 \u00a0\u00a0 \u00a0 \u00a0\u00a0 \u00a0\u00a0 \u00a0\u00a0 \u00a0\u00a0 \u00a0\u00a0 \u00a0<\/strong><\/p>\n<p><strong>\u00a0 \u00a0 \u00a0 \u00a0<\/strong>Pr\u00ed\u010dina \/ N\u00e1prava<\/p>\n<p>Vzorka nie je zmie\u0161an\u00e1. Neefekt\u00edvna extrakcia kv\u00f4li pr\u00edli\u0161 ve\u013ekej alebo pr\u00edli\u0161 malej vzorke. Vysk\u00fa\u0161ajte \u010derstv\u00fa vzorku alebo je potrebn\u00e9 silnej\u0161ie pretrepa\u0165 vzorku.<\/p>\n<p>\u017diadny modr\u00fd tok farby. Pridajte \u010fal\u0161iu kvapku, k\u00fdm nedosiahnete tok.<\/p>\n<p>\u017diadna kontroln\u00e1 \u010diara nie je vidite\u013en\u00e1. Pridanej\u00a0pr\u00edli\u0161 ve\u013ea vzorky; test zaplaven\u00fd. Opakujte s nov\u00fdm zariaden\u00edm a pridajte iba dve alebo tri kvapky.<\/p>\n<p>Prietokov\u00e9 komponenty vystaven\u00e9 vlhkosti. Opakujte s nov\u00fdm zariaden\u00edm.<\/p>\n<p>Hned\u00e9 \u010diary (nie modr\u00e9). Hned\u00e9 \u010diary sa vytv\u00e1raj\u00fa z koncentrovanej vzorky a nie z rozpozn\u00e1vania \u0161pecifick\u00fdch patog\u00e9nov. Opakujte s novou, men\u0161ou vzorkou.<\/p>\n<\/div>\n<\/div>\n","protected":false},"excerpt":{"rendered":"<p>Testovacia s\u00faprava (EFB) Europsk\u00e1 hniloba v\u010delieho plodu Diagnostick\u00e1 testovacia s\u00faprava (EFB) Eur\u00f3pska\u00a0hniloba v\u010delieho plodu, umo\u017e\u0148uje v\u010del\u00e1rom a v\u010del\u00e1rskym in\u0161pektorom testova\u0165 EFB v larv\u00e1ch v\u010diel medonosn\u00fdch a z\u00edska\u0165 v\u00fdsledky okam\u017eite a \u013eahko priamo vo\u00a0 v\u010delnici. \u00a0 \u00a0 \u00a0 \u00a0 \u00a0 \u00a0 \u00a0 \u00a0 \u00a0 \u00a0 \u00a0 \u00a0 \u00a0 \u00a0 \u00a0 \u00a0 \u00a0 \u00a0 \u00a0 \u00a0 \u00a0\u00a0 <a href=\"https:\/\/www.nedozery.sk\/vcelarstvo\/produkt\/testovacia-suprava-efb-europska-hniloba-vcelieho-plodu\/\" class=\"read-more inline\">\u010c\u00edtaj \u010falej<\/a><\/p>\n","protected":false},"featured_media":4886,"comment_status":"open","ping_status":"closed","template":"","meta":[],"product_brand":[],"product_cat":[84],"product_tag":[],"class_list":{"0":"post-4884","1":"product","2":"type-product","3":"status-publish","4":"has-post-thumbnail","6":"product_cat-testy","8":"first","9":"outofstock","10":"taxable","11":"shipping-taxable","12":"purchasable","13":"product-type-simple"},"jetpack_sharing_enabled":true,"_links":{"self":[{"href":"https:\/\/www.nedozery.sk\/vcelarstvo\/wp-json\/wp\/v2\/product\/4884","targetHints":{"allow":["GET"]}}],"collection":[{"href":"https:\/\/www.nedozery.sk\/vcelarstvo\/wp-json\/wp\/v2\/product"}],"about":[{"href":"https:\/\/www.nedozery.sk\/vcelarstvo\/wp-json\/wp\/v2\/types\/product"}],"replies":[{"embeddable":true,"href":"https:\/\/www.nedozery.sk\/vcelarstvo\/wp-json\/wp\/v2\/comments?post=4884"}],"version-history":[{"count":0,"href":"https:\/\/www.nedozery.sk\/vcelarstvo\/wp-json\/wp\/v2\/product\/4884\/revisions"}],"wp:featuredmedia":[{"embeddable":true,"href":"https:\/\/www.nedozery.sk\/vcelarstvo\/wp-json\/wp\/v2\/media\/4886"}],"wp:attachment":[{"href":"https:\/\/www.nedozery.sk\/vcelarstvo\/wp-json\/wp\/v2\/media?parent=4884"}],"wp:term":[{"taxonomy":"product_brand","embeddable":true,"href":"https:\/\/www.nedozery.sk\/vcelarstvo\/wp-json\/wp\/v2\/product_brand?post=4884"},{"taxonomy":"product_cat","embeddable":true,"href":"https:\/\/www.nedozery.sk\/vcelarstvo\/wp-json\/wp\/v2\/product_cat?post=4884"},{"taxonomy":"product_tag","embeddable":true,"href":"https:\/\/www.nedozery.sk\/vcelarstvo\/wp-json\/wp\/v2\/product_tag?post=4884"}],"curies":[{"name":"wp","href":"https:\/\/api.w.org\/{rel}","templated":true}]}}