{"id":4897,"date":"2024-09-02T20:13:59","date_gmt":"2024-09-02T18:13:59","guid":{"rendered":"https:\/\/www.nedozery.sk\/vcelarstvo\/?post_type=product&#038;p=4897"},"modified":"2025-10-07T11:09:59","modified_gmt":"2025-10-07T09:09:59","slug":"jeden-rok-v-zivote-vcely-slovensky","status":"publish","type":"product","link":"https:\/\/www.nedozery.sk\/vcelarstvo\/produkt\/jeden-rok-v-zivote-vcely-slovensky\/","title":{"rendered":"Jeden rok v \u017eivot\u011b v\u010dely (slovensky)"},"content":{"rendered":"<h2>Jeden rok v \u017eivot\u011b v\u010dely (slovensky)<\/h2>\n<div class=\"in-pane\">\n<div class=\"long-description\">\n<p>Nazri s nami do v\u010delieho \u00fa\u013ea! Budeme pozorova\u0165 usilovn\u00e9 v\u010dielky zbl\u00edzka a zist\u00edme, \u010do v\u0161etko sa v \u00fali deje. Ka\u017ed\u00e1 jedna v\u010dielka m\u00e1 toti\u017e svoju d\u00f4le\u017eit\u00fa \u00falohu: od v\u00fdchovy nov\u00e1\u010dikov cez stavbu pl\u00e1stov a\u017e po zber nekt\u00e1ru a pe\u013eu. Okrem toho sa dozvieme aj to, ako sa v\u010del\u00e1ri staraj\u00fa o svoje v\u010delstv\u00e1, aby sa im dobre darilo a boli zdrav\u00e9.<\/p>\n<p>Vydaj sa na dobrodru\u017en\u00fa v\u00fdpravu!<br \/>\n<b>V\u010delie spolo\u010denstvo v priebehu cel\u00e9ho roka:<\/b><\/p>\n<ul>\n<li>\u010co robia v\u010dely v zime?<\/li>\n<li>Existuje nie\u010do ako v\u010delia re\u010d?<\/li>\n<li>Ako v\u010dely vyr\u00e1baj\u00fa lahodn\u00fd med?<\/li>\n<li>A ako sa v\u00f4bec v\u010dela stane kr\u00e1\u013eovnou?<\/li>\n<\/ul>\n<\/div>\n<\/div>\n","protected":false},"excerpt":{"rendered":"<p>Jeden rok v \u017eivot\u011b v\u010dely (slovensky) Nazri s nami do v\u010delieho \u00fa\u013ea! Budeme pozorova\u0165 usilovn\u00e9 v\u010dielky zbl\u00edzka a zist\u00edme, \u010do v\u0161etko sa v \u00fali deje. Ka\u017ed\u00e1 jedna v\u010dielka m\u00e1 toti\u017e svoju d\u00f4le\u017eit\u00fa \u00falohu: od v\u00fdchovy nov\u00e1\u010dikov cez stavbu pl\u00e1stov a\u017e po zber nekt\u00e1ru a pe\u013eu. Okrem toho sa dozvieme aj to, ako sa v\u010del\u00e1ri staraj\u00fa <a href=\"https:\/\/www.nedozery.sk\/vcelarstvo\/produkt\/jeden-rok-v-zivote-vcely-slovensky\/\" class=\"read-more inline\">\u010c\u00edtaj \u010falej<\/a><\/p>\n","protected":false},"featured_media":4898,"comment_status":"open","ping_status":"closed","template":"","meta":[],"product_brand":[],"product_cat":[68],"product_tag":[],"class_list":{"0":"post-4897","1":"product","2":"type-product","3":"status-publish","4":"has-post-thumbnail","6":"product_cat-literatura","8":"first","9":"instock","10":"taxable","11":"shipping-taxable","12":"purchasable","13":"product-type-simple"},"jetpack_sharing_enabled":true,"_links":{"self":[{"href":"https:\/\/www.nedozery.sk\/vcelarstvo\/wp-json\/wp\/v2\/product\/4897","targetHints":{"allow":["GET"]}}],"collection":[{"href":"https:\/\/www.nedozery.sk\/vcelarstvo\/wp-json\/wp\/v2\/product"}],"about":[{"href":"https:\/\/www.nedozery.sk\/vcelarstvo\/wp-json\/wp\/v2\/types\/product"}],"replies":[{"embeddable":true,"href":"https:\/\/www.nedozery.sk\/vcelarstvo\/wp-json\/wp\/v2\/comments?post=4897"}],"version-history":[{"count":0,"href":"https:\/\/www.nedozery.sk\/vcelarstvo\/wp-json\/wp\/v2\/product\/4897\/revisions"}],"wp:featuredmedia":[{"embeddable":true,"href":"https:\/\/www.nedozery.sk\/vcelarstvo\/wp-json\/wp\/v2\/media\/4898"}],"wp:attachment":[{"href":"https:\/\/www.nedozery.sk\/vcelarstvo\/wp-json\/wp\/v2\/media?parent=4897"}],"wp:term":[{"taxonomy":"product_brand","embeddable":true,"href":"https:\/\/www.nedozery.sk\/vcelarstvo\/wp-json\/wp\/v2\/product_brand?post=4897"},{"taxonomy":"product_cat","embeddable":true,"href":"https:\/\/www.nedozery.sk\/vcelarstvo\/wp-json\/wp\/v2\/product_cat?post=4897"},{"taxonomy":"product_tag","embeddable":true,"href":"https:\/\/www.nedozery.sk\/vcelarstvo\/wp-json\/wp\/v2\/product_tag?post=4897"}],"curies":[{"name":"wp","href":"https:\/\/api.w.org\/{rel}","templated":true}]}}