{"id":5539,"date":"2025-02-11T22:12:22","date_gmt":"2025-02-11T21:12:22","guid":{"rendered":"https:\/\/www.nedozery.sk\/vcelarstvo\/?post_type=product&#038;p=5539"},"modified":"2026-02-06T11:40:41","modified_gmt":"2026-02-06T10:40:41","slug":"promotor-l47-1000ml-1ks","status":"publish","type":"product","link":"https:\/\/www.nedozery.sk\/vcelarstvo\/produkt\/promotor-l47-1000ml-1ks\/","title":{"rendered":"Promotor L47 ,1000ml &#8211; 1ks"},"content":{"rendered":"<div class=\"mpof_ki myre_zn myre_8v_l m389_6m_l\">\n<div class=\"mp4t_16_s mryx_16_s mr3m_1 mli2_1 mh85_56 mh85_0_l\">\n<div class=\"mgn2_16 _0d3bd_am0a-\">\n<h1><span style=\"font-size: 15px; color: #58585a;\">Promotor L47 je doplnkov\u00e1 k\u0155mna zmes pre zvierat\u00e1. Pr\u00edpravok sa mus\u00ed pou\u017e\u00edva\u0165:<\/span><\/h1>\n<\/div>\n<\/div>\n<\/div>\n<div class=\"mpof_ki myre_zn myre_8v_l m389_6m_l\">\n<div class=\"mp4t_16_s mryx_16_s mr3m_1 mli2_1 mh85_56 mh85_0_l\">\n<div class=\"mgn2_16 _0d3bd_am0a-\">\n<p>po\u010das obdobia nedostato\u010dnej, nevyv\u00e1\u017eenej v\u00fd\u017eivy pri oslaben\u00ed rekonvalescencie v intenz\u00edvnych reproduk\u010dn\u00fdch cykloch po\u010das gravidity a lakt\u00e1cie s cie\u013eom zv\u00fd\u0161i\u0165 mieru vyu\u017eitia krmiva.<\/p>\n<p>Zlo\u017eenie Promot\u00e9r L47: Hydrolyz\u00e1t kvasiniek pestovan\u00fdch na rastlinnom substr\u00e1te* 470 ml, dextr\u00f3za 0,1 g.<\/p>\n<p>*hydrolyz\u00e1t kvasiniek pestovan\u00fdch na rastlinnom substr\u00e1te poskytuje na 1 liter produktu: aminokyseliny: alan\u00edn 7,4g; argin\u00edn 8,6 g; kyselina aspar\u00e1gov\u00e1 10 g; fenylalan\u00edn 5,8 g; cyste\u00edn 4,6 g; kyselina glut\u00e1mov\u00e1 17,8 g; glyc\u00edn 10,3 g; histid\u00edn 1,5 g; izoleuc\u00edn 5,6 g; leuc\u00edn 8,7 g; lyz\u00edn 7,6 g; metion\u00edn 1,8 g; prol\u00edn 11,8 g; ser\u00edn 12 g; treon\u00edn 6,2 g; tyroz\u00edn 3,1 g; val\u00edn 9,3 g<\/p>\n<p>Doplnkov\u00e9 l\u00e1tky v 1000 ml: nikot\u00ednamid (nikot\u00ednamid) (3a315) 16,25 g, kyselina pantot\u00e9nov\u00e1 (D-pantotenol) (3a842) 7,5 g, vitam\u00edn B1 (tiam\u00edn hydrochlorid) 1,75 g, vitam\u00edn B2 (sodn\u00e1 so\u013e 5&#8217;\u2013 riboflav\u00edn fosf\u00e1t) 2 g Vitam\u00edn B6 (pyridox\u00edn hydrochlorid) (3a831) 1,125 g, Biot\u00edn (D-biot\u00edn) 0,001 g, Aminokyseliny, ich soli a podobn\u00e9 produkty: DL-metion\u00edn, technicky \u010dist\u00fd (3c301) 1,8 g, Lyz\u00edn (3c323) 7,6 g.<\/p>\n<p>Pou\u017eitie Promot\u00e9r L47: Pr\u00edpravok na pou\u017eitie po rozpusten\u00ed v pitnej vode.<\/p>\n<p>U hydiny po\u010das preperovania, aby sa zv\u00fd\u0161ila zn\u00e1\u0161ka, n\u00e1sadovos\u0165 a biologick\u00e1 hodnota kur\u010diat. U kr\u00e1likov v \u010dase p\u013aznutia.<\/p>\n<p>U v\u010diel pou\u017e\u00edvajte v obdob\u00ed nedostatku pe\u013eu alebo peria (napr. na jar), medzi medobraniami, v obdob\u00ed delenia v\u010delstiev a pr\u00edpravy na zimovanie.<\/p>\n<p>Sp\u00f4sob podania:<\/p>\n<p>Te\u013eat\u00e1, jah\u0148at\u00e1, koz\u013eat\u00e1, prasiatka a \u017erieb\u00e4t\u00e1: 2 ml na 10 kg maternice denne po\u010das 5 dn\u00ed.<\/p>\n<p>Hydina: 1 ml na 1 liter vody denne po\u010das 5 dn\u00ed.<\/p>\n<p>Kr\u00e1liky: 2 ml na 1 liter vody denne po\u010das 7 dn\u00ed.<\/p>\n<p>Voda s pr\u00edpravkom by sa mala vymie\u0148a\u0165 ka\u017ed\u00fd de\u0148.<\/p>\n<p><strong>V\u010dely: Ako pr\u00edsada do cukrov\u00e9ho sirupu v mno\u017estve 5-10 ml pr\u00edpravku \/ 1 liter sirupu.<\/strong><\/p>\n<p>Skladujte v uzavretej n\u00e1dobe pri izbovej teplote.<\/p>\n<p>U hydiny po\u010das preperovania, aby sa zv\u00fd\u0161ila zn\u00e1\u0161ka, n\u00e1sadovos\u0165 a biologick\u00e1 hodnota kur\u010diat. U kr\u00e1likov v \u010dase p\u013aznutia.<\/p>\n<p>U v\u010diel pou\u017e\u00edvajte v obdob\u00ed nedostatku pe\u013eu alebo peria (napr. na jar), medzi medobraniami, v obdob\u00ed delenia v\u010delstiev a pr\u00edpravy na zimovanie.<\/p>\n<p>Sp\u00f4sob podania:<\/p>\n<p>Prasiatka, koz\u013eat\u00e1, prasiatka a \u017erieb\u00e4t\u00e1: 2 ml na 10 kg telesnej hmotnosti denne po\u010das 5 dn\u00ed.<\/p>\n<p>Hydina: 1 ml na 1 liter vody denne po\u010das 5 dn\u00ed.<\/p>\n<p>Kr\u00e1liky: 2 ml na 1 liter vody denne po\u010das 7 dn\u00ed.<\/p>\n<p>Voda s pr\u00edpravkom by sa mala vymie\u0148a\u0165 ka\u017ed\u00fd de\u0148.<\/p>\n<p><strong>V\u010dely: Ako pr\u00edsada do cukrov\u00e9ho sirupu v mno\u017estve 5-10 ml pr\u00edpravku \/ 1 liter sirupu.<\/strong><\/p>\n<\/div>\n<\/div>\n<\/div>\n","protected":false},"excerpt":{"rendered":"<p>Promotor L47 je doplnkov\u00e1 k\u0155mna zmes pre zvierat\u00e1. Pr\u00edpravok sa mus\u00ed pou\u017e\u00edva\u0165: po\u010das obdobia nedostato\u010dnej, nevyv\u00e1\u017eenej v\u00fd\u017eivy pri oslaben\u00ed rekonvalescencie v intenz\u00edvnych reproduk\u010dn\u00fdch cykloch po\u010das gravidity a lakt\u00e1cie s cie\u013eom zv\u00fd\u0161i\u0165 mieru vyu\u017eitia krmiva. Zlo\u017eenie Promot\u00e9r L47: Hydrolyz\u00e1t kvasiniek pestovan\u00fdch na rastlinnom substr\u00e1te* 470 ml, dextr\u00f3za 0,1 g. *hydrolyz\u00e1t kvasiniek pestovan\u00fdch na rastlinnom substr\u00e1te poskytuje <a href=\"https:\/\/www.nedozery.sk\/vcelarstvo\/produkt\/promotor-l47-1000ml-1ks\/\" class=\"read-more inline\">\u010c\u00edtaj \u010falej<\/a><\/p>\n","protected":false},"featured_media":5540,"comment_status":"open","ping_status":"closed","template":"","meta":[],"product_brand":[],"product_cat":[20,74],"product_tag":[],"class_list":{"0":"post-5539","1":"product","2":"type-product","3":"status-publish","4":"has-post-thumbnail","6":"product_cat-lieciva","7":"product_cat-vyziva","9":"first","10":"instock","11":"taxable","12":"shipping-taxable","13":"purchasable","14":"product-type-simple"},"jetpack_sharing_enabled":true,"_links":{"self":[{"href":"https:\/\/www.nedozery.sk\/vcelarstvo\/wp-json\/wp\/v2\/product\/5539","targetHints":{"allow":["GET"]}}],"collection":[{"href":"https:\/\/www.nedozery.sk\/vcelarstvo\/wp-json\/wp\/v2\/product"}],"about":[{"href":"https:\/\/www.nedozery.sk\/vcelarstvo\/wp-json\/wp\/v2\/types\/product"}],"replies":[{"embeddable":true,"href":"https:\/\/www.nedozery.sk\/vcelarstvo\/wp-json\/wp\/v2\/comments?post=5539"}],"version-history":[{"count":0,"href":"https:\/\/www.nedozery.sk\/vcelarstvo\/wp-json\/wp\/v2\/product\/5539\/revisions"}],"wp:featuredmedia":[{"embeddable":true,"href":"https:\/\/www.nedozery.sk\/vcelarstvo\/wp-json\/wp\/v2\/media\/5540"}],"wp:attachment":[{"href":"https:\/\/www.nedozery.sk\/vcelarstvo\/wp-json\/wp\/v2\/media?parent=5539"}],"wp:term":[{"taxonomy":"product_brand","embeddable":true,"href":"https:\/\/www.nedozery.sk\/vcelarstvo\/wp-json\/wp\/v2\/product_brand?post=5539"},{"taxonomy":"product_cat","embeddable":true,"href":"https:\/\/www.nedozery.sk\/vcelarstvo\/wp-json\/wp\/v2\/product_cat?post=5539"},{"taxonomy":"product_tag","embeddable":true,"href":"https:\/\/www.nedozery.sk\/vcelarstvo\/wp-json\/wp\/v2\/product_tag?post=5539"}],"curies":[{"name":"wp","href":"https:\/\/api.w.org\/{rel}","templated":true}]}}