{"id":587,"date":"2021-11-03T19:03:45","date_gmt":"2021-11-03T18:03:45","guid":{"rendered":"https:\/\/www.nedozery.sk\/vcelarstvo\/?post_type=product&#038;p=587"},"modified":"2025-03-23T22:24:17","modified_gmt":"2025-03-23T21:24:17","slug":"uteplivka-500x500mm","status":"publish","type":"product","link":"https:\/\/www.nedozery.sk\/vcelarstvo\/produkt\/uteplivka-500x500mm\/","title":{"rendered":"Uteplivka 500x500mm"},"content":{"rendered":"<h2>Uteplivka 500x500mm<\/h2>\n<div class=\"in-pane\">\n<div class=\"long-description\">\n<p><strong>Uteplivka<\/strong>\u00a0sa pou\u017e\u00edva k zateplovaniu v\u010del\u00edch \u00fa\u013eov po\u010das zimy. Hr\u00fabka materi\u00e1lu uteplivky je 2,5 cm. Text\u00edlia je vyroben\u00e1 bez pou\u017eitia chemick\u00fdch \u00faprav. V\u00fdrobok je zdravotne nez\u00e1vadn\u00fd a recyklovate\u013en\u00fd.<\/p>\n<p>Materi\u00e1l: 100% polyester<\/p>\n<\/div>\n<\/div>\n","protected":false},"excerpt":{"rendered":"<p>Uteplivka 500x500mm Uteplivka\u00a0sa pou\u017e\u00edva k zateplovaniu v\u010del\u00edch \u00fa\u013eov po\u010das zimy. Hr\u00fabka materi\u00e1lu uteplivky je 2,5 cm. Text\u00edlia je vyroben\u00e1 bez pou\u017eitia chemick\u00fdch \u00faprav. V\u00fdrobok je zdravotne nez\u00e1vadn\u00fd a recyklovate\u013en\u00fd. Materi\u00e1l: 100% polyester<\/p>\n","protected":false},"featured_media":588,"comment_status":"open","ping_status":"closed","template":"","meta":[],"product_brand":[],"product_cat":[16,93],"product_tag":[],"class_list":{"0":"post-587","1":"product","2":"type-product","3":"status-publish","4":"has-post-thumbnail","6":"product_cat-ule","7":"product_cat-uteplivky","9":"first","10":"outofstock","11":"taxable","12":"shipping-taxable","13":"purchasable","14":"product-type-simple"},"jetpack_sharing_enabled":true,"_links":{"self":[{"href":"https:\/\/www.nedozery.sk\/vcelarstvo\/wp-json\/wp\/v2\/product\/587","targetHints":{"allow":["GET"]}}],"collection":[{"href":"https:\/\/www.nedozery.sk\/vcelarstvo\/wp-json\/wp\/v2\/product"}],"about":[{"href":"https:\/\/www.nedozery.sk\/vcelarstvo\/wp-json\/wp\/v2\/types\/product"}],"replies":[{"embeddable":true,"href":"https:\/\/www.nedozery.sk\/vcelarstvo\/wp-json\/wp\/v2\/comments?post=587"}],"version-history":[{"count":0,"href":"https:\/\/www.nedozery.sk\/vcelarstvo\/wp-json\/wp\/v2\/product\/587\/revisions"}],"wp:featuredmedia":[{"embeddable":true,"href":"https:\/\/www.nedozery.sk\/vcelarstvo\/wp-json\/wp\/v2\/media\/588"}],"wp:attachment":[{"href":"https:\/\/www.nedozery.sk\/vcelarstvo\/wp-json\/wp\/v2\/media?parent=587"}],"wp:term":[{"taxonomy":"product_brand","embeddable":true,"href":"https:\/\/www.nedozery.sk\/vcelarstvo\/wp-json\/wp\/v2\/product_brand?post=587"},{"taxonomy":"product_cat","embeddable":true,"href":"https:\/\/www.nedozery.sk\/vcelarstvo\/wp-json\/wp\/v2\/product_cat?post=587"},{"taxonomy":"product_tag","embeddable":true,"href":"https:\/\/www.nedozery.sk\/vcelarstvo\/wp-json\/wp\/v2\/product_tag?post=587"}],"curies":[{"name":"wp","href":"https:\/\/api.w.org\/{rel}","templated":true}]}}