{"id":589,"date":"2021-11-03T19:06:35","date_gmt":"2021-11-03T18:06:35","guid":{"rendered":"https:\/\/www.nedozery.sk\/vcelarstvo\/?post_type=product&#038;p=589"},"modified":"2026-03-18T17:58:24","modified_gmt":"2026-03-18T16:58:24","slug":"uteplivka-420x490mm","status":"publish","type":"product","link":"https:\/\/www.nedozery.sk\/vcelarstvo\/produkt\/uteplivka-420x490mm\/","title":{"rendered":"Uteplivka 420x490mm"},"content":{"rendered":"<h2>Uteplivka 420x490mm<\/h2>\n<div class=\"in-pane\">\n<div class=\"long-description\">\n<p><strong>Uteplivka<\/strong>\u00a0sa pou\u017e\u00edva k zateplovaniu v\u010del\u00edch \u00fa\u013eov po\u010das zimy. Hr\u00fabka materi\u00e1lu uteplivky je 2,5 cm. Text\u00edlia je vyroben\u00e1 bez pou\u017eitia chemick\u00fdch \u00faprav. V\u00fdrobok je zdravotne nez\u00e1vadn\u00fd a recyklovate\u013en\u00fd.<\/p>\n<p>Materi\u00e1l: 100% polyester<\/p>\n<\/div>\n<\/div>\n","protected":false},"excerpt":{"rendered":"<p>Uteplivka 420x490mm Uteplivka\u00a0sa pou\u017e\u00edva k zateplovaniu v\u010del\u00edch \u00fa\u013eov po\u010das zimy. Hr\u00fabka materi\u00e1lu uteplivky je 2,5 cm. Text\u00edlia je vyroben\u00e1 bez pou\u017eitia chemick\u00fdch \u00faprav. V\u00fdrobok je zdravotne nez\u00e1vadn\u00fd a recyklovate\u013en\u00fd. Materi\u00e1l: 100% polyester<\/p>\n","protected":false},"featured_media":588,"comment_status":"open","ping_status":"closed","template":"","meta":[],"product_brand":[],"product_cat":[16,93],"product_tag":[],"class_list":{"0":"post-589","1":"product","2":"type-product","3":"status-publish","4":"has-post-thumbnail","6":"product_cat-ule","7":"product_cat-uteplivky","9":"first","10":"outofstock","11":"taxable","12":"shipping-taxable","13":"purchasable","14":"product-type-simple"},"jetpack_sharing_enabled":true,"_links":{"self":[{"href":"https:\/\/www.nedozery.sk\/vcelarstvo\/wp-json\/wp\/v2\/product\/589","targetHints":{"allow":["GET"]}}],"collection":[{"href":"https:\/\/www.nedozery.sk\/vcelarstvo\/wp-json\/wp\/v2\/product"}],"about":[{"href":"https:\/\/www.nedozery.sk\/vcelarstvo\/wp-json\/wp\/v2\/types\/product"}],"replies":[{"embeddable":true,"href":"https:\/\/www.nedozery.sk\/vcelarstvo\/wp-json\/wp\/v2\/comments?post=589"}],"version-history":[{"count":0,"href":"https:\/\/www.nedozery.sk\/vcelarstvo\/wp-json\/wp\/v2\/product\/589\/revisions"}],"wp:featuredmedia":[{"embeddable":true,"href":"https:\/\/www.nedozery.sk\/vcelarstvo\/wp-json\/wp\/v2\/media\/588"}],"wp:attachment":[{"href":"https:\/\/www.nedozery.sk\/vcelarstvo\/wp-json\/wp\/v2\/media?parent=589"}],"wp:term":[{"taxonomy":"product_brand","embeddable":true,"href":"https:\/\/www.nedozery.sk\/vcelarstvo\/wp-json\/wp\/v2\/product_brand?post=589"},{"taxonomy":"product_cat","embeddable":true,"href":"https:\/\/www.nedozery.sk\/vcelarstvo\/wp-json\/wp\/v2\/product_cat?post=589"},{"taxonomy":"product_tag","embeddable":true,"href":"https:\/\/www.nedozery.sk\/vcelarstvo\/wp-json\/wp\/v2\/product_tag?post=589"}],"curies":[{"name":"wp","href":"https:\/\/api.w.org\/{rel}","templated":true}]}}