{"id":5920,"date":"2025-04-29T10:20:01","date_gmt":"2025-04-29T08:20:01","guid":{"rendered":"https:\/\/www.nedozery.sk\/vcelarstvo\/?post_type=product&#038;p=5920"},"modified":"2026-02-08T18:17:13","modified_gmt":"2026-02-08T17:17:13","slug":"nerezove-pletivo-do-dna-ula-metraz-1m2","status":"publish","type":"product","link":"https:\/\/www.nedozery.sk\/vcelarstvo\/produkt\/nerezove-pletivo-do-dna-ula-metraz-1m2\/","title":{"rendered":"Nerezov\u00e9 pletivo do dna \u00fa\u013ea &#8211; metr\u00e1\u017e 1m2"},"content":{"rendered":"<p>Kvalitn\u00e9 nerezov\u00e9 304 \/1.4301\/ pletivo do dna \u00fa\u013ea<\/p>\n<p>Oko 3,15 x 3,15 hr\u00fabka dr\u00f4tu 0,8mm.<\/p>\n<p>\u0160\u00edrka rolky je 1m.<\/p>\n","protected":false},"excerpt":{"rendered":"<p>Kvalitn\u00e9 nerezov\u00e9 304 \/1.4301\/ pletivo do dna \u00fa\u013ea Oko 3,15 x 3,15 hr\u00fabka dr\u00f4tu 0,8mm. \u0160\u00edrka rolky je 1m.<\/p>\n","protected":false},"featured_media":5921,"comment_status":"open","ping_status":"closed","template":"","meta":[],"product_brand":[],"product_cat":[94,16],"product_tag":[],"class_list":{"0":"post-5920","1":"product","2":"type-product","3":"status-publish","4":"has-post-thumbnail","6":"product_cat-prislus","7":"product_cat-ule","9":"first","10":"outofstock","11":"taxable","12":"shipping-taxable","13":"purchasable","14":"product-type-simple"},"jetpack_sharing_enabled":true,"_links":{"self":[{"href":"https:\/\/www.nedozery.sk\/vcelarstvo\/wp-json\/wp\/v2\/product\/5920","targetHints":{"allow":["GET"]}}],"collection":[{"href":"https:\/\/www.nedozery.sk\/vcelarstvo\/wp-json\/wp\/v2\/product"}],"about":[{"href":"https:\/\/www.nedozery.sk\/vcelarstvo\/wp-json\/wp\/v2\/types\/product"}],"replies":[{"embeddable":true,"href":"https:\/\/www.nedozery.sk\/vcelarstvo\/wp-json\/wp\/v2\/comments?post=5920"}],"version-history":[{"count":0,"href":"https:\/\/www.nedozery.sk\/vcelarstvo\/wp-json\/wp\/v2\/product\/5920\/revisions"}],"wp:featuredmedia":[{"embeddable":true,"href":"https:\/\/www.nedozery.sk\/vcelarstvo\/wp-json\/wp\/v2\/media\/5921"}],"wp:attachment":[{"href":"https:\/\/www.nedozery.sk\/vcelarstvo\/wp-json\/wp\/v2\/media?parent=5920"}],"wp:term":[{"taxonomy":"product_brand","embeddable":true,"href":"https:\/\/www.nedozery.sk\/vcelarstvo\/wp-json\/wp\/v2\/product_brand?post=5920"},{"taxonomy":"product_cat","embeddable":true,"href":"https:\/\/www.nedozery.sk\/vcelarstvo\/wp-json\/wp\/v2\/product_cat?post=5920"},{"taxonomy":"product_tag","embeddable":true,"href":"https:\/\/www.nedozery.sk\/vcelarstvo\/wp-json\/wp\/v2\/product_tag?post=5920"}],"curies":[{"name":"wp","href":"https:\/\/api.w.org\/{rel}","templated":true}]}}