{"id":5998,"date":"2025-06-01T11:46:38","date_gmt":"2025-06-01T09:46:38","guid":{"rendered":"https:\/\/www.nedozery.sk\/vcelarstvo\/?post_type=product&#038;p=5998"},"modified":"2025-06-01T11:50:42","modified_gmt":"2025-06-01T09:50:42","slug":"stropna-folia-metraz-s-50-cm","status":"publish","type":"product","link":"https:\/\/www.nedozery.sk\/vcelarstvo\/produkt\/stropna-folia-metraz-s-50-cm\/","title":{"rendered":"Stropn\u00e1 f\u00f3lia metr\u00e1\u017e (\u0161: 50 cm)"},"content":{"rendered":"<h2>Na \u010do sl\u00fa\u017ei stropn\u00e1 f\u00f3lia do v\u010delieho \u00fa\u013ea?<\/h2>\n<p>Stropn\u00e1 f\u00f3lia sa vklad\u00e1 pod vrchn\u00e1k v\u010delieho \u00fa\u013ea.\u00a0Pevn\u00e1 stropn\u00e1 f\u00f3lia zo zdravotne nez\u00e1vadn\u00e9ho materi\u00e1lu vhodn\u00e9ho na kontakt s potravinami.<\/p>\n<h3>Upravi\u0165 na presn\u00fd rozmer \u00fa\u013ea sa d\u00e1 jednoducho zastrihnut\u00edm no\u017enicami.<\/h3>\n<p>Hr\u00fabka:\u00a0<strong>0,27 mm<\/strong>\u00a0(hr\u00fabka f\u00f3lie, ktor\u00fa v\u010dely neprehryzn\u00fa).<\/p>\n<p>Rozmer: \u0161\u00edrka<strong>\u00a050 cm<\/strong>, metr\u00e1\u017e<\/p>\n","protected":false},"excerpt":{"rendered":"<p>Na \u010do sl\u00fa\u017ei stropn\u00e1 f\u00f3lia do v\u010delieho \u00fa\u013ea? Stropn\u00e1 f\u00f3lia sa vklad\u00e1 pod vrchn\u00e1k v\u010delieho \u00fa\u013ea.\u00a0Pevn\u00e1 stropn\u00e1 f\u00f3lia zo zdravotne nez\u00e1vadn\u00e9ho materi\u00e1lu vhodn\u00e9ho na kontakt s potravinami. Upravi\u0165 na presn\u00fd rozmer \u00fa\u013ea sa d\u00e1 jednoducho zastrihnut\u00edm no\u017enicami. Hr\u00fabka:\u00a00,27 mm\u00a0(hr\u00fabka f\u00f3lie, ktor\u00fa v\u010dely neprehryzn\u00fa). Rozmer: \u0161\u00edrka\u00a050 cm, metr\u00e1\u017e<\/p>\n","protected":false},"featured_media":6000,"comment_status":"open","ping_status":"closed","template":"","meta":[],"product_brand":[],"product_cat":[94,16],"product_tag":[],"class_list":{"0":"post-5998","1":"product","2":"type-product","3":"status-publish","4":"has-post-thumbnail","6":"product_cat-prislus","7":"product_cat-ule","9":"first","10":"outofstock","11":"taxable","12":"shipping-taxable","13":"purchasable","14":"product-type-simple"},"jetpack_sharing_enabled":true,"_links":{"self":[{"href":"https:\/\/www.nedozery.sk\/vcelarstvo\/wp-json\/wp\/v2\/product\/5998","targetHints":{"allow":["GET"]}}],"collection":[{"href":"https:\/\/www.nedozery.sk\/vcelarstvo\/wp-json\/wp\/v2\/product"}],"about":[{"href":"https:\/\/www.nedozery.sk\/vcelarstvo\/wp-json\/wp\/v2\/types\/product"}],"replies":[{"embeddable":true,"href":"https:\/\/www.nedozery.sk\/vcelarstvo\/wp-json\/wp\/v2\/comments?post=5998"}],"version-history":[{"count":0,"href":"https:\/\/www.nedozery.sk\/vcelarstvo\/wp-json\/wp\/v2\/product\/5998\/revisions"}],"wp:featuredmedia":[{"embeddable":true,"href":"https:\/\/www.nedozery.sk\/vcelarstvo\/wp-json\/wp\/v2\/media\/6000"}],"wp:attachment":[{"href":"https:\/\/www.nedozery.sk\/vcelarstvo\/wp-json\/wp\/v2\/media?parent=5998"}],"wp:term":[{"taxonomy":"product_brand","embeddable":true,"href":"https:\/\/www.nedozery.sk\/vcelarstvo\/wp-json\/wp\/v2\/product_brand?post=5998"},{"taxonomy":"product_cat","embeddable":true,"href":"https:\/\/www.nedozery.sk\/vcelarstvo\/wp-json\/wp\/v2\/product_cat?post=5998"},{"taxonomy":"product_tag","embeddable":true,"href":"https:\/\/www.nedozery.sk\/vcelarstvo\/wp-json\/wp\/v2\/product_tag?post=5998"}],"curies":[{"name":"wp","href":"https:\/\/api.w.org\/{rel}","templated":true}]}}