{"id":621,"date":"2021-11-10T19:10:38","date_gmt":"2021-11-10T18:10:38","guid":{"rendered":"https:\/\/www.nedozery.sk\/vcelarstvo\/?post_type=product&#038;p=621"},"modified":"2023-10-27T14:31:25","modified_gmt":"2023-10-27T12:31:25","slug":"darcekovy-set-4","status":"publish","type":"product","link":"https:\/\/www.nedozery.sk\/vcelarstvo\/produkt\/darcekovy-set-4\/","title":{"rendered":"Dar\u010dekov\u00fd set 4"},"content":{"rendered":"<p>Dar\u010dekov\u00fd set pre v\u010del\u00e1ra.<\/p>\n<p>Balenie obsahuje: Nap\u00ednak dr\u00f4tu plastov\u00fd<br \/>\nOdv\u00ed\u010dkovacia vidli\u010dka<br \/>\nDr\u00f4t poc\u00ednovan\u00fd 0,4mm 250g<br \/>\nV\u010del\u00e1rske rukavice<br \/>\nOchrann\u00e1 sie\u0165ka na tv\u00e1r<\/p>\n<p>&nbsp;<\/p>\n<p>&nbsp;<\/p>\n","protected":false},"excerpt":{"rendered":"<p>Dar\u010dekov\u00fd set pre v\u010del\u00e1ra. Balenie obsahuje: Nap\u00ednak dr\u00f4tu plastov\u00fd Odv\u00ed\u010dkovacia vidli\u010dka Dr\u00f4t poc\u00ednovan\u00fd 0,4mm 250g V\u010del\u00e1rske rukavice Ochrann\u00e1 sie\u0165ka na tv\u00e1r &nbsp; &nbsp;<\/p>\n","protected":false},"featured_media":615,"comment_status":"open","ping_status":"closed","template":"","meta":[],"product_brand":[],"product_cat":[31],"product_tag":[],"class_list":{"0":"post-621","1":"product","2":"type-product","3":"status-publish","4":"has-post-thumbnail","6":"product_cat-darceky","8":"first","9":"outofstock","10":"taxable","11":"shipping-taxable","12":"purchasable","13":"product-type-simple"},"jetpack_sharing_enabled":true,"_links":{"self":[{"href":"https:\/\/www.nedozery.sk\/vcelarstvo\/wp-json\/wp\/v2\/product\/621","targetHints":{"allow":["GET"]}}],"collection":[{"href":"https:\/\/www.nedozery.sk\/vcelarstvo\/wp-json\/wp\/v2\/product"}],"about":[{"href":"https:\/\/www.nedozery.sk\/vcelarstvo\/wp-json\/wp\/v2\/types\/product"}],"replies":[{"embeddable":true,"href":"https:\/\/www.nedozery.sk\/vcelarstvo\/wp-json\/wp\/v2\/comments?post=621"}],"version-history":[{"count":0,"href":"https:\/\/www.nedozery.sk\/vcelarstvo\/wp-json\/wp\/v2\/product\/621\/revisions"}],"wp:featuredmedia":[{"embeddable":true,"href":"https:\/\/www.nedozery.sk\/vcelarstvo\/wp-json\/wp\/v2\/media\/615"}],"wp:attachment":[{"href":"https:\/\/www.nedozery.sk\/vcelarstvo\/wp-json\/wp\/v2\/media?parent=621"}],"wp:term":[{"taxonomy":"product_brand","embeddable":true,"href":"https:\/\/www.nedozery.sk\/vcelarstvo\/wp-json\/wp\/v2\/product_brand?post=621"},{"taxonomy":"product_cat","embeddable":true,"href":"https:\/\/www.nedozery.sk\/vcelarstvo\/wp-json\/wp\/v2\/product_cat?post=621"},{"taxonomy":"product_tag","embeddable":true,"href":"https:\/\/www.nedozery.sk\/vcelarstvo\/wp-json\/wp\/v2\/product_tag?post=621"}],"curies":[{"name":"wp","href":"https:\/\/api.w.org\/{rel}","templated":true}]}}