{"id":624,"date":"2021-11-10T19:26:06","date_gmt":"2021-11-10T18:26:06","guid":{"rendered":"https:\/\/www.nedozery.sk\/vcelarstvo\/?post_type=product&#038;p=624"},"modified":"2023-10-27T14:31:25","modified_gmt":"2023-10-27T12:31:25","slug":"darcekovy-set-c-3","status":"publish","type":"product","link":"https:\/\/www.nedozery.sk\/vcelarstvo\/produkt\/darcekovy-set-c-3\/","title":{"rendered":"Dar\u010dekov\u00fd set 3"},"content":{"rendered":"<p>Dar\u010dekov\u00fd set pre v\u010del\u00e1ra.<\/p>\n<p>Balenie obsahuje: V\u010del\u00e1rske rukavice<br \/>\nNap\u00ednak dr\u00f4tu kovov\u00fd<br \/>\nRozper\u00e1k nerezov\u00fd americk\u00fd<br \/>\nSie\u0165ka na vyt\u00e1panie vosku<\/p>\n","protected":false},"excerpt":{"rendered":"<p>Dar\u010dekov\u00fd set pre v\u010del\u00e1ra. Balenie obsahuje: V\u010del\u00e1rske rukavice Nap\u00ednak dr\u00f4tu kovov\u00fd Rozper\u00e1k nerezov\u00fd americk\u00fd Sie\u0165ka na vyt\u00e1panie vosku<\/p>\n","protected":false},"featured_media":604,"comment_status":"open","ping_status":"closed","template":"","meta":[],"product_brand":[],"product_cat":[31],"product_tag":[],"class_list":{"0":"post-624","1":"product","2":"type-product","3":"status-publish","4":"has-post-thumbnail","6":"product_cat-darceky","8":"first","9":"outofstock","10":"taxable","11":"shipping-taxable","12":"purchasable","13":"product-type-simple"},"jetpack_sharing_enabled":true,"_links":{"self":[{"href":"https:\/\/www.nedozery.sk\/vcelarstvo\/wp-json\/wp\/v2\/product\/624","targetHints":{"allow":["GET"]}}],"collection":[{"href":"https:\/\/www.nedozery.sk\/vcelarstvo\/wp-json\/wp\/v2\/product"}],"about":[{"href":"https:\/\/www.nedozery.sk\/vcelarstvo\/wp-json\/wp\/v2\/types\/product"}],"replies":[{"embeddable":true,"href":"https:\/\/www.nedozery.sk\/vcelarstvo\/wp-json\/wp\/v2\/comments?post=624"}],"version-history":[{"count":0,"href":"https:\/\/www.nedozery.sk\/vcelarstvo\/wp-json\/wp\/v2\/product\/624\/revisions"}],"wp:featuredmedia":[{"embeddable":true,"href":"https:\/\/www.nedozery.sk\/vcelarstvo\/wp-json\/wp\/v2\/media\/604"}],"wp:attachment":[{"href":"https:\/\/www.nedozery.sk\/vcelarstvo\/wp-json\/wp\/v2\/media?parent=624"}],"wp:term":[{"taxonomy":"product_brand","embeddable":true,"href":"https:\/\/www.nedozery.sk\/vcelarstvo\/wp-json\/wp\/v2\/product_brand?post=624"},{"taxonomy":"product_cat","embeddable":true,"href":"https:\/\/www.nedozery.sk\/vcelarstvo\/wp-json\/wp\/v2\/product_cat?post=624"},{"taxonomy":"product_tag","embeddable":true,"href":"https:\/\/www.nedozery.sk\/vcelarstvo\/wp-json\/wp\/v2\/product_tag?post=624"}],"curies":[{"name":"wp","href":"https:\/\/api.w.org\/{rel}","templated":true}]}}