{"id":625,"date":"2021-11-10T19:35:22","date_gmt":"2021-11-10T18:35:22","guid":{"rendered":"https:\/\/www.nedozery.sk\/vcelarstvo\/?post_type=product&#038;p=625"},"modified":"2023-10-27T14:31:25","modified_gmt":"2023-10-27T12:31:25","slug":"darcekovy-set-1","status":"publish","type":"product","link":"https:\/\/www.nedozery.sk\/vcelarstvo\/produkt\/darcekovy-set-1\/","title":{"rendered":"Dar\u010dekov\u00fd set 1"},"content":{"rendered":"<p>Dar\u010dekov\u00fd set na odlievanie svie\u010dok.<\/p>\n<p>Balenie obsahuje: Silik\u00f3nov\u00e1 forma na svie\u010dky (borovicov\u00e1 \u0161i\u0161ka)<br \/>\nSilik\u00f3nov\u00e1 forma ne svie\u010dky (v\u0161el\u00ed pl\u00e1st ) \u010dajov\u00e1 svie\u010dka<br \/>\nKnot \u010d. 1<br \/>\nKnot \u010d. 3<br \/>\nAr\u00f3ma do svie\u010dok<\/p>\n","protected":false},"excerpt":{"rendered":"<p>Dar\u010dekov\u00fd set na odlievanie svie\u010dok. Balenie obsahuje: Silik\u00f3nov\u00e1 forma na svie\u010dky (borovicov\u00e1 \u0161i\u0161ka) Silik\u00f3nov\u00e1 forma ne svie\u010dky (v\u0161el\u00ed pl\u00e1st ) \u010dajov\u00e1 svie\u010dka Knot \u010d. 1 Knot \u010d. 3 Ar\u00f3ma do svie\u010dok<\/p>\n","protected":false},"featured_media":611,"comment_status":"open","ping_status":"closed","template":"","meta":[],"product_brand":[],"product_cat":[31],"product_tag":[],"class_list":{"0":"post-625","1":"product","2":"type-product","3":"status-publish","4":"has-post-thumbnail","6":"product_cat-darceky","8":"first","9":"outofstock","10":"taxable","11":"shipping-taxable","12":"purchasable","13":"product-type-simple"},"jetpack_sharing_enabled":true,"_links":{"self":[{"href":"https:\/\/www.nedozery.sk\/vcelarstvo\/wp-json\/wp\/v2\/product\/625","targetHints":{"allow":["GET"]}}],"collection":[{"href":"https:\/\/www.nedozery.sk\/vcelarstvo\/wp-json\/wp\/v2\/product"}],"about":[{"href":"https:\/\/www.nedozery.sk\/vcelarstvo\/wp-json\/wp\/v2\/types\/product"}],"replies":[{"embeddable":true,"href":"https:\/\/www.nedozery.sk\/vcelarstvo\/wp-json\/wp\/v2\/comments?post=625"}],"version-history":[{"count":0,"href":"https:\/\/www.nedozery.sk\/vcelarstvo\/wp-json\/wp\/v2\/product\/625\/revisions"}],"wp:featuredmedia":[{"embeddable":true,"href":"https:\/\/www.nedozery.sk\/vcelarstvo\/wp-json\/wp\/v2\/media\/611"}],"wp:attachment":[{"href":"https:\/\/www.nedozery.sk\/vcelarstvo\/wp-json\/wp\/v2\/media?parent=625"}],"wp:term":[{"taxonomy":"product_brand","embeddable":true,"href":"https:\/\/www.nedozery.sk\/vcelarstvo\/wp-json\/wp\/v2\/product_brand?post=625"},{"taxonomy":"product_cat","embeddable":true,"href":"https:\/\/www.nedozery.sk\/vcelarstvo\/wp-json\/wp\/v2\/product_cat?post=625"},{"taxonomy":"product_tag","embeddable":true,"href":"https:\/\/www.nedozery.sk\/vcelarstvo\/wp-json\/wp\/v2\/product_tag?post=625"}],"curies":[{"name":"wp","href":"https:\/\/api.w.org\/{rel}","templated":true}]}}