{"id":638,"date":"2021-11-14T22:38:37","date_gmt":"2021-11-14T21:38:37","guid":{"rendered":"https:\/\/www.nedozery.sk\/vcelarstvo\/?post_type=product&#038;p=638"},"modified":"2023-10-27T14:31:25","modified_gmt":"2023-10-27T12:31:25","slug":"medvedik-s-ruzami","status":"publish","type":"product","link":"https:\/\/www.nedozery.sk\/vcelarstvo\/produkt\/medvedik-s-ruzami\/","title":{"rendered":"Medved\u00edk s ru\u017eami"},"content":{"rendered":"<h2>Medved\u00edk s ru\u017eami<\/h2>\n<div class=\"in-pane\">\n<div class=\"long-description\">\n<p><strong>Silik\u00f3nov\u00e1 forma na v\u00fdrobu svie\u010dky:<\/strong>\u00a0Medved\u00edk s ru\u017eami<\/p>\n<table border=\"0\" width=\"400\" cellspacing=\"1\" cellpadding=\"1\">\n<tbody>\n<tr>\n<td>V\u00fd\u0161ka svie\u010dky:<\/td>\n<td>95 mm<\/td>\n<\/tr>\n<tr>\n<td>Odpor\u00fa\u010dan\u00fd kn\u00f4t:<\/td>\n<td>3 x 13<\/td>\n<\/tr>\n<tr>\n<td>Spotreba vosku:<\/td>\n<td>125 g<\/td>\n<\/tr>\n<tr>\n<td>Orienta\u010dn\u00e1 hmotnos\u0165:<\/td>\n<td>0,520 kg<\/td>\n<\/tr>\n<\/tbody>\n<\/table>\n<\/div>\n<\/div>\n","protected":false},"excerpt":{"rendered":"<p>Medved\u00edk s ru\u017eami Silik\u00f3nov\u00e1 forma na v\u00fdrobu svie\u010dky:\u00a0Medved\u00edk s ru\u017eami V\u00fd\u0161ka svie\u010dky: 95 mm Odpor\u00fa\u010dan\u00fd kn\u00f4t: 3 x 13 Spotreba vosku: 125 g Orienta\u010dn\u00e1 hmotnos\u0165: 0,520 kg<\/p>\n","protected":false},"featured_media":639,"comment_status":"open","ping_status":"closed","template":"","meta":[],"product_brand":[],"product_cat":[22],"product_tag":[],"class_list":{"0":"post-638","1":"product","2":"type-product","3":"status-publish","4":"has-post-thumbnail","6":"product_cat-sviecky","8":"first","9":"instock","10":"taxable","11":"shipping-taxable","12":"purchasable","13":"product-type-simple"},"jetpack_sharing_enabled":true,"_links":{"self":[{"href":"https:\/\/www.nedozery.sk\/vcelarstvo\/wp-json\/wp\/v2\/product\/638","targetHints":{"allow":["GET"]}}],"collection":[{"href":"https:\/\/www.nedozery.sk\/vcelarstvo\/wp-json\/wp\/v2\/product"}],"about":[{"href":"https:\/\/www.nedozery.sk\/vcelarstvo\/wp-json\/wp\/v2\/types\/product"}],"replies":[{"embeddable":true,"href":"https:\/\/www.nedozery.sk\/vcelarstvo\/wp-json\/wp\/v2\/comments?post=638"}],"version-history":[{"count":0,"href":"https:\/\/www.nedozery.sk\/vcelarstvo\/wp-json\/wp\/v2\/product\/638\/revisions"}],"wp:featuredmedia":[{"embeddable":true,"href":"https:\/\/www.nedozery.sk\/vcelarstvo\/wp-json\/wp\/v2\/media\/639"}],"wp:attachment":[{"href":"https:\/\/www.nedozery.sk\/vcelarstvo\/wp-json\/wp\/v2\/media?parent=638"}],"wp:term":[{"taxonomy":"product_brand","embeddable":true,"href":"https:\/\/www.nedozery.sk\/vcelarstvo\/wp-json\/wp\/v2\/product_brand?post=638"},{"taxonomy":"product_cat","embeddable":true,"href":"https:\/\/www.nedozery.sk\/vcelarstvo\/wp-json\/wp\/v2\/product_cat?post=638"},{"taxonomy":"product_tag","embeddable":true,"href":"https:\/\/www.nedozery.sk\/vcelarstvo\/wp-json\/wp\/v2\/product_tag?post=638"}],"curies":[{"name":"wp","href":"https:\/\/api.w.org\/{rel}","templated":true}]}}