{"id":6432,"date":"2025-10-01T19:11:30","date_gmt":"2025-10-01T17:11:30","guid":{"rendered":"https:\/\/www.nedozery.sk\/vcelarstvo\/?post_type=product&#038;p=6432"},"modified":"2025-10-07T11:09:59","modified_gmt":"2025-10-07T09:09:59","slug":"zahrada-pro-vcely","status":"publish","type":"product","link":"https:\/\/www.nedozery.sk\/vcelarstvo\/produkt\/zahrada-pro-vcely\/","title":{"rendered":"Zahrada pro v\u010dely"},"content":{"rendered":"<h2><span style=\"font-size: 15px; color: #58585a;\">Na z\u00e1hrade to \u017eije. Je to miesto, kde sa v\u010dely medonosn\u00e9 aj divok\u00e9, \u010dmeliaky a \u010fal\u0161\u00ed u\u017eito\u010dn\u00fd hmyz c\u00edti dobre. Rozmanitos\u0165 kvetov, stromov a \u010fal\u0161\u00edch plan\u00fdch \u010di ne\u0161lachten\u00fdch rastlinn\u00fdch druhov im poskytuje nielen ob\u017eivu vo forme pe\u013eu a nekt\u00e1ru, ale pon\u00faka aj \u00fakryty k odpo\u010dinku a rozmno\u017eovanie. Pre\u010do ich teda nepril\u00e1ka\u0165 do na\u0161ej z\u00e1hrady?<\/span><\/h2>\n<div class=\"in-pane\">\n<div class=\"long-description\">\n<p>Z\u00e1le\u017e\u00ed samozrejme aj na v\u00fdbere rastlinn\u00e9ho materi\u00e1lu, aby sme z nej urobili pr\u00edjemn\u00e9 miesto nielen pre n\u00e1s, ale aj pre u\u017eito\u010dn\u00fd hmyz. Ten sa n\u00e1m odmen\u00ed zn\u00ed\u017een\u00edm mno\u017estva \u0161kodcov a v neposlednom rade aj pre\u017eit\u00fdmi chv\u00ed\u013ekami pri pozorovan\u00ed hmyzieho \u017eivota.<\/p>\n<p>Autorka, zakladate\u013eka a propag\u00e1torka pr\u00edrodn\u00fdch z\u00e1hrad, na konkr\u00e9tnych pr\u00edkladoch ukazuje, ako mo\u017eno na r\u00f4zne stanovi\u0161tia vybra\u0165 vhodn\u00fd rastlinn\u00fd sortiment a zalo\u017ei\u0165 z\u00e1hradu, ktor\u00e1 celoro\u010dne poskytne ide\u00e1lne \u017eivotn\u00fd priestor u\u017eito\u010dn\u00e9mu hmyzu. Knihu ilustruj\u00fa po\u010detn\u00e9 fotografie nektarod\u00e1rn\u00fdch a pylod\u00e1rn\u00fdch rastl\u00edn, ru\u010dn\u00e9 kresby a z\u00e1hradn\u00e9 osadzovacie pl\u00e1ny.<\/p>\n<\/div>\n<\/div>\n","protected":false},"excerpt":{"rendered":"<p>Na z\u00e1hrade to \u017eije. Je to miesto, kde sa v\u010dely medonosn\u00e9 aj divok\u00e9, \u010dmeliaky a \u010fal\u0161\u00ed u\u017eito\u010dn\u00fd hmyz c\u00edti dobre. Rozmanitos\u0165 kvetov, stromov a \u010fal\u0161\u00edch plan\u00fdch \u010di ne\u0161lachten\u00fdch rastlinn\u00fdch druhov im poskytuje nielen ob\u017eivu vo forme pe\u013eu a nekt\u00e1ru, ale pon\u00faka aj \u00fakryty k odpo\u010dinku a rozmno\u017eovanie. Pre\u010do ich teda nepril\u00e1ka\u0165 do na\u0161ej z\u00e1hrady? Z\u00e1le\u017e\u00ed <a href=\"https:\/\/www.nedozery.sk\/vcelarstvo\/produkt\/zahrada-pro-vcely\/\" class=\"read-more inline\">\u010c\u00edtaj \u010falej<\/a><\/p>\n","protected":false},"featured_media":6433,"comment_status":"open","ping_status":"closed","template":"","meta":[],"product_brand":[],"product_cat":[68],"product_tag":[],"class_list":{"0":"post-6432","1":"product","2":"type-product","3":"status-publish","4":"has-post-thumbnail","6":"product_cat-literatura","8":"first","9":"instock","10":"taxable","11":"shipping-taxable","12":"purchasable","13":"product-type-simple"},"jetpack_sharing_enabled":true,"_links":{"self":[{"href":"https:\/\/www.nedozery.sk\/vcelarstvo\/wp-json\/wp\/v2\/product\/6432","targetHints":{"allow":["GET"]}}],"collection":[{"href":"https:\/\/www.nedozery.sk\/vcelarstvo\/wp-json\/wp\/v2\/product"}],"about":[{"href":"https:\/\/www.nedozery.sk\/vcelarstvo\/wp-json\/wp\/v2\/types\/product"}],"replies":[{"embeddable":true,"href":"https:\/\/www.nedozery.sk\/vcelarstvo\/wp-json\/wp\/v2\/comments?post=6432"}],"version-history":[{"count":0,"href":"https:\/\/www.nedozery.sk\/vcelarstvo\/wp-json\/wp\/v2\/product\/6432\/revisions"}],"wp:featuredmedia":[{"embeddable":true,"href":"https:\/\/www.nedozery.sk\/vcelarstvo\/wp-json\/wp\/v2\/media\/6433"}],"wp:attachment":[{"href":"https:\/\/www.nedozery.sk\/vcelarstvo\/wp-json\/wp\/v2\/media?parent=6432"}],"wp:term":[{"taxonomy":"product_brand","embeddable":true,"href":"https:\/\/www.nedozery.sk\/vcelarstvo\/wp-json\/wp\/v2\/product_brand?post=6432"},{"taxonomy":"product_cat","embeddable":true,"href":"https:\/\/www.nedozery.sk\/vcelarstvo\/wp-json\/wp\/v2\/product_cat?post=6432"},{"taxonomy":"product_tag","embeddable":true,"href":"https:\/\/www.nedozery.sk\/vcelarstvo\/wp-json\/wp\/v2\/product_tag?post=6432"}],"curies":[{"name":"wp","href":"https:\/\/api.w.org\/{rel}","templated":true}]}}