{"id":6435,"date":"2025-10-01T19:16:25","date_gmt":"2025-10-01T17:16:25","guid":{"rendered":"https:\/\/www.nedozery.sk\/vcelarstvo\/?post_type=product&#038;p=6435"},"modified":"2025-10-07T11:09:59","modified_gmt":"2025-10-07T09:09:59","slug":"zaciname-vcelarit","status":"publish","type":"product","link":"https:\/\/www.nedozery.sk\/vcelarstvo\/produkt\/zaciname-vcelarit\/","title":{"rendered":"Za\u010d\u00edn\u00e1me v\u010dela\u0159it"},"content":{"rendered":"<p>Ke\u010f sa povie &#8222;usilovn\u00e1 ako v\u010deli\u010dka&#8220;, ve\u013eakr\u00e1t si ani nevieme predstavi\u0165, \u010do tak\u00e1 v\u010dielka po\u010das svojho kr\u00e1tkeho \u017eivota stihne. Kv\u00f4li jedn\u00e9mu kilogramu medu nalieta tis\u00edce kilometrov. Ani v \u00fali nezah\u00e1\u013ea &#8211; \u010dist\u00ed svoje obydlie, neust\u00e1le k\u0155mi svoju matku, aby mohla kl\u00e1s\u0165 vaj\u00ed\u010dka, star\u00e1 sa o v\u010del\u00ed plod, stavaj\u00fa si s geometrickou presnos\u0165ou svoje voskov\u00e9 bunky a str\u00e1\u017eia let\u00e1\u010d pred cudz\u00edmi naru\u0161ite\u013emi. Fascinuj\u00faca de\u013eba pr\u00e1ce vo v\u010delstve uhranula u\u017e mnoh\u00fdch z n\u00e1s. Aj preto sa v\u010del\u00e1renie stalo pre zna\u010dn\u00fa \u010das\u0165 \u013eud\u00ed celo\u017eivotnou n\u00e1pl\u0148ou a l\u00e1skou z\u00e1rove\u0148.<br \/>\nZa\u010d\u00ednaj\u00facim v\u010del\u00e1rom sa ale m\u00f4\u017eeme sta\u0165 v ka\u017edom veku. T\u00fdm, ktor\u00ed by si chceli tohto pr\u00edjemn\u00e9ho a zdrav\u00e9ho kon\u00ed\u010dka osvoji\u0165, pon\u00faka t\u00e1to kni\u017eka kompletn\u00e9 inform\u00e1cie, ktor\u00e9 pre za\u010diatok potrebuj\u00fa. Z\u00e1ujemca o chov v\u010diel tu n\u00e1jde mnoho r\u00e1d a n\u00e1vodov, ktor\u00e9 m\u00f4\u017ee vyu\u017ei\u0165 v praxi. Kniha z pera dlhoro\u010dn\u00e9ho praktick\u00e9ho v\u010del\u00e1ra opisuje zrozumite\u013en\u00fdm sp\u00f4sobom v\u0161etko, \u010do by mal za\u010diato\u010dn\u00edk vedie\u0165 o v\u010del\u00e1ch, r\u00f4znych typoch \u00fa\u013eov, r\u00e1mkov\u00fdch mierach \u010di potrebnom technickom vybaven\u00ed, aby krok za krokom mohol dospie\u0165 k vlastn\u00e9mu zdrav\u00e9mu v\u010delstvu a k prvej ochutn\u00e1vke vlastn\u00e9ho medu. D\u00f4raz je kladen\u00fd na spr\u00e1vne o\u0161etrovanie v\u010delstiev v priebehu cel\u00e9ho roka, aby boli schopn\u00e9 \u010deli\u0165 z\u00e1va\u017en\u00fdm v\u010del\u00edm chorob\u00e1m (Varro\u00e1za, mor v\u010delieho plodu), ktor\u00e9 doteraz nie je mo\u017en\u00e9 \u00faplne zvl\u00e1dnu\u0165 lie\u010divami.<\/p>\n","protected":false},"excerpt":{"rendered":"<p>Ke\u010f sa povie &#8222;usilovn\u00e1 ako v\u010deli\u010dka&#8220;, ve\u013eakr\u00e1t si ani nevieme predstavi\u0165, \u010do tak\u00e1 v\u010dielka po\u010das svojho kr\u00e1tkeho \u017eivota stihne. Kv\u00f4li jedn\u00e9mu kilogramu medu nalieta tis\u00edce kilometrov. Ani v \u00fali nezah\u00e1\u013ea &#8211; \u010dist\u00ed svoje obydlie, neust\u00e1le k\u0155mi svoju matku, aby mohla kl\u00e1s\u0165 vaj\u00ed\u010dka, star\u00e1 sa o v\u010del\u00ed plod, stavaj\u00fa si s geometrickou presnos\u0165ou svoje voskov\u00e9 bunky <a href=\"https:\/\/www.nedozery.sk\/vcelarstvo\/produkt\/zaciname-vcelarit\/\" class=\"read-more inline\">\u010c\u00edtaj \u010falej<\/a><\/p>\n","protected":false},"featured_media":6437,"comment_status":"open","ping_status":"closed","template":"","meta":[],"product_brand":[],"product_cat":[68],"product_tag":[],"class_list":{"0":"post-6435","1":"product","2":"type-product","3":"status-publish","4":"has-post-thumbnail","6":"product_cat-literatura","8":"first","9":"outofstock","10":"taxable","11":"shipping-taxable","12":"purchasable","13":"product-type-simple"},"jetpack_sharing_enabled":true,"_links":{"self":[{"href":"https:\/\/www.nedozery.sk\/vcelarstvo\/wp-json\/wp\/v2\/product\/6435","targetHints":{"allow":["GET"]}}],"collection":[{"href":"https:\/\/www.nedozery.sk\/vcelarstvo\/wp-json\/wp\/v2\/product"}],"about":[{"href":"https:\/\/www.nedozery.sk\/vcelarstvo\/wp-json\/wp\/v2\/types\/product"}],"replies":[{"embeddable":true,"href":"https:\/\/www.nedozery.sk\/vcelarstvo\/wp-json\/wp\/v2\/comments?post=6435"}],"version-history":[{"count":0,"href":"https:\/\/www.nedozery.sk\/vcelarstvo\/wp-json\/wp\/v2\/product\/6435\/revisions"}],"wp:featuredmedia":[{"embeddable":true,"href":"https:\/\/www.nedozery.sk\/vcelarstvo\/wp-json\/wp\/v2\/media\/6437"}],"wp:attachment":[{"href":"https:\/\/www.nedozery.sk\/vcelarstvo\/wp-json\/wp\/v2\/media?parent=6435"}],"wp:term":[{"taxonomy":"product_brand","embeddable":true,"href":"https:\/\/www.nedozery.sk\/vcelarstvo\/wp-json\/wp\/v2\/product_brand?post=6435"},{"taxonomy":"product_cat","embeddable":true,"href":"https:\/\/www.nedozery.sk\/vcelarstvo\/wp-json\/wp\/v2\/product_cat?post=6435"},{"taxonomy":"product_tag","embeddable":true,"href":"https:\/\/www.nedozery.sk\/vcelarstvo\/wp-json\/wp\/v2\/product_tag?post=6435"}],"curies":[{"name":"wp","href":"https:\/\/api.w.org\/{rel}","templated":true}]}}