{"id":6477,"date":"2025-10-07T09:24:58","date_gmt":"2025-10-07T07:24:58","guid":{"rendered":"https:\/\/www.nedozery.sk\/vcelarstvo\/?post_type=product&#038;p=6477"},"modified":"2025-10-20T09:39:25","modified_gmt":"2025-10-20T07:39:25","slug":"zkuste-to-doma-sami-pece-o-telo-a-vlasy","status":"publish","type":"product","link":"https:\/\/www.nedozery.sk\/vcelarstvo\/produkt\/zkuste-to-doma-sami-pece-o-telo-a-vlasy\/","title":{"rendered":"Zkuste to doma sami &#8211; p\u00e9\u010de o t\u011blo a vlasy"},"content":{"rendered":"<p>Kni\u017eka\u00a0<strong>Sk\u00faste to doma sami<\/strong>\u00a0s podtitulom\u00a0<strong>Starostlivos\u0165 o telo a vlasy<\/strong>\u00a0obsahuje 137 receptov, ktor\u00e9 ne\u0161etria iba pr\u00edrodu ale aj va\u0161u pe\u0148a\u017eenku.<\/p>\n<p>Zabudnite na syntetick\u00e9, nezdrav\u00e9 a neekologick\u00e9 kozmetick\u00e9 pr\u00edpravky z obchodov, ove\u013ea lep\u0161ie si toti\u017e viete vyrobi\u0165 aj vy sami.<br \/>\nN\u00e1jdete v nej\u00a0<strong>recepty na \u0161amp\u00f3ny, kondicion\u00e9ry, vlastn\u00fd odli\u010dova\u010d, kr\u00e9m na holenie \u010di \u0161umiv\u00e9 bomby do k\u00fape\u013ea.<\/strong><\/p>\n<p>Okrem toho obsahuje kni\u017eka aj n\u00e1vod na to, ako si uh\u00e1\u010dkova\u0165 vlastn\u00fd odli\u010dovac\u00ed tamp\u00f3n.<\/p>\n","protected":false},"excerpt":{"rendered":"<p>Kni\u017eka\u00a0Sk\u00faste to doma sami\u00a0s podtitulom\u00a0Starostlivos\u0165 o telo a vlasy\u00a0obsahuje 137 receptov, ktor\u00e9 ne\u0161etria iba pr\u00edrodu ale aj va\u0161u pe\u0148a\u017eenku. Zabudnite na syntetick\u00e9, nezdrav\u00e9 a neekologick\u00e9 kozmetick\u00e9 pr\u00edpravky z obchodov, ove\u013ea lep\u0161ie si toti\u017e viete vyrobi\u0165 aj vy sami. N\u00e1jdete v nej\u00a0recepty na \u0161amp\u00f3ny, kondicion\u00e9ry, vlastn\u00fd odli\u010dova\u010d, kr\u00e9m na holenie \u010di \u0161umiv\u00e9 bomby do k\u00fape\u013ea. Okrem <a href=\"https:\/\/www.nedozery.sk\/vcelarstvo\/produkt\/zkuste-to-doma-sami-pece-o-telo-a-vlasy\/\" class=\"read-more inline\">\u010c\u00edtaj \u010falej<\/a><\/p>\n","protected":false},"featured_media":6478,"comment_status":"open","ping_status":"closed","template":"","meta":[],"product_brand":[],"product_cat":[68],"product_tag":[],"class_list":{"0":"post-6477","1":"product","2":"type-product","3":"status-publish","4":"has-post-thumbnail","6":"product_cat-literatura","8":"first","9":"instock","10":"taxable","11":"shipping-taxable","12":"purchasable","13":"product-type-simple"},"jetpack_sharing_enabled":true,"_links":{"self":[{"href":"https:\/\/www.nedozery.sk\/vcelarstvo\/wp-json\/wp\/v2\/product\/6477","targetHints":{"allow":["GET"]}}],"collection":[{"href":"https:\/\/www.nedozery.sk\/vcelarstvo\/wp-json\/wp\/v2\/product"}],"about":[{"href":"https:\/\/www.nedozery.sk\/vcelarstvo\/wp-json\/wp\/v2\/types\/product"}],"replies":[{"embeddable":true,"href":"https:\/\/www.nedozery.sk\/vcelarstvo\/wp-json\/wp\/v2\/comments?post=6477"}],"version-history":[{"count":0,"href":"https:\/\/www.nedozery.sk\/vcelarstvo\/wp-json\/wp\/v2\/product\/6477\/revisions"}],"wp:featuredmedia":[{"embeddable":true,"href":"https:\/\/www.nedozery.sk\/vcelarstvo\/wp-json\/wp\/v2\/media\/6478"}],"wp:attachment":[{"href":"https:\/\/www.nedozery.sk\/vcelarstvo\/wp-json\/wp\/v2\/media?parent=6477"}],"wp:term":[{"taxonomy":"product_brand","embeddable":true,"href":"https:\/\/www.nedozery.sk\/vcelarstvo\/wp-json\/wp\/v2\/product_brand?post=6477"},{"taxonomy":"product_cat","embeddable":true,"href":"https:\/\/www.nedozery.sk\/vcelarstvo\/wp-json\/wp\/v2\/product_cat?post=6477"},{"taxonomy":"product_tag","embeddable":true,"href":"https:\/\/www.nedozery.sk\/vcelarstvo\/wp-json\/wp\/v2\/product_tag?post=6477"}],"curies":[{"name":"wp","href":"https:\/\/api.w.org\/{rel}","templated":true}]}}