{"id":6483,"date":"2025-10-07T09:35:56","date_gmt":"2025-10-07T07:35:56","guid":{"rendered":"https:\/\/www.nedozery.sk\/vcelarstvo\/?post_type=product&#038;p=6483"},"modified":"2025-10-20T09:40:10","modified_gmt":"2025-10-20T07:40:10","slug":"vyroba-vlastni-kosmetiky","status":"publish","type":"product","link":"https:\/\/www.nedozery.sk\/vcelarstvo\/produkt\/vyroba-vlastni-kosmetiky\/","title":{"rendered":"V\u00fdroba vlastn\u00ed kosmetiky"},"content":{"rendered":"<p>Lenka Men\u0161\u00edkov\u00e1 prin\u00e1\u0161a knihu pre v\u0161etk\u00fdch, ktor\u00ed h\u013eadaj\u00fa\u00a0<strong>alternat\u00edvu ku komer\u010dnej kozmetike<\/strong>\u00a0a zauj\u00edmaj\u00fa ich suroviny a postupy pou\u017e\u00edvan\u00e9 pri\u00a0<strong>v\u00fdrobe pr\u00edrodnej kozmetiky<\/strong>.<\/p>\n<p><strong>Kniha V\u00fdroba vlastn\u00ed kozmetiky<\/strong>\u00a0pon\u00faka nielen recepty a praktick\u00e9 n\u00e1vody na v\u00fdrobu dom\u00e1cej pr\u00edrodnej kozmetiky, ale aj inform\u00e1cie o kozmetick\u00fdch surovin\u00e1ch.<\/p>\n<p>Prv\u00e1 \u010das\u0165 knihy je ur\u010den\u00e1 na pomoc pri orient\u00e1cii v r\u00f4znych druhoch kozmetick\u00fdch surov\u00edn, ich vyu\u017eit\u00ed a vlastnostiach pre ple\u0165. Dozviete sa viac najm\u00e4 o z\u00e1kladn\u00fdch surovin\u00e1ch, ako hydrol\u00e1ty, esenci\u00e1lne oleje, rastlinn\u00e9 masl\u00e1 a oleje a in\u00e9. Okrem toho sa m\u00f4\u017eete dozvedie\u0165, ako si vybra\u0165 spr\u00e1vne kozmetick\u00e9 suroviny a vyzna\u0165 sa v ich kvalite. Druh\u00e1 \u010das\u0165 knihy je venovan\u00e1 receptom na kozmetiku ur\u010den\u00fa na starostlivos\u0165 o ple\u0165, telo, vlasy, ale aj dom\u00e1cnos\u0165.<\/p>\n<p>Kniha obsahuje in\u0161trukcie na pr\u00edpravu jednotliv\u00fdch kozmetick\u00fdch v\u00fdrobkov, pom\u00f4\u017ee v\u00e1m zisti\u0165 viac o d\u00e1vkovan\u00ed surov\u00edn a uchov\u00e1van\u00ed kozmetick\u00fdch v\u00fdrobkov.<\/p>\n","protected":false},"excerpt":{"rendered":"<p>Lenka Men\u0161\u00edkov\u00e1 prin\u00e1\u0161a knihu pre v\u0161etk\u00fdch, ktor\u00ed h\u013eadaj\u00fa\u00a0alternat\u00edvu ku komer\u010dnej kozmetike\u00a0a zauj\u00edmaj\u00fa ich suroviny a postupy pou\u017e\u00edvan\u00e9 pri\u00a0v\u00fdrobe pr\u00edrodnej kozmetiky. Kniha V\u00fdroba vlastn\u00ed kozmetiky\u00a0pon\u00faka nielen recepty a praktick\u00e9 n\u00e1vody na v\u00fdrobu dom\u00e1cej pr\u00edrodnej kozmetiky, ale aj inform\u00e1cie o kozmetick\u00fdch surovin\u00e1ch. Prv\u00e1 \u010das\u0165 knihy je ur\u010den\u00e1 na pomoc pri orient\u00e1cii v r\u00f4znych druhoch kozmetick\u00fdch surov\u00edn, ich <a href=\"https:\/\/www.nedozery.sk\/vcelarstvo\/produkt\/vyroba-vlastni-kosmetiky\/\" class=\"read-more inline\">\u010c\u00edtaj \u010falej<\/a><\/p>\n","protected":false},"featured_media":6484,"comment_status":"open","ping_status":"closed","template":"","meta":[],"product_brand":[],"product_cat":[68],"product_tag":[],"class_list":{"0":"post-6483","1":"product","2":"type-product","3":"status-publish","4":"has-post-thumbnail","6":"product_cat-literatura","8":"first","9":"instock","10":"taxable","11":"shipping-taxable","12":"purchasable","13":"product-type-simple"},"jetpack_sharing_enabled":true,"_links":{"self":[{"href":"https:\/\/www.nedozery.sk\/vcelarstvo\/wp-json\/wp\/v2\/product\/6483","targetHints":{"allow":["GET"]}}],"collection":[{"href":"https:\/\/www.nedozery.sk\/vcelarstvo\/wp-json\/wp\/v2\/product"}],"about":[{"href":"https:\/\/www.nedozery.sk\/vcelarstvo\/wp-json\/wp\/v2\/types\/product"}],"replies":[{"embeddable":true,"href":"https:\/\/www.nedozery.sk\/vcelarstvo\/wp-json\/wp\/v2\/comments?post=6483"}],"version-history":[{"count":0,"href":"https:\/\/www.nedozery.sk\/vcelarstvo\/wp-json\/wp\/v2\/product\/6483\/revisions"}],"wp:featuredmedia":[{"embeddable":true,"href":"https:\/\/www.nedozery.sk\/vcelarstvo\/wp-json\/wp\/v2\/media\/6484"}],"wp:attachment":[{"href":"https:\/\/www.nedozery.sk\/vcelarstvo\/wp-json\/wp\/v2\/media?parent=6483"}],"wp:term":[{"taxonomy":"product_brand","embeddable":true,"href":"https:\/\/www.nedozery.sk\/vcelarstvo\/wp-json\/wp\/v2\/product_brand?post=6483"},{"taxonomy":"product_cat","embeddable":true,"href":"https:\/\/www.nedozery.sk\/vcelarstvo\/wp-json\/wp\/v2\/product_cat?post=6483"},{"taxonomy":"product_tag","embeddable":true,"href":"https:\/\/www.nedozery.sk\/vcelarstvo\/wp-json\/wp\/v2\/product_tag?post=6483"}],"curies":[{"name":"wp","href":"https:\/\/api.w.org\/{rel}","templated":true}]}}