{"id":6576,"date":"2025-11-02T14:14:57","date_gmt":"2025-11-02T13:14:57","guid":{"rendered":"https:\/\/www.nedozery.sk\/vcelarstvo\/?post_type=product&#038;p=6576"},"modified":"2025-11-02T14:14:57","modified_gmt":"2025-11-02T13:14:57","slug":"genius-vcelstva","status":"publish","type":"product","link":"https:\/\/www.nedozery.sk\/vcelarstvo\/produkt\/genius-vcelstva\/","title":{"rendered":"G\u00e9nius v\u010delstva"},"content":{"rendered":"<div id=\"container-outer\">\n<div id=\"container\"><main id=\"content\" class=\"clearfix\"><\/p>\n<div class=\"basic001\">\n<div class=\"content\">\n<div id=\"sjm-d-24553\">\n<div class=\"ShopContent\">\n<div class=\"ShopProductView\">\n<div class=\"tabs-container-custom\">\n<div class=\"panel-container\">\n<div id=\"popis\" class=\"pane\">\n<h2><span style=\"font-size: 15px; color: #58585a;\">Po \u00faspechu knihy Medov\u00e9 cesty sa Eric Tourneret, fotograf v\u010diel, a Silla de Saint Pierre v spolupr\u00e1ci s Jurgenem Tauzem, ve\u013ek\u00fdm odborn\u00edkom na biol\u00f3giu v\u010diel, sa vracaj\u00fa s nov\u00fdmi \u00fachvatn\u00fdmi fotografiami uroben\u00fdmi v srdci v\u010delstva i v laborat\u00f3riu a s textom, ktor\u00fd sa stane prelomov\u00fdm z h\u013eadiska kvality p\u00edsania a dokument\u00e1rnej sol\u00eddnosti.<\/span><\/h2>\n<div class=\"in-pane\">\n<div class=\"long-description\">\n<p>Zist\u00edme, ako superorganizmus funguje z h\u013eadiska komunik\u00e1cie, demokracie a rozhodovania, ako v\u010delstvo funguje v boji proti chorob\u00e1m\u00a0alebo pred\u00e1torom, alebo ako sa v\u010dely prisp\u00f4sobuj\u00fa udalostiam a reguluj\u00fa teplotu.<\/p>\n<p>Dozvieme sa, ako si vyberaj\u00fa matku, k akej epigenetickej premene m\u00f4\u017ee d\u00f4js\u0165 alebo ak\u00e1 je prav\u00e1 podstata z\u00e1snubn\u00e9ho letu, o tichom volan\u00ed kvetov, o alch\u00fdmi\u00ed nektaru, o v\u00fdzname v\u00f4n\u00ed a kr\u00e1\u013eovsk\u00e9ho parf\u00e9mu, o tom, ako sa chu\u0165 soli ocitne na konci ich n\u00f4h, o \u00falohe svetiel alebo o funkcii zlo\u017een\u00e9ho oka a tykadiel. Pochop\u00edme vplyv architekt\u00fary na komunik\u00e1ciu a d\u00f4le\u017eit\u00fa rolu pr\u00e1zdnych buniek v pl\u00e1ste, pozn\u00e1me existenciu vn\u00fatornej siete vo v\u010delstve, neuverite\u013en\u00e9 kognit\u00edvne schopnosti v\u010diel a ich tri pam\u00e4te, podmienky pre\u017eitia nov\u00e9ho roja a tajomstvo genetiky v\u010diel.<\/p>\n<\/div>\n<\/div>\n<\/div>\n<\/div>\n<\/div>\n<\/div>\n<\/div>\n<\/div>\n<\/div>\n<\/div>\n<p><\/main><\/div>\n<\/div>\n","protected":false},"excerpt":{"rendered":"<p>Po \u00faspechu knihy Medov\u00e9 cesty sa Eric Tourneret, fotograf v\u010diel, a Silla de Saint Pierre v spolupr\u00e1ci s Jurgenem Tauzem, ve\u013ek\u00fdm odborn\u00edkom na biol\u00f3giu v\u010diel, sa vracaj\u00fa s nov\u00fdmi \u00fachvatn\u00fdmi fotografiami uroben\u00fdmi v srdci v\u010delstva i v laborat\u00f3riu a s textom, ktor\u00fd sa stane prelomov\u00fdm z h\u013eadiska kvality p\u00edsania a dokument\u00e1rnej sol\u00eddnosti. Zist\u00edme, ako superorganizmus <a href=\"https:\/\/www.nedozery.sk\/vcelarstvo\/produkt\/genius-vcelstva\/\" class=\"read-more inline\">\u010c\u00edtaj \u010falej<\/a><\/p>\n","protected":false},"featured_media":6578,"comment_status":"open","ping_status":"closed","template":"","meta":[],"product_brand":[],"product_cat":[68],"product_tag":[],"class_list":{"0":"post-6576","1":"product","2":"type-product","3":"status-publish","4":"has-post-thumbnail","6":"product_cat-literatura","8":"first","9":"instock","10":"taxable","11":"shipping-taxable","12":"purchasable","13":"product-type-simple"},"jetpack_sharing_enabled":true,"_links":{"self":[{"href":"https:\/\/www.nedozery.sk\/vcelarstvo\/wp-json\/wp\/v2\/product\/6576","targetHints":{"allow":["GET"]}}],"collection":[{"href":"https:\/\/www.nedozery.sk\/vcelarstvo\/wp-json\/wp\/v2\/product"}],"about":[{"href":"https:\/\/www.nedozery.sk\/vcelarstvo\/wp-json\/wp\/v2\/types\/product"}],"replies":[{"embeddable":true,"href":"https:\/\/www.nedozery.sk\/vcelarstvo\/wp-json\/wp\/v2\/comments?post=6576"}],"version-history":[{"count":0,"href":"https:\/\/www.nedozery.sk\/vcelarstvo\/wp-json\/wp\/v2\/product\/6576\/revisions"}],"wp:featuredmedia":[{"embeddable":true,"href":"https:\/\/www.nedozery.sk\/vcelarstvo\/wp-json\/wp\/v2\/media\/6578"}],"wp:attachment":[{"href":"https:\/\/www.nedozery.sk\/vcelarstvo\/wp-json\/wp\/v2\/media?parent=6576"}],"wp:term":[{"taxonomy":"product_brand","embeddable":true,"href":"https:\/\/www.nedozery.sk\/vcelarstvo\/wp-json\/wp\/v2\/product_brand?post=6576"},{"taxonomy":"product_cat","embeddable":true,"href":"https:\/\/www.nedozery.sk\/vcelarstvo\/wp-json\/wp\/v2\/product_cat?post=6576"},{"taxonomy":"product_tag","embeddable":true,"href":"https:\/\/www.nedozery.sk\/vcelarstvo\/wp-json\/wp\/v2\/product_tag?post=6576"}],"curies":[{"name":"wp","href":"https:\/\/api.w.org\/{rel}","templated":true}]}}