{"id":658,"date":"2021-11-14T23:58:37","date_gmt":"2021-11-14T22:58:37","guid":{"rendered":"https:\/\/www.nedozery.sk\/vcelarstvo\/?post_type=product&#038;p=658"},"modified":"2023-10-27T14:31:26","modified_gmt":"2023-10-27T12:31:26","slug":"farba-na-sviecky-25g-svetlo-modra","status":"publish","type":"product","link":"https:\/\/www.nedozery.sk\/vcelarstvo\/produkt\/farba-na-sviecky-25g-svetlo-modra\/","title":{"rendered":"Farba na svie\u010dky, 25g &#8211; svetlo modr\u00e1"},"content":{"rendered":"<h2>Farba na svie\u010dky, 25g &#8211; svetlo modr\u00e1<\/h2>\n<div class=\"in-pane\">\n<div class=\"long-description\">\n<p><strong>Svetlo modr\u00e1 farba na svie\u010dky<\/strong>\u00a0ur\u010den\u00e1 pre v\u00fdrobu farebn\u00fdch svie\u010dok. Dod\u00e1va sa v balen\u00ed 25 g.<\/p>\n<\/div>\n<\/div>\n","protected":false},"excerpt":{"rendered":"<p>Farba na svie\u010dky, 25g &#8211; svetlo modr\u00e1 Svetlo modr\u00e1 farba na svie\u010dky\u00a0ur\u010den\u00e1 pre v\u00fdrobu farebn\u00fdch svie\u010dok. Dod\u00e1va sa v balen\u00ed 25 g.<\/p>\n","protected":false},"featured_media":659,"comment_status":"open","ping_status":"closed","template":"","meta":[],"product_brand":[],"product_cat":[22],"product_tag":[],"class_list":{"0":"post-658","1":"product","2":"type-product","3":"status-publish","4":"has-post-thumbnail","6":"product_cat-sviecky","8":"first","9":"outofstock","10":"taxable","11":"shipping-taxable","12":"purchasable","13":"product-type-simple"},"jetpack_sharing_enabled":true,"_links":{"self":[{"href":"https:\/\/www.nedozery.sk\/vcelarstvo\/wp-json\/wp\/v2\/product\/658","targetHints":{"allow":["GET"]}}],"collection":[{"href":"https:\/\/www.nedozery.sk\/vcelarstvo\/wp-json\/wp\/v2\/product"}],"about":[{"href":"https:\/\/www.nedozery.sk\/vcelarstvo\/wp-json\/wp\/v2\/types\/product"}],"replies":[{"embeddable":true,"href":"https:\/\/www.nedozery.sk\/vcelarstvo\/wp-json\/wp\/v2\/comments?post=658"}],"version-history":[{"count":0,"href":"https:\/\/www.nedozery.sk\/vcelarstvo\/wp-json\/wp\/v2\/product\/658\/revisions"}],"wp:featuredmedia":[{"embeddable":true,"href":"https:\/\/www.nedozery.sk\/vcelarstvo\/wp-json\/wp\/v2\/media\/659"}],"wp:attachment":[{"href":"https:\/\/www.nedozery.sk\/vcelarstvo\/wp-json\/wp\/v2\/media?parent=658"}],"wp:term":[{"taxonomy":"product_brand","embeddable":true,"href":"https:\/\/www.nedozery.sk\/vcelarstvo\/wp-json\/wp\/v2\/product_brand?post=658"},{"taxonomy":"product_cat","embeddable":true,"href":"https:\/\/www.nedozery.sk\/vcelarstvo\/wp-json\/wp\/v2\/product_cat?post=658"},{"taxonomy":"product_tag","embeddable":true,"href":"https:\/\/www.nedozery.sk\/vcelarstvo\/wp-json\/wp\/v2\/product_tag?post=658"}],"curies":[{"name":"wp","href":"https:\/\/api.w.org\/{rel}","templated":true}]}}