{"id":664,"date":"2021-11-15T00:24:20","date_gmt":"2021-11-14T23:24:20","guid":{"rendered":"https:\/\/www.nedozery.sk\/vcelarstvo\/?post_type=product&#038;p=664"},"modified":"2024-01-24T19:40:45","modified_gmt":"2024-01-24T18:40:45","slug":"sviecka-hladka-mala-145-mm","status":"publish","type":"product","link":"https:\/\/www.nedozery.sk\/vcelarstvo\/produkt\/sviecka-hladka-mala-145-mm\/","title":{"rendered":"Svie\u010dka hladk\u00e1 mal\u00e1, 145 mm"},"content":{"rendered":"<h2>Svie\u010dka hladk\u00e1 mal\u00e1, 145 mm<\/h2>\n<div class=\"in-pane\">\n<div class=\"long-description\">\n<p><strong>Silik\u00f3nov\u00e1 forma na v\u00fdrobu svie\u010dky:<\/strong>\u00a0Svie\u010dka hladk\u00e1 mal\u00e1, 145 mm<\/p>\n<table border=\"0\" width=\"400\" cellspacing=\"1\" cellpadding=\"1\">\n<tbody>\n<tr>\n<td>V\u00fd\u0161ka svie\u010dky:<\/td>\n<td>145 mm<\/td>\n<\/tr>\n<tr>\n<td>Priemer svie\u010dky:<\/td>\n<td>18 mm<\/td>\n<\/tr>\n<tr>\n<td>Odpor\u00fa\u010dan\u00fd kn\u00f4t:<\/td>\n<td>3 x 8<\/td>\n<\/tr>\n<tr>\n<td>Spotreba vosku:<\/td>\n<td>20 g<\/td>\n<\/tr>\n<tr>\n<td>Orienta\u010dn\u00e1 hmotnos\u0165:<\/td>\n<td>0,300 kg<\/td>\n<\/tr>\n<\/tbody>\n<\/table>\n<\/div>\n<\/div>\n","protected":false},"excerpt":{"rendered":"<p>Svie\u010dka hladk\u00e1 mal\u00e1, 145 mm Silik\u00f3nov\u00e1 forma na v\u00fdrobu svie\u010dky:\u00a0Svie\u010dka hladk\u00e1 mal\u00e1, 145 mm V\u00fd\u0161ka svie\u010dky: 145 mm Priemer svie\u010dky: 18 mm Odpor\u00fa\u010dan\u00fd kn\u00f4t: 3 x 8 Spotreba vosku: 20 g Orienta\u010dn\u00e1 hmotnos\u0165: 0,300 kg<\/p>\n","protected":false},"featured_media":665,"comment_status":"open","ping_status":"closed","template":"","meta":[],"product_brand":[],"product_cat":[22],"product_tag":[],"class_list":{"0":"post-664","1":"product","2":"type-product","3":"status-publish","4":"has-post-thumbnail","6":"product_cat-sviecky","8":"first","9":"outofstock","10":"taxable","11":"shipping-taxable","12":"purchasable","13":"product-type-simple"},"jetpack_sharing_enabled":true,"_links":{"self":[{"href":"https:\/\/www.nedozery.sk\/vcelarstvo\/wp-json\/wp\/v2\/product\/664","targetHints":{"allow":["GET"]}}],"collection":[{"href":"https:\/\/www.nedozery.sk\/vcelarstvo\/wp-json\/wp\/v2\/product"}],"about":[{"href":"https:\/\/www.nedozery.sk\/vcelarstvo\/wp-json\/wp\/v2\/types\/product"}],"replies":[{"embeddable":true,"href":"https:\/\/www.nedozery.sk\/vcelarstvo\/wp-json\/wp\/v2\/comments?post=664"}],"version-history":[{"count":0,"href":"https:\/\/www.nedozery.sk\/vcelarstvo\/wp-json\/wp\/v2\/product\/664\/revisions"}],"wp:featuredmedia":[{"embeddable":true,"href":"https:\/\/www.nedozery.sk\/vcelarstvo\/wp-json\/wp\/v2\/media\/665"}],"wp:attachment":[{"href":"https:\/\/www.nedozery.sk\/vcelarstvo\/wp-json\/wp\/v2\/media?parent=664"}],"wp:term":[{"taxonomy":"product_brand","embeddable":true,"href":"https:\/\/www.nedozery.sk\/vcelarstvo\/wp-json\/wp\/v2\/product_brand?post=664"},{"taxonomy":"product_cat","embeddable":true,"href":"https:\/\/www.nedozery.sk\/vcelarstvo\/wp-json\/wp\/v2\/product_cat?post=664"},{"taxonomy":"product_tag","embeddable":true,"href":"https:\/\/www.nedozery.sk\/vcelarstvo\/wp-json\/wp\/v2\/product_tag?post=664"}],"curies":[{"name":"wp","href":"https:\/\/api.w.org\/{rel}","templated":true}]}}