{"id":6725,"date":"2025-12-02T19:57:17","date_gmt":"2025-12-02T18:57:17","guid":{"rendered":"https:\/\/www.nedozery.sk\/vcelarstvo\/?post_type=product&#038;p=6725"},"modified":"2025-12-04T09:25:35","modified_gmt":"2025-12-04T08:25:35","slug":"1000-dobrych-rad-zahradkarum","status":"publish","type":"product","link":"https:\/\/www.nedozery.sk\/vcelarstvo\/produkt\/1000-dobrych-rad-zahradkarum\/","title":{"rendered":"1000 dobr\u00fdch rad zahr\u00e1dk\u00e1\u0159\u016fm"},"content":{"rendered":"<p>\u0160trn\u00e1ste, novo aktualizovan\u00e9 vydanie popul\u00e1rnej z\u00e1hradn\u00edckej encyklop\u00e9die. Z\u00e1ujemcovia n\u00e1jdu overen\u00e9 rady o mnohostrann\u00fdch aktivit\u00e1ch v ovocnej a zeleninovej z\u00e1hrade, pestovan\u00ed vini\u010da, jedl\u00fdch h\u00fab a okrasn\u00fdch rastl\u00edn \u2013 kvetov a drev\u00edn. T\u00e1to \u010desk\u00e1 &#8222;Biblia pre z\u00e1hradk\u00e1rov&#8220; rad\u00ed, \u010do, ako a kedy robi\u0165, aby sa dosiahli \u010do najlep\u0161ie v\u00fdsledky, aby pr\u00e1ca v z\u00e1hrade prin\u00e1\u0161ala rados\u0165 a pote\u0161enie okrem \u00fa\u017eitku. Zalo\u017eenie z\u00e1hrady \u2013 \u010co potrebujeme vedie\u0165 o p\u00f4de, v\u00fd\u017eive rastl\u00edn a hnojen\u00ed \u2013 Ochrana rastl\u00edn \u2013 Pestovanie ovocn\u00fdch rastl\u00edn \u2013 Ako pestova\u0165 vini\u010d \u2013 Zelenina v z\u00e1hrade \u2013 Niektor\u00e9 po\u013en\u00e9 plodiny a huby v z\u00e1hrade \u2013 Okrasn\u00e1 z\u00e1hrada \u2013 Ako pozorova\u0165 a predpoveda\u0165 po\u010dasie \u2013 Kalend\u00e1r najd\u00f4le\u017eitej\u0161\u00edch z\u00e1hradn\u00edckych \u00faloh.<\/p>\n","protected":false},"excerpt":{"rendered":"<p>\u0160trn\u00e1ste, novo aktualizovan\u00e9 vydanie popul\u00e1rnej z\u00e1hradn\u00edckej encyklop\u00e9die. Z\u00e1ujemcovia n\u00e1jdu overen\u00e9 rady o mnohostrann\u00fdch aktivit\u00e1ch v ovocnej a zeleninovej z\u00e1hrade, pestovan\u00ed vini\u010da, jedl\u00fdch h\u00fab a okrasn\u00fdch rastl\u00edn \u2013 kvetov a drev\u00edn. T\u00e1to \u010desk\u00e1 &#8222;Biblia pre z\u00e1hradk\u00e1rov&#8220; rad\u00ed, \u010do, ako a kedy robi\u0165, aby sa dosiahli \u010do najlep\u0161ie v\u00fdsledky, aby pr\u00e1ca v z\u00e1hrade prin\u00e1\u0161ala rados\u0165 a pote\u0161enie <a href=\"https:\/\/www.nedozery.sk\/vcelarstvo\/produkt\/1000-dobrych-rad-zahradkarum\/\" class=\"read-more inline\">\u010c\u00edtaj \u010falej<\/a><\/p>\n","protected":false},"featured_media":6726,"comment_status":"open","ping_status":"closed","template":"","meta":[],"product_brand":[],"product_cat":[68],"product_tag":[],"class_list":{"0":"post-6725","1":"product","2":"type-product","3":"status-publish","4":"has-post-thumbnail","6":"product_cat-literatura","8":"first","9":"instock","10":"taxable","11":"shipping-taxable","12":"purchasable","13":"product-type-simple"},"jetpack_sharing_enabled":true,"_links":{"self":[{"href":"https:\/\/www.nedozery.sk\/vcelarstvo\/wp-json\/wp\/v2\/product\/6725","targetHints":{"allow":["GET"]}}],"collection":[{"href":"https:\/\/www.nedozery.sk\/vcelarstvo\/wp-json\/wp\/v2\/product"}],"about":[{"href":"https:\/\/www.nedozery.sk\/vcelarstvo\/wp-json\/wp\/v2\/types\/product"}],"replies":[{"embeddable":true,"href":"https:\/\/www.nedozery.sk\/vcelarstvo\/wp-json\/wp\/v2\/comments?post=6725"}],"version-history":[{"count":0,"href":"https:\/\/www.nedozery.sk\/vcelarstvo\/wp-json\/wp\/v2\/product\/6725\/revisions"}],"wp:featuredmedia":[{"embeddable":true,"href":"https:\/\/www.nedozery.sk\/vcelarstvo\/wp-json\/wp\/v2\/media\/6726"}],"wp:attachment":[{"href":"https:\/\/www.nedozery.sk\/vcelarstvo\/wp-json\/wp\/v2\/media?parent=6725"}],"wp:term":[{"taxonomy":"product_brand","embeddable":true,"href":"https:\/\/www.nedozery.sk\/vcelarstvo\/wp-json\/wp\/v2\/product_brand?post=6725"},{"taxonomy":"product_cat","embeddable":true,"href":"https:\/\/www.nedozery.sk\/vcelarstvo\/wp-json\/wp\/v2\/product_cat?post=6725"},{"taxonomy":"product_tag","embeddable":true,"href":"https:\/\/www.nedozery.sk\/vcelarstvo\/wp-json\/wp\/v2\/product_tag?post=6725"}],"curies":[{"name":"wp","href":"https:\/\/api.w.org\/{rel}","templated":true}]}}