{"id":6735,"date":"2025-12-02T20:06:47","date_gmt":"2025-12-02T19:06:47","guid":{"rendered":"https:\/\/www.nedozery.sk\/vcelarstvo\/?post_type=product&#038;p=6735"},"modified":"2025-12-04T09:23:25","modified_gmt":"2025-12-04T08:23:25","slug":"sila-vcelich-produktu","status":"publish","type":"product","link":"https:\/\/www.nedozery.sk\/vcelarstvo\/produkt\/sila-vcelich-produktu\/","title":{"rendered":"S\u00edla v\u010del\u00edch produkt\u016f"},"content":{"rendered":"<p>Ve\u013ekos\u0165: 170 x 235 mm Me\u010f, pe\u013e a propolis 80 praktick\u00fdch receptov na pr\u00edrodn\u00fa kozmetiku pre va\u0161u dom\u00e1cu lek\u00e1rni\u010dku Aj pre milovn\u00edka sladk\u00e9ho. Autorka, v\u00e1\u0161niv\u00e1 v\u010del\u00e1rka Dr. Annette Schroeder, predstavuje viac ako 80 origin\u00e1lnych receptov vyu\u017e\u00edvaj\u00facich med, pe\u013e, propolis, mato\u010dn\u00fa ka\u0161i\u010dku a v\u010del\u00ed vosk. Tieto recepty sa nepou\u017e\u00edvaj\u00fa len na kozmetiku a starostlivos\u0165 o telo, ale aj na lie\u010dbu be\u017en\u00fdch zdravotn\u00fdch probl\u00e9mov. Knihu dominuj\u00fa n\u00e1vody na v\u00fdrobu kr\u00e9mov, sprchov\u00fdch g\u00e9lov, \u0161amp\u00f3nov, mydiel, k\u00fape\u013eov a \u010fal\u0161\u00edch kozmetick\u00fdch produktov na starostlivos\u0165 o telo. Prin\u00e1\u0161a tie\u017e recepty na dom\u00e1cu lek\u00e1rni\u010dku, ktor\u00e1 rie\u0161i napr\u00edklad ko\u017en\u00e9 probl\u00e9my, rany, prechladnutia, opary a probl\u00e9my so sp\u00e1nkom. Nakoniec sa zameriava na chutn\u00e9 lah\u00f4dky z kuchyne, medzi ktor\u00e9 patria s\u00fdte jedl\u00e1, sladk\u00e9 dezerty a n\u00e1poje s medom. Za\u010dnite svoju cestu k zdraviu, pohodliu a \u0161\u0165astiu s touto in\u0161pirat\u00edvnou knihou.<\/p>\n","protected":false},"excerpt":{"rendered":"<p>Ve\u013ekos\u0165: 170 x 235 mm Me\u010f, pe\u013e a propolis 80 praktick\u00fdch receptov na pr\u00edrodn\u00fa kozmetiku pre va\u0161u dom\u00e1cu lek\u00e1rni\u010dku Aj pre milovn\u00edka sladk\u00e9ho. Autorka, v\u00e1\u0161niv\u00e1 v\u010del\u00e1rka Dr. Annette Schroeder, predstavuje viac ako 80 origin\u00e1lnych receptov vyu\u017e\u00edvaj\u00facich med, pe\u013e, propolis, mato\u010dn\u00fa ka\u0161i\u010dku a v\u010del\u00ed vosk. Tieto recepty sa nepou\u017e\u00edvaj\u00fa len na kozmetiku a starostlivos\u0165 o telo, <a href=\"https:\/\/www.nedozery.sk\/vcelarstvo\/produkt\/sila-vcelich-produktu\/\" class=\"read-more inline\">\u010c\u00edtaj \u010falej<\/a><\/p>\n","protected":false},"featured_media":6728,"comment_status":"open","ping_status":"closed","template":"","meta":[],"product_brand":[],"product_cat":[68],"product_tag":[],"class_list":{"0":"post-6735","1":"product","2":"type-product","3":"status-publish","4":"has-post-thumbnail","6":"product_cat-literatura","8":"first","9":"outofstock","10":"taxable","11":"shipping-taxable","12":"purchasable","13":"product-type-simple"},"jetpack_sharing_enabled":true,"_links":{"self":[{"href":"https:\/\/www.nedozery.sk\/vcelarstvo\/wp-json\/wp\/v2\/product\/6735","targetHints":{"allow":["GET"]}}],"collection":[{"href":"https:\/\/www.nedozery.sk\/vcelarstvo\/wp-json\/wp\/v2\/product"}],"about":[{"href":"https:\/\/www.nedozery.sk\/vcelarstvo\/wp-json\/wp\/v2\/types\/product"}],"replies":[{"embeddable":true,"href":"https:\/\/www.nedozery.sk\/vcelarstvo\/wp-json\/wp\/v2\/comments?post=6735"}],"version-history":[{"count":0,"href":"https:\/\/www.nedozery.sk\/vcelarstvo\/wp-json\/wp\/v2\/product\/6735\/revisions"}],"wp:featuredmedia":[{"embeddable":true,"href":"https:\/\/www.nedozery.sk\/vcelarstvo\/wp-json\/wp\/v2\/media\/6728"}],"wp:attachment":[{"href":"https:\/\/www.nedozery.sk\/vcelarstvo\/wp-json\/wp\/v2\/media?parent=6735"}],"wp:term":[{"taxonomy":"product_brand","embeddable":true,"href":"https:\/\/www.nedozery.sk\/vcelarstvo\/wp-json\/wp\/v2\/product_brand?post=6735"},{"taxonomy":"product_cat","embeddable":true,"href":"https:\/\/www.nedozery.sk\/vcelarstvo\/wp-json\/wp\/v2\/product_cat?post=6735"},{"taxonomy":"product_tag","embeddable":true,"href":"https:\/\/www.nedozery.sk\/vcelarstvo\/wp-json\/wp\/v2\/product_tag?post=6735"}],"curies":[{"name":"wp","href":"https:\/\/api.w.org\/{rel}","templated":true}]}}