{"id":6737,"date":"2025-12-02T20:09:55","date_gmt":"2025-12-02T19:09:55","guid":{"rendered":"https:\/\/www.nedozery.sk\/vcelarstvo\/?post_type=product&#038;p=6737"},"modified":"2025-12-04T09:22:14","modified_gmt":"2025-12-04T08:22:14","slug":"vcelareni-jako-hledani-cesty-mezi-srdcem-a-rozumem","status":"publish","type":"product","link":"https:\/\/www.nedozery.sk\/vcelarstvo\/produkt\/vcelareni-jako-hledani-cesty-mezi-srdcem-a-rozumem\/","title":{"rendered":"V\u010dela\u0159en\u00ed jako hled\u00e1n\u00ed cesty mezi srdcem a rozumem"},"content":{"rendered":"<p>Pre v\u010del\u00e1rov, ktor\u00ed chc\u00fa viac&#8230; T\u00e1to kniha je ur\u010den\u00e1 v\u0161etk\u00fdm v\u010del\u00e1rom, ktor\u00ed urobili svoje prv\u00e9 kroky v starostlivosti o v\u010dely, no st\u00e1le h\u013eadaj\u00fa sp\u00f4sob, ako t\u00fato prax lep\u0161ie za\u010dleni\u0165 do svojho ka\u017edodenn\u00e9ho \u017eivota. Autor kriticky sk\u00fama be\u017en\u00e9 v\u010del\u00e1rske praktiky a pon\u00faka nov\u00e9, ekologickej\u0161ie alternat\u00edvy, ktor\u00e9 re\u0161pektuj\u00fa pr\u00edrodu a minimalizuj\u00fa stres nielen pre v\u010del\u00e1ra, ale aj pre samotn\u00e9 v\u010dely. Kniha obsahuje mno\u017estvo tipov a n\u00e1padov, ktor\u00e9 v\u00e1m umo\u017enia v\u010del\u00e1ri\u0165 udr\u017eate\u013ene, s v\u00e4\u010d\u0161\u00edm nadh\u013eadom a bez zbyto\u010dn\u00fdch z\u00e1sahov do \u00fa\u013ea. Ide\u00e1lne pre t\u00fdch, ktor\u00ed chc\u00fa posun\u00fa\u0165 svoje v\u010del\u00e1rstvo na vy\u0161\u0161iu \u00farove\u0148. Za\u010dnite v\u010del\u00e1ri\u0165 prirodzenej\u0161ie! \u010cesk\u00e9 vydanie bolo odborne predn\u00e1\u0161an\u00e9 Daliborom Tit\u011brom.<\/p>\n","protected":false},"excerpt":{"rendered":"<p>Pre v\u010del\u00e1rov, ktor\u00ed chc\u00fa viac&#8230; T\u00e1to kniha je ur\u010den\u00e1 v\u0161etk\u00fdm v\u010del\u00e1rom, ktor\u00ed urobili svoje prv\u00e9 kroky v starostlivosti o v\u010dely, no st\u00e1le h\u013eadaj\u00fa sp\u00f4sob, ako t\u00fato prax lep\u0161ie za\u010dleni\u0165 do svojho ka\u017edodenn\u00e9ho \u017eivota. Autor kriticky sk\u00fama be\u017en\u00e9 v\u010del\u00e1rske praktiky a pon\u00faka nov\u00e9, ekologickej\u0161ie alternat\u00edvy, ktor\u00e9 re\u0161pektuj\u00fa pr\u00edrodu a minimalizuj\u00fa stres nielen pre v\u010del\u00e1ra, ale aj <a href=\"https:\/\/www.nedozery.sk\/vcelarstvo\/produkt\/vcelareni-jako-hledani-cesty-mezi-srdcem-a-rozumem\/\" class=\"read-more inline\">\u010c\u00edtaj \u010falej<\/a><\/p>\n","protected":false},"featured_media":6730,"comment_status":"open","ping_status":"closed","template":"","meta":[],"product_brand":[],"product_cat":[68],"product_tag":[],"class_list":{"0":"post-6737","1":"product","2":"type-product","3":"status-publish","4":"has-post-thumbnail","6":"product_cat-literatura","8":"first","9":"outofstock","10":"taxable","11":"shipping-taxable","12":"purchasable","13":"product-type-simple"},"jetpack_sharing_enabled":true,"_links":{"self":[{"href":"https:\/\/www.nedozery.sk\/vcelarstvo\/wp-json\/wp\/v2\/product\/6737","targetHints":{"allow":["GET"]}}],"collection":[{"href":"https:\/\/www.nedozery.sk\/vcelarstvo\/wp-json\/wp\/v2\/product"}],"about":[{"href":"https:\/\/www.nedozery.sk\/vcelarstvo\/wp-json\/wp\/v2\/types\/product"}],"replies":[{"embeddable":true,"href":"https:\/\/www.nedozery.sk\/vcelarstvo\/wp-json\/wp\/v2\/comments?post=6737"}],"version-history":[{"count":0,"href":"https:\/\/www.nedozery.sk\/vcelarstvo\/wp-json\/wp\/v2\/product\/6737\/revisions"}],"wp:featuredmedia":[{"embeddable":true,"href":"https:\/\/www.nedozery.sk\/vcelarstvo\/wp-json\/wp\/v2\/media\/6730"}],"wp:attachment":[{"href":"https:\/\/www.nedozery.sk\/vcelarstvo\/wp-json\/wp\/v2\/media?parent=6737"}],"wp:term":[{"taxonomy":"product_brand","embeddable":true,"href":"https:\/\/www.nedozery.sk\/vcelarstvo\/wp-json\/wp\/v2\/product_brand?post=6737"},{"taxonomy":"product_cat","embeddable":true,"href":"https:\/\/www.nedozery.sk\/vcelarstvo\/wp-json\/wp\/v2\/product_cat?post=6737"},{"taxonomy":"product_tag","embeddable":true,"href":"https:\/\/www.nedozery.sk\/vcelarstvo\/wp-json\/wp\/v2\/product_tag?post=6737"}],"curies":[{"name":"wp","href":"https:\/\/api.w.org\/{rel}","templated":true}]}}