{"id":6739,"date":"2025-12-02T20:12:28","date_gmt":"2025-12-02T19:12:28","guid":{"rendered":"https:\/\/www.nedozery.sk\/vcelarstvo\/?post_type=product&#038;p=6739"},"modified":"2025-12-04T09:22:33","modified_gmt":"2025-12-04T08:22:33","slug":"vcely-zdrave-a-nemocne-2-vydanie","status":"publish","type":"product","link":"https:\/\/www.nedozery.sk\/vcelarstvo\/produkt\/vcely-zdrave-a-nemocne-2-vydanie\/","title":{"rendered":"V\u010dely zdrav\u00e9 a nemocn\u00e9, 2. vydanie"},"content":{"rendered":"<p>Toto je druh\u00e9 vydanie tejto popul\u00e1rnej knihy. Predpokladom na dosiahnutie dobr\u00fdch v\u00fdsledkov v\u010del\u00e1rstva je neust\u00e1la starostlivos\u0165 o dobr\u00e9 zdravie v\u010del\u00edch kol\u00f3ni\u00ed. Autor pon\u00faka komplexn\u00fd poh\u013ead na zdrav\u00e9 a chor\u00e9 v\u010delie kol\u00f3nie a jeho cie\u013eom je pom\u00f4c\u0165 chovate\u013eom dobre sa v tejto oblasti orientova\u0165, v\u010das rozpozna\u0165 pr\u00edznaky v\u010delej infest\u00e1cie a zvoli\u0165 \u00fa\u010dinn\u00fd sp\u00f4sob lie\u010dby. Samostatn\u00e9 kapitoly s\u00fa venovan\u00e9 v\u010deliemu potomstvu, chorob\u00e1m v\u010diel pod\u013ea ich p\u00f4vodcov (\u0161kodcovia, bakt\u00e9rie, huby, v\u00edrusy), syndr\u00f3mu CCD a prevencii str\u00e1t sp\u00f4soben\u00fdch rozto\u010dom varroa. Ve\u013ek\u00e1 pozornos\u0165 sa venuje moru v\u010delieho potomstva. D\u00f4le\u017eit\u00e9 s\u00fa aj kapitoly o otrave v\u010del\u00edch kol\u00f3ni\u00ed a hygiene pri v\u010del\u00e1rstve. T\u00e9ma je doplnen\u00e1 inform\u00e1ciami o mo\u017enostiach vyu\u017eitia mikroskopie vo v\u010del\u00e1rstve.<\/p>\n","protected":false},"excerpt":{"rendered":"<p>Toto je druh\u00e9 vydanie tejto popul\u00e1rnej knihy. Predpokladom na dosiahnutie dobr\u00fdch v\u00fdsledkov v\u010del\u00e1rstva je neust\u00e1la starostlivos\u0165 o dobr\u00e9 zdravie v\u010del\u00edch kol\u00f3ni\u00ed. Autor pon\u00faka komplexn\u00fd poh\u013ead na zdrav\u00e9 a chor\u00e9 v\u010delie kol\u00f3nie a jeho cie\u013eom je pom\u00f4c\u0165 chovate\u013eom dobre sa v tejto oblasti orientova\u0165, v\u010das rozpozna\u0165 pr\u00edznaky v\u010delej infest\u00e1cie a zvoli\u0165 \u00fa\u010dinn\u00fd sp\u00f4sob lie\u010dby. Samostatn\u00e9 kapitoly <a href=\"https:\/\/www.nedozery.sk\/vcelarstvo\/produkt\/vcely-zdrave-a-nemocne-2-vydanie\/\" class=\"read-more inline\">\u010c\u00edtaj \u010falej<\/a><\/p>\n","protected":false},"featured_media":6729,"comment_status":"open","ping_status":"closed","template":"","meta":[],"product_brand":[],"product_cat":[68],"product_tag":[],"class_list":{"0":"post-6739","1":"product","2":"type-product","3":"status-publish","4":"has-post-thumbnail","6":"product_cat-literatura","8":"first","9":"instock","10":"taxable","11":"shipping-taxable","12":"purchasable","13":"product-type-simple"},"jetpack_sharing_enabled":true,"_links":{"self":[{"href":"https:\/\/www.nedozery.sk\/vcelarstvo\/wp-json\/wp\/v2\/product\/6739","targetHints":{"allow":["GET"]}}],"collection":[{"href":"https:\/\/www.nedozery.sk\/vcelarstvo\/wp-json\/wp\/v2\/product"}],"about":[{"href":"https:\/\/www.nedozery.sk\/vcelarstvo\/wp-json\/wp\/v2\/types\/product"}],"replies":[{"embeddable":true,"href":"https:\/\/www.nedozery.sk\/vcelarstvo\/wp-json\/wp\/v2\/comments?post=6739"}],"version-history":[{"count":0,"href":"https:\/\/www.nedozery.sk\/vcelarstvo\/wp-json\/wp\/v2\/product\/6739\/revisions"}],"wp:featuredmedia":[{"embeddable":true,"href":"https:\/\/www.nedozery.sk\/vcelarstvo\/wp-json\/wp\/v2\/media\/6729"}],"wp:attachment":[{"href":"https:\/\/www.nedozery.sk\/vcelarstvo\/wp-json\/wp\/v2\/media?parent=6739"}],"wp:term":[{"taxonomy":"product_brand","embeddable":true,"href":"https:\/\/www.nedozery.sk\/vcelarstvo\/wp-json\/wp\/v2\/product_brand?post=6739"},{"taxonomy":"product_cat","embeddable":true,"href":"https:\/\/www.nedozery.sk\/vcelarstvo\/wp-json\/wp\/v2\/product_cat?post=6739"},{"taxonomy":"product_tag","embeddable":true,"href":"https:\/\/www.nedozery.sk\/vcelarstvo\/wp-json\/wp\/v2\/product_tag?post=6739"}],"curies":[{"name":"wp","href":"https:\/\/api.w.org\/{rel}","templated":true}]}}