{"id":6741,"date":"2025-12-02T20:16:42","date_gmt":"2025-12-02T19:16:42","guid":{"rendered":"https:\/\/www.nedozery.sk\/vcelarstvo\/?post_type=product&#038;p=6741"},"modified":"2025-12-04T09:21:52","modified_gmt":"2025-12-04T08:21:52","slug":"vceli-vosk","status":"publish","type":"product","link":"https:\/\/www.nedozery.sk\/vcelarstvo\/produkt\/vceli-vosk\/","title":{"rendered":"V\u010del\u00ed vosk"},"content":{"rendered":"<p>V\u0161etko o z\u00edskavan\u00ed, spracovan\u00ed a pou\u017eit\u00ed v\u010delieho vosku prv\u00fdkr\u00e1t v jednej knihe! V\u010del\u00ed vosk je d\u00f4le\u017eit\u00fd v\u010del\u00ed produkt a neodmyslite\u013en\u00e1 s\u00fa\u010das\u0165 v\u010delstva. M\u00e1 rozmanit\u00e9 uplatnenie. Vyu\u017e\u00edva sa v kozmetike, pr\u00edrodnej medic\u00edne, remeselnej v\u00fdrobe aj v umen\u00ed. Hospod\u00e1renie so v\u010del\u00edmi pl\u00e1stmi a zber vosku hraj\u00fa pri v\u010del\u00e1ren\u00ed v\u00fdznamn\u00fa \u00falohu, je to preto aj d\u00f4le\u017eit\u00e1 s\u00fa\u010das\u0165 pr\u00e1c v\u010del\u00e1ra. Patr\u00ed medzi ne napr\u00edklad obnova diela, spracovanie vosku z vie\u010dok a skladovanie pl\u00e1stov. V tejto knihe sa o vosku do\u010d\u00edtate mno\u017estvo inform\u00e1ci\u00ed a praktick\u00fdch poznatkov z\u00edskan\u00fdch dlhoro\u010dnou praxou gener\u00e1ci\u00ed v\u010del\u00e1rov. T\u00fdkaj\u00fa sa nielen r\u00f4znych sp\u00f4sobov a met\u00f3d z\u00edskavania vosku, kolobehu vosku vo v\u010del\u00e1rskej prev\u00e1dzke, pr\u00edpravy r\u00e1mikov s medzistienkami, ale aj mnoho \u010fal\u0161\u00edch d\u00f4le\u017eit\u00fdch vec\u00ed. Nech\u00fdbaj\u00fa praktick\u00e9 tipy na \u010fal\u0161ie vyu\u017eitie v\u010delieho vosku na svie\u010dky, voskov\u00e9 fig\u00farky a in\u00e9 u\u017eito\u010dn\u00e9 a ob\u013e\u00faben\u00e9 produkty. Preklad: PhDr. \u013dubica Potock\u00e1, Odborn\u00e1 oponent\u00fara: Ing. Jozef \u010c\u00e1pek, PhD.<\/p>\n","protected":false},"excerpt":{"rendered":"<p>V\u0161etko o z\u00edskavan\u00ed, spracovan\u00ed a pou\u017eit\u00ed v\u010delieho vosku prv\u00fdkr\u00e1t v jednej knihe! V\u010del\u00ed vosk je d\u00f4le\u017eit\u00fd v\u010del\u00ed produkt a neodmyslite\u013en\u00e1 s\u00fa\u010das\u0165 v\u010delstva. M\u00e1 rozmanit\u00e9 uplatnenie. Vyu\u017e\u00edva sa v kozmetike, pr\u00edrodnej medic\u00edne, remeselnej v\u00fdrobe aj v umen\u00ed. Hospod\u00e1renie so v\u010del\u00edmi pl\u00e1stmi a zber vosku hraj\u00fa pri v\u010del\u00e1ren\u00ed v\u00fdznamn\u00fa \u00falohu, je to preto aj d\u00f4le\u017eit\u00e1 s\u00fa\u010das\u0165 pr\u00e1c <a href=\"https:\/\/www.nedozery.sk\/vcelarstvo\/produkt\/vceli-vosk\/\" class=\"read-more inline\">\u010c\u00edtaj \u010falej<\/a><\/p>\n","protected":false},"featured_media":6742,"comment_status":"open","ping_status":"closed","template":"","meta":[],"product_brand":[],"product_cat":[68],"product_tag":[],"class_list":{"0":"post-6741","1":"product","2":"type-product","3":"status-publish","4":"has-post-thumbnail","6":"product_cat-literatura","8":"first","9":"instock","10":"taxable","11":"shipping-taxable","12":"purchasable","13":"product-type-simple"},"jetpack_sharing_enabled":true,"_links":{"self":[{"href":"https:\/\/www.nedozery.sk\/vcelarstvo\/wp-json\/wp\/v2\/product\/6741","targetHints":{"allow":["GET"]}}],"collection":[{"href":"https:\/\/www.nedozery.sk\/vcelarstvo\/wp-json\/wp\/v2\/product"}],"about":[{"href":"https:\/\/www.nedozery.sk\/vcelarstvo\/wp-json\/wp\/v2\/types\/product"}],"replies":[{"embeddable":true,"href":"https:\/\/www.nedozery.sk\/vcelarstvo\/wp-json\/wp\/v2\/comments?post=6741"}],"version-history":[{"count":0,"href":"https:\/\/www.nedozery.sk\/vcelarstvo\/wp-json\/wp\/v2\/product\/6741\/revisions"}],"wp:featuredmedia":[{"embeddable":true,"href":"https:\/\/www.nedozery.sk\/vcelarstvo\/wp-json\/wp\/v2\/media\/6742"}],"wp:attachment":[{"href":"https:\/\/www.nedozery.sk\/vcelarstvo\/wp-json\/wp\/v2\/media?parent=6741"}],"wp:term":[{"taxonomy":"product_brand","embeddable":true,"href":"https:\/\/www.nedozery.sk\/vcelarstvo\/wp-json\/wp\/v2\/product_brand?post=6741"},{"taxonomy":"product_cat","embeddable":true,"href":"https:\/\/www.nedozery.sk\/vcelarstvo\/wp-json\/wp\/v2\/product_cat?post=6741"},{"taxonomy":"product_tag","embeddable":true,"href":"https:\/\/www.nedozery.sk\/vcelarstvo\/wp-json\/wp\/v2\/product_tag?post=6741"}],"curies":[{"name":"wp","href":"https:\/\/api.w.org\/{rel}","templated":true}]}}