{"id":677,"date":"2021-11-15T15:20:19","date_gmt":"2021-11-15T14:20:19","guid":{"rendered":"https:\/\/www.nedozery.sk\/vcelarstvo\/?post_type=product&#038;p=677"},"modified":"2025-11-25T11:40:12","modified_gmt":"2025-11-25T10:40:12","slug":"medzistienky-farebne-1-kg-cervena","status":"publish","type":"product","link":"https:\/\/www.nedozery.sk\/vcelarstvo\/produkt\/medzistienky-farebne-1-kg-cervena\/","title":{"rendered":"Medzistienky farebn\u00e9 1 ks &#8211; \u010derven\u00e1"},"content":{"rendered":"<h2><strong style=\"font-size: 15px;color: #58585a\">Farebn\u00e9 medzistienky<\/strong><span style=\"font-size:15px;color:#58585a\"> vhodn\u00e9 na v\u00fdrobu svie\u010dok s rozmerom 390 x 240 mm. Uveden\u00e1 cena je za 1ks.<\/span><\/h2>\n<div class=\"in-pane\">\n<div class=\"long-description\"><u>Mo\u017en\u00e9 farebn\u00e9 varianty:<\/u><\/p>\n<ul>\n<li>Bordov\u00e1<\/li>\n<li>Fialov\u00e1<\/li>\n<li>Modr\u00e1<\/li>\n<li>Oran\u017eov\u00e1<\/li>\n<li>Svetl\u00e1 zelen\u00e1<\/li>\n<li>Tmav\u00e1 zelen\u00e1<\/li>\n<li>\u010cerven\u00e1<\/li>\n<\/ul>\n<\/div>\n<\/div>\n","protected":false},"excerpt":{"rendered":"<p>Farebn\u00e9 medzistienky vhodn\u00e9 na v\u00fdrobu svie\u010dok s rozmerom 390 x 240 mm. Uveden\u00e1 cena je za 1ks. Mo\u017en\u00e9 farebn\u00e9 varianty: Bordov\u00e1 Fialov\u00e1 Modr\u00e1 Oran\u017eov\u00e1 Svetl\u00e1 zelen\u00e1 Tmav\u00e1 zelen\u00e1 \u010cerven\u00e1<\/p>\n","protected":false},"featured_media":678,"comment_status":"open","ping_status":"closed","template":"","meta":[],"product_brand":[],"product_cat":[26,22],"product_tag":[],"class_list":{"0":"post-677","1":"product","2":"type-product","3":"status-publish","4":"has-post-thumbnail","6":"product_cat-medzistienky","7":"product_cat-sviecky","9":"first","10":"outofstock","11":"taxable","12":"shipping-taxable","13":"purchasable","14":"product-type-simple"},"jetpack_sharing_enabled":true,"_links":{"self":[{"href":"https:\/\/www.nedozery.sk\/vcelarstvo\/wp-json\/wp\/v2\/product\/677","targetHints":{"allow":["GET"]}}],"collection":[{"href":"https:\/\/www.nedozery.sk\/vcelarstvo\/wp-json\/wp\/v2\/product"}],"about":[{"href":"https:\/\/www.nedozery.sk\/vcelarstvo\/wp-json\/wp\/v2\/types\/product"}],"replies":[{"embeddable":true,"href":"https:\/\/www.nedozery.sk\/vcelarstvo\/wp-json\/wp\/v2\/comments?post=677"}],"version-history":[{"count":0,"href":"https:\/\/www.nedozery.sk\/vcelarstvo\/wp-json\/wp\/v2\/product\/677\/revisions"}],"wp:featuredmedia":[{"embeddable":true,"href":"https:\/\/www.nedozery.sk\/vcelarstvo\/wp-json\/wp\/v2\/media\/678"}],"wp:attachment":[{"href":"https:\/\/www.nedozery.sk\/vcelarstvo\/wp-json\/wp\/v2\/media?parent=677"}],"wp:term":[{"taxonomy":"product_brand","embeddable":true,"href":"https:\/\/www.nedozery.sk\/vcelarstvo\/wp-json\/wp\/v2\/product_brand?post=677"},{"taxonomy":"product_cat","embeddable":true,"href":"https:\/\/www.nedozery.sk\/vcelarstvo\/wp-json\/wp\/v2\/product_cat?post=677"},{"taxonomy":"product_tag","embeddable":true,"href":"https:\/\/www.nedozery.sk\/vcelarstvo\/wp-json\/wp\/v2\/product_tag?post=677"}],"curies":[{"name":"wp","href":"https:\/\/api.w.org\/{rel}","templated":true}]}}