{"id":728,"date":"2021-11-17T16:19:47","date_gmt":"2021-11-17T15:19:47","guid":{"rendered":"https:\/\/www.nedozery.sk\/vcelarstvo\/?post_type=product&#038;p=728"},"modified":"2024-05-19T11:45:42","modified_gmt":"2024-05-19T09:45:42","slug":"francuzke-medove-mydlo-v-tvare-vcelej-bunky-100g-s-materskou-kasickou","status":"publish","type":"product","link":"https:\/\/www.nedozery.sk\/vcelarstvo\/produkt\/francuzke-medove-mydlo-v-tvare-vcelej-bunky-100g-s-materskou-kasickou\/","title":{"rendered":"Franc\u00fazke medov\u00e9 mydlo v tvare v\u010delej bunky, 100g &#8211; s materskou ka\u0161i\u010dkou"},"content":{"rendered":"<p>Franc\u00fazske medov\u00e9 mydlo 100g je obohaten\u00e9 o v\u010delie produkty a propolis, ktor\u00e9 chr\u00e1nia poko\u017eku pred vys\u00fa\u0161an\u00edm a zanech\u00e1vaj\u00fa ju hebk\u00fa na dotyk. Je ob\u013e\u00faben\u00e9 pre svoju delik\u00e1tnu v\u00f4\u0148u a tvar v\u010delej bunky. Mydl\u00e1 s\u00fa v ponuke v r\u00f4znych farb\u00e1ch, ktor\u00e9 charakterizuj\u00fa dan\u00fa pr\u00edsadu. V\u00e1ha netto: 0,098 kg \/ V\u00e1ha brutto: 0,103 kg<\/p>\n","protected":false},"excerpt":{"rendered":"<p>Franc\u00fazske medov\u00e9 mydlo 100g je obohaten\u00e9 o v\u010delie produkty a propolis, ktor\u00e9 chr\u00e1nia poko\u017eku pred vys\u00fa\u0161an\u00edm a zanech\u00e1vaj\u00fa ju hebk\u00fa na dotyk. Je ob\u013e\u00faben\u00e9 pre svoju delik\u00e1tnu v\u00f4\u0148u a tvar v\u010delej bunky. Mydl\u00e1 s\u00fa v ponuke v r\u00f4znych farb\u00e1ch, ktor\u00e9 charakterizuj\u00fa dan\u00fa pr\u00edsadu. V\u00e1ha netto: 0,098 kg \/ V\u00e1ha brutto: 0,103 kg<\/p>\n","protected":false},"featured_media":725,"comment_status":"open","ping_status":"closed","template":"","meta":[],"product_brand":[],"product_cat":[37],"product_tag":[],"class_list":{"0":"post-728","1":"product","2":"type-product","3":"status-publish","4":"has-post-thumbnail","6":"product_cat-kozmetika","8":"first","9":"outofstock","10":"taxable","11":"shipping-taxable","12":"purchasable","13":"product-type-simple"},"jetpack_sharing_enabled":true,"_links":{"self":[{"href":"https:\/\/www.nedozery.sk\/vcelarstvo\/wp-json\/wp\/v2\/product\/728","targetHints":{"allow":["GET"]}}],"collection":[{"href":"https:\/\/www.nedozery.sk\/vcelarstvo\/wp-json\/wp\/v2\/product"}],"about":[{"href":"https:\/\/www.nedozery.sk\/vcelarstvo\/wp-json\/wp\/v2\/types\/product"}],"replies":[{"embeddable":true,"href":"https:\/\/www.nedozery.sk\/vcelarstvo\/wp-json\/wp\/v2\/comments?post=728"}],"version-history":[{"count":0,"href":"https:\/\/www.nedozery.sk\/vcelarstvo\/wp-json\/wp\/v2\/product\/728\/revisions"}],"wp:featuredmedia":[{"embeddable":true,"href":"https:\/\/www.nedozery.sk\/vcelarstvo\/wp-json\/wp\/v2\/media\/725"}],"wp:attachment":[{"href":"https:\/\/www.nedozery.sk\/vcelarstvo\/wp-json\/wp\/v2\/media?parent=728"}],"wp:term":[{"taxonomy":"product_brand","embeddable":true,"href":"https:\/\/www.nedozery.sk\/vcelarstvo\/wp-json\/wp\/v2\/product_brand?post=728"},{"taxonomy":"product_cat","embeddable":true,"href":"https:\/\/www.nedozery.sk\/vcelarstvo\/wp-json\/wp\/v2\/product_cat?post=728"},{"taxonomy":"product_tag","embeddable":true,"href":"https:\/\/www.nedozery.sk\/vcelarstvo\/wp-json\/wp\/v2\/product_tag?post=728"}],"curies":[{"name":"wp","href":"https:\/\/api.w.org\/{rel}","templated":true}]}}