{"id":748,"date":"2021-11-19T20:55:19","date_gmt":"2021-11-19T19:55:19","guid":{"rendered":"https:\/\/www.nedozery.sk\/vcelarstvo\/?post_type=product&#038;p=748"},"modified":"2024-01-13T15:35:12","modified_gmt":"2024-01-13T14:35:12","slug":"kyselina-stavelova-2h2o-cista-pure-1-kg","status":"publish","type":"product","link":"https:\/\/www.nedozery.sk\/vcelarstvo\/produkt\/kyselina-stavelova-2h2o-cista-pure-1-kg\/","title":{"rendered":"Kyselina \u0161tavelov\u00e1 2H2O \u010dist\u00e1 \/ pure 1 kg"},"content":{"rendered":"<p><strong><img data-recalc-dims=\"1\" decoding=\"async\" class=\"wp-image-747 alignleft\" src=\"https:\/\/i0.wp.com\/www.nedozery.sk\/vcelarstvo\/wp-content\/uploads\/2021\/11\/800px-GHS-pictogram-acid.svg_.png?resize=130%2C130&#038;ssl=1\" alt=\"\" width=\"130\" height=\"130\" srcset=\"https:\/\/i0.wp.com\/www.nedozery.sk\/vcelarstvo\/wp-content\/uploads\/2021\/11\/800px-GHS-pictogram-acid.svg_.png?resize=300%2C300&amp;ssl=1 300w, https:\/\/i0.wp.com\/www.nedozery.sk\/vcelarstvo\/wp-content\/uploads\/2021\/11\/800px-GHS-pictogram-acid.svg_.png?resize=150%2C150&amp;ssl=1 150w, https:\/\/i0.wp.com\/www.nedozery.sk\/vcelarstvo\/wp-content\/uploads\/2021\/11\/800px-GHS-pictogram-acid.svg_.png?resize=768%2C768&amp;ssl=1 768w, https:\/\/i0.wp.com\/www.nedozery.sk\/vcelarstvo\/wp-content\/uploads\/2021\/11\/800px-GHS-pictogram-acid.svg_.png?resize=600%2C600&amp;ssl=1 600w, https:\/\/i0.wp.com\/www.nedozery.sk\/vcelarstvo\/wp-content\/uploads\/2021\/11\/800px-GHS-pictogram-acid.svg_.png?w=800&amp;ssl=1 800w\" sizes=\"(max-width: 130px) 100vw, 130px\" \/>Kyselina \u0161\u0165ave\u013eov\u00e1 &#8211; ox\u00e1lov\u00e1 dihydr\u00e1t \/ pure <\/strong>je v boji proti Varro\u00e1ze druh\u00e1 najd\u00f4le\u017eitej\u0161ia organick\u00e1 kyselina. Hlavn\u00e9 vyu\u017eitie spo\u010d\u00edva v zimnom o\u0161etren\u00ed v\u0161etk\u00fdch v\u010delstiev v bezplodovom obdob\u00ed. V z\u00e1sade sa m\u00f4\u017ee kyselina \u0161\u0165avelov\u00e1 vo v\u010delstv\u00e1ch pou\u017e\u00edva\u0165 \u0161tyrmi sp\u00f4sobmi: nalievan\u00edm, postrekom, odparovan\u00edm a ako s\u00fa\u010das\u0165 pevn\u00e9ho nosi\u010da.<\/p>\n<p>Balenie: 1 kg<\/p>\n","protected":false},"excerpt":{"rendered":"<p>Kyselina \u0161\u0165ave\u013eov\u00e1 &#8211; ox\u00e1lov\u00e1 dihydr\u00e1t \/ pure je v boji proti Varro\u00e1ze druh\u00e1 najd\u00f4le\u017eitej\u0161ia organick\u00e1 kyselina. Hlavn\u00e9 vyu\u017eitie spo\u010d\u00edva v zimnom o\u0161etren\u00ed v\u0161etk\u00fdch v\u010delstiev v bezplodovom obdob\u00ed. V z\u00e1sade sa m\u00f4\u017ee kyselina \u0161\u0165avelov\u00e1 vo v\u010delstv\u00e1ch pou\u017e\u00edva\u0165 \u0161tyrmi sp\u00f4sobmi: nalievan\u00edm, postrekom, odparovan\u00edm a ako s\u00fa\u010das\u0165 pevn\u00e9ho nosi\u010da. Balenie: 1 kg<\/p>\n","protected":false},"featured_media":750,"comment_status":"open","ping_status":"closed","template":"","meta":[],"product_brand":[],"product_cat":[20,73],"product_tag":[],"class_list":{"0":"post-748","1":"product","2":"type-product","3":"status-publish","4":"has-post-thumbnail","6":"product_cat-lieciva","7":"product_cat-varroa","9":"first","10":"instock","11":"taxable","12":"shipping-taxable","13":"purchasable","14":"product-type-simple"},"jetpack_sharing_enabled":true,"_links":{"self":[{"href":"https:\/\/www.nedozery.sk\/vcelarstvo\/wp-json\/wp\/v2\/product\/748","targetHints":{"allow":["GET"]}}],"collection":[{"href":"https:\/\/www.nedozery.sk\/vcelarstvo\/wp-json\/wp\/v2\/product"}],"about":[{"href":"https:\/\/www.nedozery.sk\/vcelarstvo\/wp-json\/wp\/v2\/types\/product"}],"replies":[{"embeddable":true,"href":"https:\/\/www.nedozery.sk\/vcelarstvo\/wp-json\/wp\/v2\/comments?post=748"}],"version-history":[{"count":0,"href":"https:\/\/www.nedozery.sk\/vcelarstvo\/wp-json\/wp\/v2\/product\/748\/revisions"}],"wp:featuredmedia":[{"embeddable":true,"href":"https:\/\/www.nedozery.sk\/vcelarstvo\/wp-json\/wp\/v2\/media\/750"}],"wp:attachment":[{"href":"https:\/\/www.nedozery.sk\/vcelarstvo\/wp-json\/wp\/v2\/media?parent=748"}],"wp:term":[{"taxonomy":"product_brand","embeddable":true,"href":"https:\/\/www.nedozery.sk\/vcelarstvo\/wp-json\/wp\/v2\/product_brand?post=748"},{"taxonomy":"product_cat","embeddable":true,"href":"https:\/\/www.nedozery.sk\/vcelarstvo\/wp-json\/wp\/v2\/product_cat?post=748"},{"taxonomy":"product_tag","embeddable":true,"href":"https:\/\/www.nedozery.sk\/vcelarstvo\/wp-json\/wp\/v2\/product_tag?post=748"}],"curies":[{"name":"wp","href":"https:\/\/api.w.org\/{rel}","templated":true}]}}