{"id":751,"date":"2021-11-19T21:08:40","date_gmt":"2021-11-19T20:08:40","guid":{"rendered":"https:\/\/www.nedozery.sk\/vcelarstvo\/?post_type=product&#038;p=751"},"modified":"2024-01-13T15:35:07","modified_gmt":"2024-01-13T14:35:07","slug":"aceton-cisty-pure","status":"publish","type":"product","link":"https:\/\/www.nedozery.sk\/vcelarstvo\/produkt\/aceton-cisty-pure\/","title":{"rendered":"Acet\u00f3n \u010dist\u00fd \/ pure  (len osobn\u00fd odber !)"},"content":{"rendered":"<p><img data-recalc-dims=\"1\" decoding=\"async\" class=\"wp-image-753 alignleft\" src=\"https:\/\/i0.wp.com\/www.nedozery.sk\/vcelarstvo\/wp-content\/uploads\/2021\/11\/GHS02.png?resize=130%2C130&#038;ssl=1\" alt=\"\" width=\"130\" height=\"130\" srcset=\"https:\/\/i0.wp.com\/www.nedozery.sk\/vcelarstvo\/wp-content\/uploads\/2021\/11\/GHS02.png?w=200&amp;ssl=1 200w, https:\/\/i0.wp.com\/www.nedozery.sk\/vcelarstvo\/wp-content\/uploads\/2021\/11\/GHS02.png?resize=150%2C150&amp;ssl=1 150w\" sizes=\"(max-width: 130px) 100vw, 130px\" \/> <img data-recalc-dims=\"1\" decoding=\"async\" class=\"wp-image-754 alignleft\" src=\"https:\/\/i0.wp.com\/www.nedozery.sk\/vcelarstvo\/wp-content\/uploads\/2021\/11\/GHS07.png?resize=130%2C130&#038;ssl=1\" alt=\"\" width=\"130\" height=\"130\" srcset=\"https:\/\/i0.wp.com\/www.nedozery.sk\/vcelarstvo\/wp-content\/uploads\/2021\/11\/GHS07.png?w=200&amp;ssl=1 200w, https:\/\/i0.wp.com\/www.nedozery.sk\/vcelarstvo\/wp-content\/uploads\/2021\/11\/GHS07.png?resize=150%2C150&amp;ssl=1 150w\" sizes=\"(max-width: 130px) 100vw, 130px\" \/>ACET\u00d3N<br \/>\nVzorec : C3H6O<br \/>\nKvalita : \u010dist\u00fd<br \/>\nCAS : 67-64-1<br \/>\nM.h : 58,08<br \/>\nExpir\u00e1cia : 3 roky<br \/>\n\u0160pecifik\u00e1cia<br \/>\nSledovan\u00fd parameter Nameran\u00e1 hodnota Jednotka<br \/>\nObsah hl. zlo\u017eky (GC) min 99,0 %<br \/>\nZvy\u0161ok po odparen\u00ed max 0,001 %<br \/>\nVo\u013en\u00e9 kyseliny (ako CH3COOH) max 0,003 %<br \/>\nVo\u013en\u00e9 alk\u00e1lie (ako NH3) max 0,001 %<br \/>\nAldehydy (ako HCOH) max 0,006 %<br \/>\nVoda ( pod\u013ea K.F.) max 0,5 %<br \/>\nOrganick\u00e9 l\u00e1tky nerozp. v H2O pre\u0161lo testom<br \/>\nL\u00e1tky red. KMnO4 max 0,0002<\/p>\n","protected":false},"excerpt":{"rendered":"<p>ACET\u00d3N Vzorec : C3H6O Kvalita : \u010dist\u00fd CAS : 67-64-1 M.h : 58,08 Expir\u00e1cia : 3 roky \u0160pecifik\u00e1cia Sledovan\u00fd parameter Nameran\u00e1 hodnota Jednotka Obsah hl. zlo\u017eky (GC) min 99,0 % Zvy\u0161ok po odparen\u00ed max 0,001 % Vo\u013en\u00e9 kyseliny (ako CH3COOH) max 0,003 % Vo\u013en\u00e9 alk\u00e1lie (ako NH3) max 0,001 % Aldehydy (ako HCOH) max 0,006 <a href=\"https:\/\/www.nedozery.sk\/vcelarstvo\/produkt\/aceton-cisty-pure\/\" class=\"read-more inline\">\u010c\u00edtaj \u010falej<\/a><\/p>\n","protected":false},"featured_media":752,"comment_status":"open","ping_status":"closed","template":"","meta":[],"product_brand":[],"product_cat":[20,73],"product_tag":[],"class_list":{"0":"post-751","1":"product","2":"type-product","3":"status-publish","4":"has-post-thumbnail","6":"product_cat-lieciva","7":"product_cat-varroa","9":"first","10":"instock","11":"taxable","12":"shipping-taxable","13":"purchasable","14":"product-type-simple"},"jetpack_sharing_enabled":true,"_links":{"self":[{"href":"https:\/\/www.nedozery.sk\/vcelarstvo\/wp-json\/wp\/v2\/product\/751","targetHints":{"allow":["GET"]}}],"collection":[{"href":"https:\/\/www.nedozery.sk\/vcelarstvo\/wp-json\/wp\/v2\/product"}],"about":[{"href":"https:\/\/www.nedozery.sk\/vcelarstvo\/wp-json\/wp\/v2\/types\/product"}],"replies":[{"embeddable":true,"href":"https:\/\/www.nedozery.sk\/vcelarstvo\/wp-json\/wp\/v2\/comments?post=751"}],"version-history":[{"count":0,"href":"https:\/\/www.nedozery.sk\/vcelarstvo\/wp-json\/wp\/v2\/product\/751\/revisions"}],"wp:featuredmedia":[{"embeddable":true,"href":"https:\/\/www.nedozery.sk\/vcelarstvo\/wp-json\/wp\/v2\/media\/752"}],"wp:attachment":[{"href":"https:\/\/www.nedozery.sk\/vcelarstvo\/wp-json\/wp\/v2\/media?parent=751"}],"wp:term":[{"taxonomy":"product_brand","embeddable":true,"href":"https:\/\/www.nedozery.sk\/vcelarstvo\/wp-json\/wp\/v2\/product_brand?post=751"},{"taxonomy":"product_cat","embeddable":true,"href":"https:\/\/www.nedozery.sk\/vcelarstvo\/wp-json\/wp\/v2\/product_cat?post=751"},{"taxonomy":"product_tag","embeddable":true,"href":"https:\/\/www.nedozery.sk\/vcelarstvo\/wp-json\/wp\/v2\/product_tag?post=751"}],"curies":[{"name":"wp","href":"https:\/\/api.w.org\/{rel}","templated":true}]}}