{"id":759,"date":"2021-11-19T23:03:13","date_gmt":"2021-11-19T22:03:13","guid":{"rendered":"https:\/\/www.nedozery.sk\/vcelarstvo\/?post_type=product&#038;p=759"},"modified":"2023-12-06T18:12:52","modified_gmt":"2023-12-06T17:12:52","slug":"set-na-vyrobu-sviecok","status":"publish","type":"product","link":"https:\/\/www.nedozery.sk\/vcelarstvo\/produkt\/set-na-vyrobu-sviecok\/","title":{"rendered":"Set na v\u00fdrobu svie\u010dok"},"content":{"rendered":"<p>Set na v\u00fdrobu svie\u010dok met\u00f3dou st\u00e1\u010dania medzistienok.<\/p>\n<p>Obdarujte svojich bl\u00edzkych a doprajte im rados\u0165 z vlastno vyroben\u00fdch svie\u010dok. V balen\u00ed n\u00e1jdete medzistienky o rozmere 195x120mm v pr\u00edrodnej podobe, ale aj v \u0161tyroch farb\u00e1ch, knot na v\u00fdrobu svie\u010dok \u010d.3 \/5m a stru\u010dn\u00fd n\u00e1vod.<br \/>\nV\u0161etky medzistienky s\u00fa z prav\u00e9ho v\u010delieho vosku.<br \/>\nSet je ur\u010den\u00fd pre za\u010diato\u010dn\u00edkov.<\/p>\n","protected":false},"excerpt":{"rendered":"<p>Set na v\u00fdrobu svie\u010dok met\u00f3dou st\u00e1\u010dania medzistienok. Obdarujte svojich bl\u00edzkych a doprajte im rados\u0165 z vlastno vyroben\u00fdch svie\u010dok. V balen\u00ed n\u00e1jdete medzistienky o rozmere 195x120mm v pr\u00edrodnej podobe, ale aj v \u0161tyroch farb\u00e1ch, knot na v\u00fdrobu svie\u010dok \u010d.3 \/5m a stru\u010dn\u00fd n\u00e1vod. V\u0161etky medzistienky s\u00fa z prav\u00e9ho v\u010delieho vosku. Set je ur\u010den\u00fd pre za\u010diato\u010dn\u00edkov.<\/p>\n","protected":false},"featured_media":801,"comment_status":"open","ping_status":"closed","template":"","meta":[],"product_brand":[],"product_cat":[31],"product_tag":[],"class_list":{"0":"post-759","1":"product","2":"type-product","3":"status-publish","4":"has-post-thumbnail","6":"product_cat-darceky","8":"first","9":"outofstock","10":"taxable","11":"shipping-taxable","12":"purchasable","13":"product-type-simple"},"jetpack_sharing_enabled":true,"_links":{"self":[{"href":"https:\/\/www.nedozery.sk\/vcelarstvo\/wp-json\/wp\/v2\/product\/759","targetHints":{"allow":["GET"]}}],"collection":[{"href":"https:\/\/www.nedozery.sk\/vcelarstvo\/wp-json\/wp\/v2\/product"}],"about":[{"href":"https:\/\/www.nedozery.sk\/vcelarstvo\/wp-json\/wp\/v2\/types\/product"}],"replies":[{"embeddable":true,"href":"https:\/\/www.nedozery.sk\/vcelarstvo\/wp-json\/wp\/v2\/comments?post=759"}],"version-history":[{"count":0,"href":"https:\/\/www.nedozery.sk\/vcelarstvo\/wp-json\/wp\/v2\/product\/759\/revisions"}],"wp:featuredmedia":[{"embeddable":true,"href":"https:\/\/www.nedozery.sk\/vcelarstvo\/wp-json\/wp\/v2\/media\/801"}],"wp:attachment":[{"href":"https:\/\/www.nedozery.sk\/vcelarstvo\/wp-json\/wp\/v2\/media?parent=759"}],"wp:term":[{"taxonomy":"product_brand","embeddable":true,"href":"https:\/\/www.nedozery.sk\/vcelarstvo\/wp-json\/wp\/v2\/product_brand?post=759"},{"taxonomy":"product_cat","embeddable":true,"href":"https:\/\/www.nedozery.sk\/vcelarstvo\/wp-json\/wp\/v2\/product_cat?post=759"},{"taxonomy":"product_tag","embeddable":true,"href":"https:\/\/www.nedozery.sk\/vcelarstvo\/wp-json\/wp\/v2\/product_tag?post=759"}],"curies":[{"name":"wp","href":"https:\/\/api.w.org\/{rel}","templated":true}]}}