{"id":784,"date":"2021-11-23T19:18:17","date_gmt":"2021-11-23T18:18:17","guid":{"rendered":"https:\/\/www.nedozery.sk\/vcelarstvo\/?post_type=product&#038;p=784"},"modified":"2023-10-27T14:31:30","modified_gmt":"2023-10-27T12:31:30","slug":"darcekovy-set-sviecky-set7-ks","status":"publish","type":"product","link":"https:\/\/www.nedozery.sk\/vcelarstvo\/produkt\/darcekovy-set-sviecky-set7-ks\/","title":{"rendered":"Dar\u010dekov\u00fd set svie\u010dky SET7 &#8211; ks"},"content":{"rendered":"<p>Dar\u010dekov\u00fd set obsahuje dar\u010dekov\u00fa krabicu, dreven\u00fa vlnu, 4x ru\u010dne vyroben\u00e9 svie\u010dky z prav\u00e9ho v\u010delieho vosku a 2x medov\u00e9 mydlo s pr\u00edmesou v\u010del\u00fdch produktov.<\/p>\n<p>Svie\u010dky pon\u00fakame vo farb\u00e1ch: tmavo modr\u00e1, tmavo zelen\u00e1, \u010derven\u00e1, pr\u00edrodn\u00e1 z nefarben\u00e9ho vosku (\u017elt\u00e1)<br \/>\nPo\u017eadovan\u00fa frbu nap\u00ed\u0161te do pozn\u00e1mky pri objedn\u00e1vke.<\/p>\n<p>Svie\u010dky nenech\u00e1vajte horie\u0165 bez dozoru !<\/p>\n","protected":false},"excerpt":{"rendered":"<p>Dar\u010dekov\u00fd set obsahuje dar\u010dekov\u00fa krabicu, dreven\u00fa vlnu, 4x ru\u010dne vyroben\u00e9 svie\u010dky z prav\u00e9ho v\u010delieho vosku a 2x medov\u00e9 mydlo s pr\u00edmesou v\u010del\u00fdch produktov. Svie\u010dky pon\u00fakame vo farb\u00e1ch: tmavo modr\u00e1, tmavo zelen\u00e1, \u010derven\u00e1, pr\u00edrodn\u00e1 z nefarben\u00e9ho vosku (\u017elt\u00e1) Po\u017eadovan\u00fa frbu nap\u00ed\u0161te do pozn\u00e1mky pri objedn\u00e1vke. Svie\u010dky nenech\u00e1vajte horie\u0165 bez dozoru !<\/p>\n","protected":false},"featured_media":785,"comment_status":"open","ping_status":"closed","template":"","meta":[],"product_brand":[],"product_cat":[31],"product_tag":[],"class_list":{"0":"post-784","1":"product","2":"type-product","3":"status-publish","4":"has-post-thumbnail","6":"product_cat-darceky","8":"first","9":"outofstock","10":"taxable","11":"shipping-taxable","12":"purchasable","13":"product-type-simple"},"jetpack_sharing_enabled":true,"_links":{"self":[{"href":"https:\/\/www.nedozery.sk\/vcelarstvo\/wp-json\/wp\/v2\/product\/784","targetHints":{"allow":["GET"]}}],"collection":[{"href":"https:\/\/www.nedozery.sk\/vcelarstvo\/wp-json\/wp\/v2\/product"}],"about":[{"href":"https:\/\/www.nedozery.sk\/vcelarstvo\/wp-json\/wp\/v2\/types\/product"}],"replies":[{"embeddable":true,"href":"https:\/\/www.nedozery.sk\/vcelarstvo\/wp-json\/wp\/v2\/comments?post=784"}],"version-history":[{"count":0,"href":"https:\/\/www.nedozery.sk\/vcelarstvo\/wp-json\/wp\/v2\/product\/784\/revisions"}],"wp:featuredmedia":[{"embeddable":true,"href":"https:\/\/www.nedozery.sk\/vcelarstvo\/wp-json\/wp\/v2\/media\/785"}],"wp:attachment":[{"href":"https:\/\/www.nedozery.sk\/vcelarstvo\/wp-json\/wp\/v2\/media?parent=784"}],"wp:term":[{"taxonomy":"product_brand","embeddable":true,"href":"https:\/\/www.nedozery.sk\/vcelarstvo\/wp-json\/wp\/v2\/product_brand?post=784"},{"taxonomy":"product_cat","embeddable":true,"href":"https:\/\/www.nedozery.sk\/vcelarstvo\/wp-json\/wp\/v2\/product_cat?post=784"},{"taxonomy":"product_tag","embeddable":true,"href":"https:\/\/www.nedozery.sk\/vcelarstvo\/wp-json\/wp\/v2\/product_tag?post=784"}],"curies":[{"name":"wp","href":"https:\/\/api.w.org\/{rel}","templated":true}]}}