{"id":827,"date":"2021-11-26T16:31:20","date_gmt":"2021-11-26T15:31:20","guid":{"rendered":"https:\/\/www.nedozery.sk\/vcelarstvo\/?post_type=product&#038;p=827"},"modified":"2023-10-27T14:31:31","modified_gmt":"2023-10-27T12:31:31","slug":"medovy-ocny-krem-15g","status":"publish","type":"product","link":"https:\/\/www.nedozery.sk\/vcelarstvo\/produkt\/medovy-ocny-krem-15g\/","title":{"rendered":"Medov\u00fd o\u010dn\u00fd kr\u00e9m, 15g"},"content":{"rendered":"<p>Medov\u00fd o\u010dn\u00fd kr\u00e9m v\u00fdrazne zlep\u0161uje nap\u00e4tie a pru\u017enos\u0165 pleti v citlivej oblasti o\u010dn\u00e9ho okolia. Z\u00e1rove\u0148 dlhodobo podporuje jej regener\u00e1ciu. Pokia\u013e sa pou\u017e\u00edva pravidelne a poctivo, vyhladzuje jemn\u00e9 mimick\u00e9 vr\u00e1sky v o\u010dnom okol\u00ed. O\u0161etrenie o\u010dn\u00fdch parti\u00ed je s medov\u00fdm o\u010dn\u00fdm kr\u00e9mom ve\u013emi pr\u00edjemn\u00e9. Kr\u00e1sne o\u010di a prenikav\u00fd poh\u013ead toti\u017e nedefinuje len farba alebo tvar o\u010d\u00ed, ale tie\u017e jemn\u00e1 poko\u017eka v ich okol\u00ed. Ve\u010dn\u00e9 kruhy pod o\u010dami, drobn\u00e9 otoky aj mimick\u00e9 vr\u00e1sky pridaj\u00fa aspo\u0148 p\u00e4t rokov naviac a celkov\u00fd vzh\u013ead je k\u00f4li nim unavenej\u0161\u00ed a menej atrakt\u00edvny. Svie\u017eo vyzeraj\u00face a dobre udr\u017eiavan\u00e9 o\u010dn\u00e9 okolie cel\u00fa tv\u00e1r naopak omladzuje a pom\u00e1ha k mladistv\u00e9mu a odpo\u010dinut\u00e9mu vzh\u013eadu.<\/p>\n<p>N\u00e1vod na pou\u017eitie:<br \/>\nKr\u00e9m nan\u00e1\u0161ajte bru\u0161kami prsten\u00ed\u010dkov a jemne vklep\u00e1vajte do o\u010dn\u00e9ho okolia asi 1 cm pod oko. Postupujte v\u017edy od vonkaj\u0161ieho k\u00fatika k vn\u00fatorn\u00e9mu. O\u010dn\u00fd kr\u00e9m potom jemne roztierajte kr\u00fa\u017eiv\u00fdmi pohybmi a dajte mu chv\u00ed\u013eku, aby sa vstrebal.<\/p>\n<p>Balenie: 15 g<\/p>\n","protected":false},"excerpt":{"rendered":"<p>Medov\u00fd o\u010dn\u00fd kr\u00e9m v\u00fdrazne zlep\u0161uje nap\u00e4tie a pru\u017enos\u0165 pleti v citlivej oblasti o\u010dn\u00e9ho okolia. Z\u00e1rove\u0148 dlhodobo podporuje jej regener\u00e1ciu. Pokia\u013e sa pou\u017e\u00edva pravidelne a poctivo, vyhladzuje jemn\u00e9 mimick\u00e9 vr\u00e1sky v o\u010dnom okol\u00ed. O\u0161etrenie o\u010dn\u00fdch parti\u00ed je s medov\u00fdm o\u010dn\u00fdm kr\u00e9mom ve\u013emi pr\u00edjemn\u00e9. Kr\u00e1sne o\u010di a prenikav\u00fd poh\u013ead toti\u017e nedefinuje len farba alebo tvar o\u010d\u00ed, ale <a href=\"https:\/\/www.nedozery.sk\/vcelarstvo\/produkt\/medovy-ocny-krem-15g\/\" class=\"read-more inline\">\u010c\u00edtaj \u010falej<\/a><\/p>\n","protected":false},"featured_media":828,"comment_status":"open","ping_status":"closed","template":"","meta":[],"product_brand":[],"product_cat":[37],"product_tag":[],"class_list":{"0":"post-827","1":"product","2":"type-product","3":"status-publish","4":"has-post-thumbnail","6":"product_cat-kozmetika","8":"first","9":"outofstock","10":"taxable","11":"shipping-taxable","12":"purchasable","13":"product-type-simple"},"jetpack_sharing_enabled":true,"_links":{"self":[{"href":"https:\/\/www.nedozery.sk\/vcelarstvo\/wp-json\/wp\/v2\/product\/827","targetHints":{"allow":["GET"]}}],"collection":[{"href":"https:\/\/www.nedozery.sk\/vcelarstvo\/wp-json\/wp\/v2\/product"}],"about":[{"href":"https:\/\/www.nedozery.sk\/vcelarstvo\/wp-json\/wp\/v2\/types\/product"}],"replies":[{"embeddable":true,"href":"https:\/\/www.nedozery.sk\/vcelarstvo\/wp-json\/wp\/v2\/comments?post=827"}],"version-history":[{"count":0,"href":"https:\/\/www.nedozery.sk\/vcelarstvo\/wp-json\/wp\/v2\/product\/827\/revisions"}],"wp:featuredmedia":[{"embeddable":true,"href":"https:\/\/www.nedozery.sk\/vcelarstvo\/wp-json\/wp\/v2\/media\/828"}],"wp:attachment":[{"href":"https:\/\/www.nedozery.sk\/vcelarstvo\/wp-json\/wp\/v2\/media?parent=827"}],"wp:term":[{"taxonomy":"product_brand","embeddable":true,"href":"https:\/\/www.nedozery.sk\/vcelarstvo\/wp-json\/wp\/v2\/product_brand?post=827"},{"taxonomy":"product_cat","embeddable":true,"href":"https:\/\/www.nedozery.sk\/vcelarstvo\/wp-json\/wp\/v2\/product_cat?post=827"},{"taxonomy":"product_tag","embeddable":true,"href":"https:\/\/www.nedozery.sk\/vcelarstvo\/wp-json\/wp\/v2\/product_tag?post=827"}],"curies":[{"name":"wp","href":"https:\/\/api.w.org\/{rel}","templated":true}]}}