{"id":829,"date":"2021-11-26T16:39:46","date_gmt":"2021-11-26T15:39:46","guid":{"rendered":"https:\/\/www.nedozery.sk\/vcelarstvo\/?post_type=product&#038;p=829"},"modified":"2025-11-04T23:02:48","modified_gmt":"2025-11-04T22:02:48","slug":"medovy-sampon-s-kondicionerom-150g","status":"publish","type":"product","link":"https:\/\/www.nedozery.sk\/vcelarstvo\/produkt\/medovy-sampon-s-kondicionerom-150g\/","title":{"rendered":"Medov\u00fd \u0161amp\u00f3n s kondicion\u00e9rom, 150g"},"content":{"rendered":"<p>Medov\u00fd \u0161amp\u00f3n s kondicion\u00e9rom 150g pohlad\u00ed Va\u0161e unaven\u00e9 vlasy a dod\u00e1 im potrebn\u00e9 l\u00e1tky obsiahnut\u00e9 v mede (vitam\u00edny, miner\u00e1lne l\u00e1tky). Medov\u00fd \u0161amp\u00f3n s kondicion\u00e9rom p\u00f4sob\u00ed blahod\u00e1rne na vlasy a poko\u017eku. Spevn\u00ed korienka vlasov a obmedz\u00ed tvorbu lup\u00edn. Vlasy s\u00fa bohat\u00e9 a zdrav\u00e9. Kondicion\u00e9r pom\u00f4\u017ee Va\u0161e vlasy roz\u010desa\u0165 a dod\u00e1 objem V\u00e1\u0161mu \u00fa\u010desu. Po umyt\u00ed doporu\u010dujeme vmas\u00edrova\u0165 vlasov\u00fa vodu s propolisom alebo s materskou ka\u0161i\u010dkou do vlasov. pH neutr\u00e1lne.<\/p>\n<p>Balenie: 150g<\/p>\n","protected":false},"excerpt":{"rendered":"<p>Medov\u00fd \u0161amp\u00f3n s kondicion\u00e9rom 150g pohlad\u00ed Va\u0161e unaven\u00e9 vlasy a dod\u00e1 im potrebn\u00e9 l\u00e1tky obsiahnut\u00e9 v mede (vitam\u00edny, miner\u00e1lne l\u00e1tky). Medov\u00fd \u0161amp\u00f3n s kondicion\u00e9rom p\u00f4sob\u00ed blahod\u00e1rne na vlasy a poko\u017eku. Spevn\u00ed korienka vlasov a obmedz\u00ed tvorbu lup\u00edn. Vlasy s\u00fa bohat\u00e9 a zdrav\u00e9. Kondicion\u00e9r pom\u00f4\u017ee Va\u0161e vlasy roz\u010desa\u0165 a dod\u00e1 objem V\u00e1\u0161mu \u00fa\u010desu. Po umyt\u00ed doporu\u010dujeme <a href=\"https:\/\/www.nedozery.sk\/vcelarstvo\/produkt\/medovy-sampon-s-kondicionerom-150g\/\" class=\"read-more inline\">\u010c\u00edtaj \u010falej<\/a><\/p>\n","protected":false},"featured_media":830,"comment_status":"open","ping_status":"closed","template":"","meta":[],"product_brand":[],"product_cat":[37,101],"product_tag":[],"class_list":{"0":"post-829","1":"product","2":"type-product","3":"status-publish","4":"has-post-thumbnail","6":"product_cat-kozmetika","7":"product_cat-sampony","9":"first","10":"outofstock","11":"purchasable","12":"product-type-simple"},"jetpack_sharing_enabled":true,"_links":{"self":[{"href":"https:\/\/www.nedozery.sk\/vcelarstvo\/wp-json\/wp\/v2\/product\/829","targetHints":{"allow":["GET"]}}],"collection":[{"href":"https:\/\/www.nedozery.sk\/vcelarstvo\/wp-json\/wp\/v2\/product"}],"about":[{"href":"https:\/\/www.nedozery.sk\/vcelarstvo\/wp-json\/wp\/v2\/types\/product"}],"replies":[{"embeddable":true,"href":"https:\/\/www.nedozery.sk\/vcelarstvo\/wp-json\/wp\/v2\/comments?post=829"}],"version-history":[{"count":0,"href":"https:\/\/www.nedozery.sk\/vcelarstvo\/wp-json\/wp\/v2\/product\/829\/revisions"}],"wp:featuredmedia":[{"embeddable":true,"href":"https:\/\/www.nedozery.sk\/vcelarstvo\/wp-json\/wp\/v2\/media\/830"}],"wp:attachment":[{"href":"https:\/\/www.nedozery.sk\/vcelarstvo\/wp-json\/wp\/v2\/media?parent=829"}],"wp:term":[{"taxonomy":"product_brand","embeddable":true,"href":"https:\/\/www.nedozery.sk\/vcelarstvo\/wp-json\/wp\/v2\/product_brand?post=829"},{"taxonomy":"product_cat","embeddable":true,"href":"https:\/\/www.nedozery.sk\/vcelarstvo\/wp-json\/wp\/v2\/product_cat?post=829"},{"taxonomy":"product_tag","embeddable":true,"href":"https:\/\/www.nedozery.sk\/vcelarstvo\/wp-json\/wp\/v2\/product_tag?post=829"}],"curies":[{"name":"wp","href":"https:\/\/api.w.org\/{rel}","templated":true}]}}