{"id":833,"date":"2021-11-26T20:18:29","date_gmt":"2021-11-26T19:18:29","guid":{"rendered":"https:\/\/www.nedozery.sk\/vcelarstvo\/?post_type=product&#038;p=833"},"modified":"2023-10-27T14:31:32","modified_gmt":"2023-10-27T12:31:32","slug":"darcekovy-set-c-9","status":"publish","type":"product","link":"https:\/\/www.nedozery.sk\/vcelarstvo\/produkt\/darcekovy-set-c-9\/","title":{"rendered":"Dar\u010dekov\u00fd set 9"},"content":{"rendered":"<p>Dar\u010dekov\u00fd set obsahuje :<\/p>\n<p>Svie\u010dka 12&#215;4,5cm<br \/>\nSvie\u010dka 24x3cm<br \/>\nMydlo medov\u00e9 &#8211; s materskou ka\u0161i\u010dkou<br \/>\n\u0160amp\u00f3n s propolisom<br \/>\nZubn\u00e1 pasta s propolisom<\/p>\n<p>(dar\u010dekov\u00e1 krabica a drevn\u00e1 vlna)<br \/>\nfarba svie\u010dok a mydla pod\u013ea \u017eelania. (pri objedn\u00e1vke nap\u00ed\u0161te do pozn\u00e1mky)<\/p>\n","protected":false},"excerpt":{"rendered":"<p>Dar\u010dekov\u00fd set obsahuje : Svie\u010dka 12&#215;4,5cm Svie\u010dka 24x3cm Mydlo medov\u00e9 &#8211; s materskou ka\u0161i\u010dkou \u0160amp\u00f3n s propolisom Zubn\u00e1 pasta s propolisom (dar\u010dekov\u00e1 krabica a drevn\u00e1 vlna) farba svie\u010dok a mydla pod\u013ea \u017eelania. (pri objedn\u00e1vke nap\u00ed\u0161te do pozn\u00e1mky)<\/p>\n","protected":false},"featured_media":963,"comment_status":"open","ping_status":"closed","template":"","meta":[],"product_brand":[],"product_cat":[31],"product_tag":[],"class_list":{"0":"post-833","1":"product","2":"type-product","3":"status-publish","4":"has-post-thumbnail","6":"product_cat-darceky","8":"first","9":"outofstock","10":"taxable","11":"shipping-taxable","12":"purchasable","13":"product-type-simple"},"jetpack_sharing_enabled":true,"_links":{"self":[{"href":"https:\/\/www.nedozery.sk\/vcelarstvo\/wp-json\/wp\/v2\/product\/833","targetHints":{"allow":["GET"]}}],"collection":[{"href":"https:\/\/www.nedozery.sk\/vcelarstvo\/wp-json\/wp\/v2\/product"}],"about":[{"href":"https:\/\/www.nedozery.sk\/vcelarstvo\/wp-json\/wp\/v2\/types\/product"}],"replies":[{"embeddable":true,"href":"https:\/\/www.nedozery.sk\/vcelarstvo\/wp-json\/wp\/v2\/comments?post=833"}],"version-history":[{"count":0,"href":"https:\/\/www.nedozery.sk\/vcelarstvo\/wp-json\/wp\/v2\/product\/833\/revisions"}],"wp:featuredmedia":[{"embeddable":true,"href":"https:\/\/www.nedozery.sk\/vcelarstvo\/wp-json\/wp\/v2\/media\/963"}],"wp:attachment":[{"href":"https:\/\/www.nedozery.sk\/vcelarstvo\/wp-json\/wp\/v2\/media?parent=833"}],"wp:term":[{"taxonomy":"product_brand","embeddable":true,"href":"https:\/\/www.nedozery.sk\/vcelarstvo\/wp-json\/wp\/v2\/product_brand?post=833"},{"taxonomy":"product_cat","embeddable":true,"href":"https:\/\/www.nedozery.sk\/vcelarstvo\/wp-json\/wp\/v2\/product_cat?post=833"},{"taxonomy":"product_tag","embeddable":true,"href":"https:\/\/www.nedozery.sk\/vcelarstvo\/wp-json\/wp\/v2\/product_tag?post=833"}],"curies":[{"name":"wp","href":"https:\/\/api.w.org\/{rel}","templated":true}]}}