{"id":838,"date":"2021-11-26T20:30:57","date_gmt":"2021-11-26T19:30:57","guid":{"rendered":"https:\/\/www.nedozery.sk\/vcelarstvo\/?post_type=product&#038;p=838"},"modified":"2023-10-27T14:31:32","modified_gmt":"2023-10-27T12:31:32","slug":"darcekovy-set-c-11","status":"publish","type":"product","link":"https:\/\/www.nedozery.sk\/vcelarstvo\/produkt\/darcekovy-set-c-11\/","title":{"rendered":"Dar\u010dekov\u00fd set 11"},"content":{"rendered":"<p>Dar\u010dekov\u00fd set obsahuje:<\/p>\n<p>Zubn\u00e1 pasta s propolisom 1x<br \/>\n\u0160amp\u00f3n s propolisom 1x<br \/>\nKr\u00e9m ple\u0165ov\u00fd s propolisom 1x<br \/>\nBalzam na pery s propolisom 1x<br \/>\nDezinfek\u010dn\u00fd sprej s propolisom na ruky 1x<\/p>\n<p>(Dar\u010dekov\u00e1 krabica, drevn\u00e1 vlna)<\/p>\n","protected":false},"excerpt":{"rendered":"<p>Dar\u010dekov\u00fd set obsahuje: Zubn\u00e1 pasta s propolisom 1x \u0160amp\u00f3n s propolisom 1x Kr\u00e9m ple\u0165ov\u00fd s propolisom 1x Balzam na pery s propolisom 1x Dezinfek\u010dn\u00fd sprej s propolisom na ruky 1x (Dar\u010dekov\u00e1 krabica, drevn\u00e1 vlna)<\/p>\n","protected":false},"featured_media":965,"comment_status":"open","ping_status":"closed","template":"","meta":[],"product_brand":[],"product_cat":[31],"product_tag":[],"class_list":{"0":"post-838","1":"product","2":"type-product","3":"status-publish","4":"has-post-thumbnail","6":"product_cat-darceky","8":"first","9":"outofstock","10":"taxable","11":"shipping-taxable","12":"purchasable","13":"product-type-simple"},"jetpack_sharing_enabled":true,"_links":{"self":[{"href":"https:\/\/www.nedozery.sk\/vcelarstvo\/wp-json\/wp\/v2\/product\/838","targetHints":{"allow":["GET"]}}],"collection":[{"href":"https:\/\/www.nedozery.sk\/vcelarstvo\/wp-json\/wp\/v2\/product"}],"about":[{"href":"https:\/\/www.nedozery.sk\/vcelarstvo\/wp-json\/wp\/v2\/types\/product"}],"replies":[{"embeddable":true,"href":"https:\/\/www.nedozery.sk\/vcelarstvo\/wp-json\/wp\/v2\/comments?post=838"}],"version-history":[{"count":0,"href":"https:\/\/www.nedozery.sk\/vcelarstvo\/wp-json\/wp\/v2\/product\/838\/revisions"}],"wp:featuredmedia":[{"embeddable":true,"href":"https:\/\/www.nedozery.sk\/vcelarstvo\/wp-json\/wp\/v2\/media\/965"}],"wp:attachment":[{"href":"https:\/\/www.nedozery.sk\/vcelarstvo\/wp-json\/wp\/v2\/media?parent=838"}],"wp:term":[{"taxonomy":"product_brand","embeddable":true,"href":"https:\/\/www.nedozery.sk\/vcelarstvo\/wp-json\/wp\/v2\/product_brand?post=838"},{"taxonomy":"product_cat","embeddable":true,"href":"https:\/\/www.nedozery.sk\/vcelarstvo\/wp-json\/wp\/v2\/product_cat?post=838"},{"taxonomy":"product_tag","embeddable":true,"href":"https:\/\/www.nedozery.sk\/vcelarstvo\/wp-json\/wp\/v2\/product_tag?post=838"}],"curies":[{"name":"wp","href":"https:\/\/api.w.org\/{rel}","templated":true}]}}