{"id":850,"date":"2021-11-30T15:22:25","date_gmt":"2021-11-30T14:22:25","guid":{"rendered":"https:\/\/www.nedozery.sk\/vcelarstvo\/?post_type=product&#038;p=850"},"modified":"2023-10-27T14:31:32","modified_gmt":"2023-10-27T12:31:32","slug":"pleva-cistiaci-sprej-na-ruky-s-propolisom-95-g-a-450g-ks","status":"publish","type":"product","link":"https:\/\/www.nedozery.sk\/vcelarstvo\/produkt\/pleva-cistiaci-sprej-na-ruky-s-propolisom-95-g-a-450g-ks\/","title":{"rendered":"\u010cistiaci sprej na ruky s propolisom 95 g \/ ks"},"content":{"rendered":"<h5>Popis<\/h5>\n<p><strong>\u010cistota, pol zdravia!<\/strong><\/p>\n<p>Bakt\u00e9rie, mikr\u00f3by, v\u0161etko to lieta okolo n\u00e1s. Niektor\u00e9 z nich nemusia by\u0165 na \u0161kodu a na tele si ich \u0161\u013eacht\u00edme, ale \u010do takto v\u00edrusy? T\u00fdm sa chceme vyhn\u00fa\u0165 kompletne. Sk\u00faste to s na\u0161\u00edm sprejom na ruky \u2013 bud\u00fa dokonale \u010dist\u00e9, v\u010faka propolisu a vysokej koncentr\u00e1cii antimikrobi\u00e1lneho alkoholu(70%)\u00a0 ich ochr\u00e1nite pred r\u00f4znymi ne\u017eiaducimi l\u00e1tkami a z\u00e1rove\u0148 ich pr\u00edjemne osvie\u017eite.<\/p>\n<p>Sprej tie\u017e v\u00fdborne posl\u00fa\u017ei pre prevent\u00edvne vy\u010distenie povrchov, k\u013eu\u010diek, n\u00e1kupn\u00fdch voz\u00edkov a pod. V obdob\u00ed epid\u00e9mie, aj mimo neho.<\/p>\n<p>&nbsp;<\/p>\n<p><strong>Zdrav\u00e9 a hydratovan\u00e9 ruky<\/strong><\/p>\n<p>Nielen r\u00f4zne ne\u010distoty d\u00e1vaj\u00fa na\u0161im ruk\u00e1m poriadne zabra\u0165, konieckoncov ruky n\u00e1m pom\u00e1haj\u00fa s v\u00e4\u010d\u0161inou aktiv\u00edt po cel\u00fd de\u0148. V\u010faka starostlivosti panthenolu sprej upokojuje poko\u017eku r\u00fak a n\u00e1sledne zais\u0165uje jej regener\u00e1ciu. D\u00f4le\u017eit\u00e1 je tie\u017e schopnos\u0165 spreja ruky hydratova\u0165 a zadr\u017ea\u0165 v poko\u017eke vlhkos\u0165, \u010d\u00edm zmier\u0148uje vysychanie poko\u017eky bez nepr\u00edjemn\u00e9ho pocitu mastnoty.<\/p>\n<p><strong><img data-recalc-dims=\"1\" decoding=\"async\" src=\"https:\/\/i0.wp.com\/pleva.static.s6.upgates.com\/i\/i557d4dc14721f-mrk.png?w=800&#038;ssl=1\" alt=\"\" align=\"left\" \/>Kedyko\u013evek po ruke<\/strong><\/p>\n<p>\u010cistiaci sprej na ruky s propolisom je ide\u00e1lny pomocn\u00edk pri cestovan\u00ed \u2013 do kabelky, do auta alebo napr\u00edklad do piknikov\u00e9ho ko\u0161a. Skr\u00e1tka zaist\u00ed dokonale \u010dist\u00e9 ruky kedyko\u013evek a kdeko\u013evek potrebujete a pr\u00e1ve nem\u00e1te mo\u017enos\u0165 umy\u0165 si ruky.<\/p>\n<p><strong>Obsah alkoholu: 70 %<\/strong><\/p>\n<div class=\"pd-ingredients\">\n<p><strong>Zlo\u017eenie:\u00a0<\/strong>Alcohol Denat., Aqua, Glycerin, Xylitylglucoside, Sodium Cocoamphoacetate, Anhydroxylitol, Panthenol, Lauryl Glucoside, Parfum, Xylitol, Propolis Extract, Sodium Cocoyl Glutamate, Sodium Lauryl Glucose Carboxylate, Glucose<\/p>\n<\/div>\n<p>Hmotnos\u0165: 95 g<\/p>\n<p><strong><img data-recalc-dims=\"1\" decoding=\"async\" src=\"https:\/\/i0.wp.com\/www.pleva.cz\/static\/h\/h54f9b78f11a75-nas-tip.png?w=800&#038;ssl=1\" alt=\"\" align=\"left\" \/>Mocn\u00e1 sila propolisu<\/strong><\/p>\n<p>V\u010faka propolisu \u017eij\u00fa v\u010dielky na Zemi u\u017e mili\u00f3ny rokov \u2013 len v\u010faka jeho antimikrobi\u00e1lnym \u00fa\u010dinkom pre\u017e\u00edvaj\u00fa v zdrav\u00ed. My sme silu propolisu koncentrovali do tohto spreja na ruky tak, aby zabezpe\u010dil dokonal\u00fa \u010distotu r\u00fak vo va\u0161om ka\u017edodennom \u017eivote. Akt\u00edvne l\u00e1tky propolisu s\u00fa zn\u00e1me tie\u017e pre svoje hojiv\u00e9 \u00fa\u010dinky.<\/p>\n","protected":false},"excerpt":{"rendered":"<p>Popis \u010cistota, pol zdravia! Bakt\u00e9rie, mikr\u00f3by, v\u0161etko to lieta okolo n\u00e1s. Niektor\u00e9 z nich nemusia by\u0165 na \u0161kodu a na tele si ich \u0161\u013eacht\u00edme, ale \u010do takto v\u00edrusy? T\u00fdm sa chceme vyhn\u00fa\u0165 kompletne. Sk\u00faste to s na\u0161\u00edm sprejom na ruky \u2013 bud\u00fa dokonale \u010dist\u00e9, v\u010faka propolisu a vysokej koncentr\u00e1cii antimikrobi\u00e1lneho alkoholu(70%)\u00a0 ich ochr\u00e1nite pred r\u00f4znymi <a href=\"https:\/\/www.nedozery.sk\/vcelarstvo\/produkt\/pleva-cistiaci-sprej-na-ruky-s-propolisom-95-g-a-450g-ks\/\" class=\"read-more inline\">\u010c\u00edtaj \u010falej<\/a><\/p>\n","protected":false},"featured_media":851,"comment_status":"open","ping_status":"closed","template":"","meta":[],"product_brand":[],"product_cat":[37],"product_tag":[],"class_list":{"0":"post-850","1":"product","2":"type-product","3":"status-publish","4":"has-post-thumbnail","6":"product_cat-kozmetika","8":"first","9":"outofstock","10":"taxable","11":"shipping-taxable","12":"purchasable","13":"product-type-simple"},"jetpack_sharing_enabled":true,"_links":{"self":[{"href":"https:\/\/www.nedozery.sk\/vcelarstvo\/wp-json\/wp\/v2\/product\/850","targetHints":{"allow":["GET"]}}],"collection":[{"href":"https:\/\/www.nedozery.sk\/vcelarstvo\/wp-json\/wp\/v2\/product"}],"about":[{"href":"https:\/\/www.nedozery.sk\/vcelarstvo\/wp-json\/wp\/v2\/types\/product"}],"replies":[{"embeddable":true,"href":"https:\/\/www.nedozery.sk\/vcelarstvo\/wp-json\/wp\/v2\/comments?post=850"}],"version-history":[{"count":0,"href":"https:\/\/www.nedozery.sk\/vcelarstvo\/wp-json\/wp\/v2\/product\/850\/revisions"}],"wp:featuredmedia":[{"embeddable":true,"href":"https:\/\/www.nedozery.sk\/vcelarstvo\/wp-json\/wp\/v2\/media\/851"}],"wp:attachment":[{"href":"https:\/\/www.nedozery.sk\/vcelarstvo\/wp-json\/wp\/v2\/media?parent=850"}],"wp:term":[{"taxonomy":"product_brand","embeddable":true,"href":"https:\/\/www.nedozery.sk\/vcelarstvo\/wp-json\/wp\/v2\/product_brand?post=850"},{"taxonomy":"product_cat","embeddable":true,"href":"https:\/\/www.nedozery.sk\/vcelarstvo\/wp-json\/wp\/v2\/product_cat?post=850"},{"taxonomy":"product_tag","embeddable":true,"href":"https:\/\/www.nedozery.sk\/vcelarstvo\/wp-json\/wp\/v2\/product_tag?post=850"}],"curies":[{"name":"wp","href":"https:\/\/api.w.org\/{rel}","templated":true}]}}