{"id":852,"date":"2021-11-30T15:31:26","date_gmt":"2021-11-30T14:31:26","guid":{"rendered":"https:\/\/www.nedozery.sk\/vcelarstvo\/?post_type=product&#038;p=852"},"modified":"2025-11-05T00:07:55","modified_gmt":"2025-11-04T23:07:55","slug":"propolisovy-balzam-na-pery-gulicka-tekuty-5-g-pleva-ks","status":"publish","type":"product","link":"https:\/\/www.nedozery.sk\/vcelarstvo\/produkt\/propolisovy-balzam-na-pery-gulicka-tekuty-5-g-pleva-ks\/","title":{"rendered":"Propolisov\u00fd balzam na pery guli\u010dka -tekut\u00fd 5 g (PLEVA) \/ks"},"content":{"rendered":"<p><span class=\"alt-edited\">\u2022 pr\u00edrodn\u00e9 o\u0161etrenie pre kr\u00e1sne pery<br \/>\n\u2022 regeneruje, hydratuje a chr\u00e1ni<br \/>\n\u2022 jemne vonia po vanilke a makadamiovom oleji<\/span><\/p>\n<p><span class=\"alt-edited\"><strong>N\u00e1vod na pou\u017eitie:<\/strong>\u00a0Balzam v praktickom guli\u010dkovom balen\u00ed naneste na pery. Pou\u017eite ho hne\u010f r\u00e1no a potom obnovujte pod\u013ea potreby \u2013 po desiate, obede alebo bozk\u00e1van\u00ed ???? Aplikujte ho aj ve\u010der po odl\u00ed\u010den\u00ed pier. Ak si pery nel\u00ed\u010dite, pou\u017e\u00edvajte ho namiesto lesku alebo r\u00fa\u017eu.<\/span><\/p>\n<h5>Popis<\/h5>\n<p><strong>Regeneruje a hydratuje<\/strong><\/p>\n<p>Balzam je vhodn\u00fd pre ka\u017edodenn\u00e9 pou\u017e\u00edvanie naprie\u010d ro\u010dn\u00fdmi obdobiami. V zime ochr\u00e1ni mrazmi nam\u00e1han\u00e9 pery, v lete zase hydratuje vysu\u0161en\u00e9. Obsahuje regenera\u010dn\u00e9, ochrann\u00e9 aj hydrata\u010dn\u00e9 l\u00e1tky, preto by vo va\u0161ej kabelke ur\u010dite nemal ch\u00fdba\u0165 \u2013 \u010di u\u017e pre udr\u017eanie pekn\u00e9ho vzh\u013eadu va\u0161ich pier alebo ako prv\u00e1 pomoc pre po\u010das\u00edm a klimatiz\u00e1ciou nam\u00e1han\u00e9 pery. Praktick\u00e1 guli\u010dka je navy\u0161e skvel\u00fd sp\u00f4sob nanesenia balzamu bez nutnosti dotyku prstov.<\/p>\n<p><img data-recalc-dims=\"1\" decoding=\"async\" class=\"\" src=\"https:\/\/i0.wp.com\/cdn.atomer.com\/user\/3385\/upload\/ftp_client\/balzam%20na%20pery%20gulicka%20novy6.jpg?resize=221%2C156&#038;ssl=1\" alt=\"\" width=\"221\" height=\"156\" \/><\/p>\n<p><strong>Jemn\u00e1 sila propolisu<\/strong><\/p>\n<p>V\u00fdrazn\u00e9 antiseptick\u00e9 \u00fa\u010dinky v\u010delieho propolisu si poradia s prasklinami na per\u00e1ch a z\u00e1rove\u0148 pom\u00f4\u017eu podpori\u0165 regenera\u010dn\u00e9 schopnosti pier. Propolis m\u00e1 schopnos\u0165 regenerova\u0165 a zvy\u0161ova\u0165 elasticitu, preto bud\u00fa pery jemn\u00e9 na dotyk a kr\u00e1sne na poh\u013ead. Pom\u00e1ha tie\u017e zv\u00fd\u0161i\u0165 priepustnos\u0165 ko\u017ee, tak\u017ee v\u0161etky vitam\u00edny prenikn\u00fa hlb\u0161ie pod povrch.<\/p>\n<p><img data-recalc-dims=\"1\" decoding=\"async\" src=\"https:\/\/i0.wp.com\/cdn.atomer.com\/user\/3385\/upload\/ftp_client\/balzam%20na%20pery%20gulicka%20novy7.jpg?resize=150%2C112&#038;ssl=1\" alt=\"\" width=\"150\" height=\"112\" \/><\/p>\n<p><strong>\u010co je to propolis?<\/strong><\/p>\n<p>Je zmes \u017eiv\u00edc, balzamov, \u00e9terick\u00fdch olejov a voskov. Ide o \u00faplne rastlinn\u00fd produkt, ktor\u00fd je nenahradite\u013en\u00fd. V\u010dely ho vyu\u017e\u00edvaj\u00fa ako ochranu \u00fa\u013ea. V\u017edy, ke\u010f prenikne nejak\u00fd zdroj n\u00e1kazy do \u00fa\u013ea, tak ho v\u010dely obal\u00ed propolisom. T\u00fdm zabr\u00e1ni roz\u0161\u00edreniu n\u00e1kazy na cel\u00e9 spolo\u010denstvo. V\u010faka nemu v\u010dielky pre\u017eili a\u017e do dne\u0161n\u00fdch dn\u00ed.<\/p>\n<p><strong>Pr\u00edrodn\u00e9 oleje pre vl\u00e1\u010dnos\u0165 a hydrat\u00e1ciu<\/strong><\/p>\n<p>Balzam obsahuje hne\u010f nieko\u013eko pr\u00edrodn\u00fdch olejov \u2013 jojobov\u00fd, slne\u010dnicov\u00fd, makadamiov\u00fd, olivov\u00fd a slne\u010dnicov\u00fd. Jojobov\u00fd olej vynik\u00e1 zvl\u00e1\u010d\u0148uj\u00facimi a hydrata\u010dn\u00fdmi \u00fa\u010dinkami. V\u010faka makadamiov\u00e9mu a slne\u010dnicov\u00e9mu oleju sa pery regeneruj\u00fa a balzam sa do nich kr\u00e1sne vstreb\u00e1va. Olivov\u00fd olej potom zaist\u00ed, \u017ee si na\u0161e pery zachovaj\u00fa vl\u00e1\u010dnos\u0165 a bud\u00fa kr\u00e1sne hebk\u00e9. Kombin\u00e1cia v\u0161etk\u00fdch olejov poskytne va\u0161im per\u00e1m dokonal\u00fa hydrat\u00e1ciu, ochranu a hebkos\u0165.<\/p>\n<p>Balzam tie\u017e obsahuje pr\u00edrodne z\u00edskavan\u00fd vitam\u00edn E a prav\u00fd extrakt z vanilky, od ktorej si po\u017ei\u010diava n\u00e1dhern\u00fa v\u00f4\u0148u. M\u00e1 pr\u00edjemn\u00fa \u013eahko tekut\u00fa konzistenciu a v\u010faka gu\u013e\u00f4\u010dke sa pr\u00edjemne nan\u00e1\u0161a. Majte n\u00e1dhern\u00e9 a usmievav\u00e9 pery po cel\u00fd rok.<\/p>\n<p><img data-recalc-dims=\"1\" decoding=\"async\" class=\"\" src=\"https:\/\/i0.wp.com\/pleva.s6.cdn-upgates.com\/7\/760473caf62024-2-6-190830-balzamrtykulickastudio-8-700x.jpg?resize=198%2C131&#038;ssl=1\" alt=\"Propolisov\u00fd balz\u00e1m na rty kuli\u010dka - Pleva\" width=\"198\" height=\"131\" \/><\/p>\n<p><strong>Balen\u00e9 v skle<\/strong><\/p>\n<p>Mysl\u00edme na pr\u00edrodu, a preto sa sna\u017e\u00edme obmedzova\u0165 mno\u017estvo plastov\u00e9ho odpadu zhodnoten\u00e9ho pre na\u0161e produkty. Preto sa vraciame ku sklenen\u00fdm obalom, priate\u013esk\u00fdm k \u017eivotn\u00e9mu prostrediu.<\/p>\n<p><strong>Hmotnos\u0165: 5 g<\/strong><\/p>\n<div class=\"pd-ingredients\">\n<h4>Zlo\u017eenie:<\/h4>\n<p class=\"mb-0\">Helianthus Annuus Seed Oil, Macadamia Integrifolia Oil, Simmondsia Chinensis Seed Oil, Olea Europaea Fruit Oil, Tocopherol, Alcohol Denat., Vanilla Planifolia Fruit Extract, Propolis Extract, Lecithin, Rosmarinus Officinalis Leaf Extract<\/p>\n<\/div>\n<p><strong>pr\u00edrodn\u00e9 zlo\u017eenie<\/strong><\/p>\n<p>Propolisov\u00fd balzam na pery m\u00e1 \u010disto pr\u00edrodn\u00e9 zlo\u017eenie. Suroviny s\u00fa z obnovite\u013en\u00fdch zdrojov a s\u00fa pou\u017eit\u00e9 \u0161etrn\u00e9 v\u00fdrobn\u00e9 procesy.\u00a0<strong><img data-recalc-dims=\"1\" decoding=\"async\" class=\"d-inline mr-2\" src=\"https:\/\/i0.wp.com\/www.pleva.cz\/shop-data\/img\/prirodni_logo.png?w=800&#038;ssl=1\" \/><\/strong><\/p>\n","protected":false},"excerpt":{"rendered":"<p>\u2022 pr\u00edrodn\u00e9 o\u0161etrenie pre kr\u00e1sne pery \u2022 regeneruje, hydratuje a chr\u00e1ni \u2022 jemne vonia po vanilke a makadamiovom oleji N\u00e1vod na pou\u017eitie:\u00a0Balzam v praktickom guli\u010dkovom balen\u00ed naneste na pery. Pou\u017eite ho hne\u010f r\u00e1no a potom obnovujte pod\u013ea potreby \u2013 po desiate, obede alebo bozk\u00e1van\u00ed ???? Aplikujte ho aj ve\u010der po odl\u00ed\u010den\u00ed pier. Ak si pery <a href=\"https:\/\/www.nedozery.sk\/vcelarstvo\/produkt\/propolisovy-balzam-na-pery-gulicka-tekuty-5-g-pleva-ks\/\" class=\"read-more inline\">\u010c\u00edtaj \u010falej<\/a><\/p>\n","protected":false},"featured_media":853,"comment_status":"open","ping_status":"closed","template":"","meta":[],"product_brand":[],"product_cat":[107,37],"product_tag":[],"class_list":{"0":"post-852","1":"product","2":"type-product","3":"status-publish","4":"has-post-thumbnail","6":"product_cat-pomadynapery","7":"product_cat-kozmetika","9":"first","10":"outofstock","11":"taxable","12":"shipping-taxable","13":"purchasable","14":"product-type-simple"},"jetpack_sharing_enabled":true,"_links":{"self":[{"href":"https:\/\/www.nedozery.sk\/vcelarstvo\/wp-json\/wp\/v2\/product\/852","targetHints":{"allow":["GET"]}}],"collection":[{"href":"https:\/\/www.nedozery.sk\/vcelarstvo\/wp-json\/wp\/v2\/product"}],"about":[{"href":"https:\/\/www.nedozery.sk\/vcelarstvo\/wp-json\/wp\/v2\/types\/product"}],"replies":[{"embeddable":true,"href":"https:\/\/www.nedozery.sk\/vcelarstvo\/wp-json\/wp\/v2\/comments?post=852"}],"version-history":[{"count":0,"href":"https:\/\/www.nedozery.sk\/vcelarstvo\/wp-json\/wp\/v2\/product\/852\/revisions"}],"wp:featuredmedia":[{"embeddable":true,"href":"https:\/\/www.nedozery.sk\/vcelarstvo\/wp-json\/wp\/v2\/media\/853"}],"wp:attachment":[{"href":"https:\/\/www.nedozery.sk\/vcelarstvo\/wp-json\/wp\/v2\/media?parent=852"}],"wp:term":[{"taxonomy":"product_brand","embeddable":true,"href":"https:\/\/www.nedozery.sk\/vcelarstvo\/wp-json\/wp\/v2\/product_brand?post=852"},{"taxonomy":"product_cat","embeddable":true,"href":"https:\/\/www.nedozery.sk\/vcelarstvo\/wp-json\/wp\/v2\/product_cat?post=852"},{"taxonomy":"product_tag","embeddable":true,"href":"https:\/\/www.nedozery.sk\/vcelarstvo\/wp-json\/wp\/v2\/product_tag?post=852"}],"curies":[{"name":"wp","href":"https:\/\/api.w.org\/{rel}","templated":true}]}}