{"id":857,"date":"2021-11-30T15:56:05","date_gmt":"2021-11-30T14:56:05","guid":{"rendered":"https:\/\/www.nedozery.sk\/vcelarstvo\/?post_type=product&#038;p=857"},"modified":"2025-11-04T23:57:20","modified_gmt":"2025-11-04T22:57:20","slug":"pletovy-krem-s-medom-denny-50-g","status":"publish","type":"product","link":"https:\/\/www.nedozery.sk\/vcelarstvo\/produkt\/pletovy-krem-s-medom-denny-50-g\/","title":{"rendered":"Ple\u0165ov\u00fd kr\u00e9m s medom denn\u00fd 50 g"},"content":{"rendered":"<p>\u2022 pr\u00edrodn\u00fd kr\u00e9m pre ka\u017edodenn\u00fa starostlivos\u0165<br \/>\n\u2022 hydratuje a vy\u017eivuje ple\u0165, ktor\u00e1 zost\u00e1va zamatovo hebk\u00e1<br \/>\n\u2022 vhodn\u00fd pre norm\u00e1lnu, zmie\u0161an\u00fa, alebo such\u0161ie ple\u0165<\/p>\n<p>Vhodn\u00fd pre norm\u00e1lnu, zmie\u0161an\u00fa, alebo such\u0161ie ple\u0165.<\/p>\n<p><strong>N\u00e1vod na pou\u017eitie<\/strong><\/p>\n<p>Ple\u0165ov\u00fd kr\u00e9m s medom je ur\u010den\u00fd pre ka\u017edodenn\u00e9 pou\u017eitie r\u00e1no. Kr\u00e9m naneste na vy\u010disten\u00fa ple\u0165, vtierajte jemn\u00fdmi pohybmi a pred nanesen\u00edm make-upu nechajte kr\u00e1tku chv\u00ed\u013eku vstreba\u0165.<\/p>\n","protected":false},"excerpt":{"rendered":"<p><strong>Poklad zo v\u010delieho \u00fa\u013ea pre regener\u00e1ciu poko\u017eky<\/strong><\/p>\n<p>Dermatol\u00f3govia v\u0161eobecne uzn\u00e1vaj\u00fa med ako \u00fa\u017easn\u00fa pr\u00edrodn\u00fa l\u00e1tku pre kr\u00e1snu poko\u017eku. Kr\u00e9m si z neho preber\u00e1 \u00fa\u017easn\u00e9 vlastnosti, v\u010faka ktor\u00fdm bude va\u0161a ple\u0165 kr\u00e1sna bez ak\u00fdchko\u013evek such\u00fdch miest. Po nanesen\u00ed kr\u00e9mu budete cel\u00fd de\u0148 poci\u0165ova\u0165 hodv\u00e1bnu a vy\u017eiven\u00fa poko\u017eku, ktor\u00e1 bude chr\u00e1nen\u00e1 pred vonkaj\u0161\u00edmi vplyvmi.<\/p>\n<p>Pre na\u0161e kr\u00e9my je preto \u00faplne nenahradite\u013enou l\u00e1tkou, ktor\u00e1 umoc\u0148uje schopnosti ostatn\u00fdch prospe\u0161n\u00fdch ingredienci\u00ed.<\/p>\n<p><img fetchpriority=\"high\" decoding=\"async\" class=\"\" src=\"https:\/\/pleva.s6.cdn-upgates.com\/q\/q60f303a171200-3-4-pletovy-krem-s-medem-denni-4-crop-1000.jpg\" alt=\"Ple\u0165ov\u00fd kr\u00e9m s medem denn\u00ed, Pleva\" width=\"496\" height=\"331\" \/><\/p>\n<p><strong>Oddia\u013ete vznik vr\u00e1sok s bambuck\u00fdm maslom<\/strong><\/p>\n<p>Kr\u00e9m obsahuje bio bambuck\u00e9 maslo lisovan\u00e9 za studena, ktor\u00e9 obsahuje vitam\u00edny A, D, E, F a \u010falej antioxidanty, mastn\u00e9 kyseliny a fytosteroly. V\u010faka nim docielite zvl\u00e1\u010dnenie va\u0161ej poko\u017eky aj jej dokonal\u00e9 jemnosti a pru\u017enosti. Bambuck\u00e9 maslo m\u00e1 navy\u0161e \u00fa\u017easn\u00e9 hydrata\u010dn\u00e9 schopnosti. Kombin\u00e1cia v\u0161etk\u00fdch vlastnost\u00ed tejto \u00fa\u017easnej pr\u00edrodn\u00e9 l\u00e1tky sp\u00f4sobuje, \u017ee kr\u00e9m oddiali prv\u00fd v\u00fdskyt vr\u00e1sok, alebo ich vznik v\u00fdrazne spomal\u00ed.<\/p>\n<p><strong>Blahodarnos\u0165 pr\u00edrodn\u00fdch olejov<\/strong><\/p>\n<p>V\u010faka vyv\u00e1\u017een\u00fdm pomerom slne\u010dnicov\u00e9ho a makadamiov\u00e9ho oleja kr\u00e9m dok\u00e1\u017ee ple\u0165 hydratova\u0165, bez toho aby ju zanechal mastn\u00fa. Makadamiov\u00fd olej dod\u00e1va poko\u017eke hebkos\u0165 a podporuje prekrvenie a regener\u00e1ciu buniek. Rovnako ako slne\u010dnicov\u00fd olej m\u00e1 tie\u017e vy\u017eivuj\u00face vlastnosti.<\/p>\n<p>Slne\u010dnicov\u00fd olej dod\u00e1va pleti \u00fa\u017easn\u00fd vitam\u00edn E, ktor\u00fd podporuje jej regener\u00e1ciu. Tento vitam\u00edn na na\u0161ej poko\u017eke p\u00f4sob\u00ed tak trochu ako elix\u00edr mladosti. V\u010faka pr\u00edrodn\u00fdm za studena lisovan\u00fdm olejom sa tento kr\u00e9m skvele vstreb\u00e1va a poskytuje pleti nenahradite\u013en\u00fa v\u00fd\u017eivu po cel\u00fd de\u0148.<\/p>\n<p><img decoding=\"async\" class=\"\" src=\"https:\/\/pleva.s6.cdn-upgates.com\/c\/c60f3030c19726-3-4-pletovy-krem-s-medem-denni-5-crop-700.jpg\" alt=\"Ple\u0165ov\u00fd kr\u00e9m s medem denn\u00ed, Pleva\" width=\"394\" height=\"271\" \/><\/p>\n<p><strong>Hmotnos\u0165: 50g<\/strong><\/p>\n<p><strong><img decoding=\"async\" class=\"d-inline mr-2\" src=\"https:\/\/www.pleva.cz\/shop-data\/img\/prirodni_logo.png\" \/>pr\u00edrodn\u00e9 zlo\u017eenie<\/strong><\/p>\n","protected":false},"featured_media":858,"comment_status":"open","ping_status":"closed","template":"","meta":[],"product_brand":[],"product_cat":[106,37],"product_tag":[],"class_list":{"0":"post-857","1":"product","2":"type-product","3":"status-publish","4":"has-post-thumbnail","6":"product_cat-pletovekremy","7":"product_cat-kozmetika","9":"first","10":"outofstock","11":"taxable","12":"shipping-taxable","13":"purchasable","14":"product-type-simple"},"jetpack_sharing_enabled":true,"_links":{"self":[{"href":"https:\/\/www.nedozery.sk\/vcelarstvo\/wp-json\/wp\/v2\/product\/857","targetHints":{"allow":["GET"]}}],"collection":[{"href":"https:\/\/www.nedozery.sk\/vcelarstvo\/wp-json\/wp\/v2\/product"}],"about":[{"href":"https:\/\/www.nedozery.sk\/vcelarstvo\/wp-json\/wp\/v2\/types\/product"}],"replies":[{"embeddable":true,"href":"https:\/\/www.nedozery.sk\/vcelarstvo\/wp-json\/wp\/v2\/comments?post=857"}],"version-history":[{"count":0,"href":"https:\/\/www.nedozery.sk\/vcelarstvo\/wp-json\/wp\/v2\/product\/857\/revisions"}],"wp:featuredmedia":[{"embeddable":true,"href":"https:\/\/www.nedozery.sk\/vcelarstvo\/wp-json\/wp\/v2\/media\/858"}],"wp:attachment":[{"href":"https:\/\/www.nedozery.sk\/vcelarstvo\/wp-json\/wp\/v2\/media?parent=857"}],"wp:term":[{"taxonomy":"product_brand","embeddable":true,"href":"https:\/\/www.nedozery.sk\/vcelarstvo\/wp-json\/wp\/v2\/product_brand?post=857"},{"taxonomy":"product_cat","embeddable":true,"href":"https:\/\/www.nedozery.sk\/vcelarstvo\/wp-json\/wp\/v2\/product_cat?post=857"},{"taxonomy":"product_tag","embeddable":true,"href":"https:\/\/www.nedozery.sk\/vcelarstvo\/wp-json\/wp\/v2\/product_tag?post=857"}],"curies":[{"name":"wp","href":"https:\/\/api.w.org\/{rel}","templated":true}]}}