{"id":861,"date":"2021-11-30T16:01:26","date_gmt":"2021-11-30T15:01:26","guid":{"rendered":"https:\/\/www.nedozery.sk\/vcelarstvo\/?post_type=product&#038;p=861"},"modified":"2025-11-04T23:56:51","modified_gmt":"2025-11-04T22:56:51","slug":"pletovy-krem-s-medom-nocny-50-g-ks","status":"publish","type":"product","link":"https:\/\/www.nedozery.sk\/vcelarstvo\/produkt\/pletovy-krem-s-medom-nocny-50-g-ks\/","title":{"rendered":"Ple\u0165ov\u00fd kr\u00e9m s medom no\u010dn\u00fd 50 g \/ ks"},"content":{"rendered":"<p>\u2022 no\u010dn\u00fd kr\u00e9m pre dokonal\u00fa v\u00fd\u017eivu<br \/>\n\u2022 regeneruje ple\u0165 a zlep\u0161uje jej prekrvenie<br \/>\n\u2022 pr\u00edrodn\u00e9 zlo\u017eenie bohat\u00e9 na tie najlep\u0161ie ingrediencie<\/p>\n<p>Vhodn\u00fd na noc pre norm\u00e1lnu a such\u0161iu ple\u0165.<\/p>\n<p><strong>N\u00e1vod na pou\u017eitie<\/strong><\/p>\n<p>Kr\u00e9m naneste na odl\u00ed\u010den\u00fa a vy\u010disten\u00fa ple\u0165. M\u00f4\u017eete pou\u017ei\u0165 v\u00e4\u010d\u0161ie mno\u017estvo kr\u00e9mu ne\u017e v pr\u00edpade be\u017en\u00fdch denn\u00fdch kr\u00e9mov. Vyhnite sa oblastiam okolo o\u010d\u00ed, na ktor\u00e9 je potrebn\u00e9 aplikova\u0165 \u0161peci\u00e1lny o\u010dn\u00fd kr\u00e9m, napr\u00edklad n\u00e1\u0161 Medov\u00fd o\u010dn\u00fd kr\u00e9m. Doprajte pleti dostato\u010dn\u00e9 mno\u017estvo \u010dasu, aby sa kr\u00e9m mohol vstreba\u0165.<\/p>\n","protected":false},"excerpt":{"rendered":"<h5>Popis<\/h5>\n<p><strong>V hlavnej \u00falohe: v\u00fd\u017eiva pleti<\/strong><\/p>\n<p>Olej zo sladk\u00fdch mandl\u00ed je pr\u00edrodn\u00fdm pokladom, ktor\u00fd sme do n\u00e1\u0161ho medov\u00e9ho ple\u0165ov\u00e9ho kr\u00e9mu pridali pre e\u0161te v\u00e4\u010d\u0161ie v\u00fd\u017eivu. Je bohat\u00fd na drasl\u00edk a v\u00e1pnik a obsahuje vitam\u00edny A, E a K. V\u010faka svojmu jedine\u010dn\u00e9mu zlo\u017eeniu va\u0161u poko\u017eku dokonale zregeneruje, posiln\u00ed a such\u00fa ple\u0165 dlhodobo chr\u00e1ni pred dehydrat\u00e1ciou. V\u00fdborne ho dop\u013a\u0148a za studena lisovan\u00fd slne\u010dnicov\u00fd olej, ktor\u00fd obsahuje ve\u013ek\u00e9 mno\u017estvo vitam\u00ednu E. Ten e\u0161te viac podporuje regener\u00e1ciu poko\u017eky.<\/p>\n<p><strong>O jemnos\u0165 pleti sa postaraj\u00fa:<\/strong><\/p>\n<p>Z\u00e1sadnou zlo\u017ekou medov\u00e9ho kr\u00e9mu je samozrejme med. Ten poko\u017eku predov\u0161etk\u00fdm hydratuje, upokojuje ju, ak je podr\u00e1\u017eden\u00e1 a dod\u00e1va jej regenera\u010dn\u00e9 schopnosti v\u010faka celej \u0161k\u00e1le vitam\u00ednov, ktor\u00e9 obsahuje. Hravo si tie\u017e porad\u00ed so suchou a popraskanou poko\u017ekou.<\/p>\n<p><img fetchpriority=\"high\" decoding=\"async\" class=\"\" src=\"https:\/\/pleva.s6.cdn-upgates.com\/i\/i60f2f9949e442-3-5-pletovy-krem-s-medem-nocni-2-crop-1000.jpg\" alt=\"P\u0159\u00edrodn\u00ed ple\u0165ov\u00fd kr\u00e9m s medem no\u010dn\u00ed, Pleva\" width=\"491\" height=\"375\" \/><\/p>\n<p>Skvalan je ve\u013emi prospe\u0161nou l\u00e1tkou, ktor\u00fa z\u00edskavame z cukrovej trstiny. Do kr\u00e9mu sme ho pridali, preto\u017ee \u00fa\u010dinne zvy\u0161uje pevnos\u0165 pleti a zabra\u0148uje tvorbe vr\u00e1sok. V\u010faka Skvalan bude va\u0161a ple\u0165 kr\u00e1sne rozjasnen\u00e1 a n\u00e1dherne hladk\u00e1.<\/p>\n<p><strong>T\u00e1 najlep\u0161ia hydrat\u00e1cia<\/strong><\/p>\n<p>Kr\u00e9m obsahuje bio bambuck\u00e9 maslo lisovan\u00e9 za studena, ktor\u00e9 okrem in\u00e9ho obsahuje vitam\u00edny A, D, E, F. V\u010faka \u00fa\u017easn\u00fdm vlastnostiam bambuck\u00e9ho masla sa va\u0161ej pleti dostane tej najlep\u0161ej hydrat\u00e1cie a regener\u00e1cie a medov\u00fd kr\u00e9m v\u010faka nemu od\u010fa\u013euje v\u00fdskyt prv\u00fdch vr\u00e1sok, alebo ich vznik v\u00fdrazne spoma\u013euje.<\/p>\n<p><img decoding=\"async\" class=\"\" src=\"https:\/\/pleva.s6.cdn-upgates.com\/4\/460f2fb61e81b2-3-5-pletovy-krem-s-medem-nocni-1-crop-700.jpg\" alt=\"P\u0159\u00edrodn\u00ed ple\u0165ov\u00fd kr\u00e9m s medem no\u010dn\u00ed, Pleva\" width=\"413\" height=\"277\" \/><\/p>\n<p><strong>Hmotnos\u0165: 50g<\/strong><\/p>\n<p><strong><img decoding=\"async\" class=\"d-inline mr-2\" src=\"https:\/\/www.pleva.cz\/shop-data\/img\/prirodni_logo.png\" \/>pr\u00edrodn\u00e9 zlo\u017eenie<\/strong><\/p>\n<p>Tento v\u00fdrobok m\u00e1 \u010disto pr\u00edrodn\u00e9 zlo\u017eenie. Suroviny s\u00fa z obnovite\u013en\u00fdch zdrojov a s\u00fa pou\u017eit\u00e9 \u0161etrn\u00e9 v\u00fdrobn\u00e9 procesy<\/p>\n","protected":false},"featured_media":862,"comment_status":"open","ping_status":"closed","template":"","meta":[],"product_brand":[],"product_cat":[106,37],"product_tag":[],"class_list":{"0":"post-861","1":"product","2":"type-product","3":"status-publish","4":"has-post-thumbnail","6":"product_cat-pletovekremy","7":"product_cat-kozmetika","9":"first","10":"outofstock","11":"taxable","12":"shipping-taxable","13":"purchasable","14":"product-type-simple"},"jetpack_sharing_enabled":true,"_links":{"self":[{"href":"https:\/\/www.nedozery.sk\/vcelarstvo\/wp-json\/wp\/v2\/product\/861","targetHints":{"allow":["GET"]}}],"collection":[{"href":"https:\/\/www.nedozery.sk\/vcelarstvo\/wp-json\/wp\/v2\/product"}],"about":[{"href":"https:\/\/www.nedozery.sk\/vcelarstvo\/wp-json\/wp\/v2\/types\/product"}],"replies":[{"embeddable":true,"href":"https:\/\/www.nedozery.sk\/vcelarstvo\/wp-json\/wp\/v2\/comments?post=861"}],"version-history":[{"count":0,"href":"https:\/\/www.nedozery.sk\/vcelarstvo\/wp-json\/wp\/v2\/product\/861\/revisions"}],"wp:featuredmedia":[{"embeddable":true,"href":"https:\/\/www.nedozery.sk\/vcelarstvo\/wp-json\/wp\/v2\/media\/862"}],"wp:attachment":[{"href":"https:\/\/www.nedozery.sk\/vcelarstvo\/wp-json\/wp\/v2\/media?parent=861"}],"wp:term":[{"taxonomy":"product_brand","embeddable":true,"href":"https:\/\/www.nedozery.sk\/vcelarstvo\/wp-json\/wp\/v2\/product_brand?post=861"},{"taxonomy":"product_cat","embeddable":true,"href":"https:\/\/www.nedozery.sk\/vcelarstvo\/wp-json\/wp\/v2\/product_cat?post=861"},{"taxonomy":"product_tag","embeddable":true,"href":"https:\/\/www.nedozery.sk\/vcelarstvo\/wp-json\/wp\/v2\/product_tag?post=861"}],"curies":[{"name":"wp","href":"https:\/\/api.w.org\/{rel}","templated":true}]}}