{"id":865,"date":"2021-11-30T16:09:30","date_gmt":"2021-11-30T15:09:30","guid":{"rendered":"https:\/\/www.nedozery.sk\/vcelarstvo\/?post_type=product&#038;p=865"},"modified":"2023-10-27T14:31:32","modified_gmt":"2023-10-27T12:31:32","slug":"pletovy-krem-s-kvapkou-vcelieho-jedu-50-g","status":"publish","type":"product","link":"https:\/\/www.nedozery.sk\/vcelarstvo\/produkt\/pletovy-krem-s-kvapkou-vcelieho-jedu-50-g\/","title":{"rendered":"Ple\u0165ov\u00fd kr\u00e9m s kvapkou v\u010delieho jedu 50 g"},"content":{"rendered":"<p>\u2022 ochrana pred vo\u013en\u00fdmi radik\u00e1lmi<br \/>\n\u2022 pevnej\u0161ia a pru\u017enej\u0161ia ple\u0165<br \/>\n\u2022 pom\u00e1ha v boji proti vr\u00e1skam<\/p>\n<p>Vhodn\u00fd pre v\u0161etky druhy pleti, aj pre ple\u0165 unaven\u00fa (pri nevyspat\u00ed, strese, po p\u00f4rode)<\/p>\n<p>&nbsp;<\/p>\n<p><strong>N\u00e1vod na pou\u017eitie:<\/strong><\/p>\n<p>Kr\u00fa\u017eiv\u00fdmi pohybmi pomocou ple\u0165ov\u00e9ho mlieka o\u010distite tv\u00e1r. Opl\u00e1chnite vodou a do\u010distite ple\u0165ovou vodou. Potom jemne vklepte kr\u00e9m so v\u010del\u00edm jedom.<\/p>\n","protected":false},"excerpt":{"rendered":"<h5>Popis<\/h5>\n<p><strong>V hlavnej \u00falohe apisin<\/strong><\/p>\n<p>Tou najd\u00f4le\u017eitej\u0161ou a v podstate \u00faplne unik\u00e1tnou zlo\u017ekou je tu v\u010del\u00ed jed, niekedy tie\u017e naz\u00fdvan\u00fd apisin alebo apitoxin. M\u00e1 z\u00e1sadn\u00fd vplyv na zvl\u00e1\u010dnenie a o\u017eivenie pleti. Nemenej d\u00f4le\u017eitou vlastnos\u0165ou je tie\u017e protiz\u00e1palov\u00fd \u00fa\u010dinok, v\u010faka ktor\u00e9mu sa kr\u00e9m hod\u00ed pri starostlivosti o problematick\u00fa ple\u0165.<\/p>\n<p><strong><img fetchpriority=\"high\" decoding=\"async\" class=\"\" src=\"https:\/\/pleva.s6.cdn-upgates.com\/0\/0604f27b1d695d-15-3-160519krem-s-kapickou-jedu-priroda-39-1000x.jpg\" alt=\"Kr\u00e9m s kapi\u010dkou v\u010del\u00edho jedu Pleva\" width=\"356\" height=\"236\" \/><\/strong><\/p>\n<p><strong>Tri oleje v\u00e1s prehrej\u00fa<\/strong><\/p>\n<p>\u00da\u010dinn\u00e9 l\u00e1tky kr\u00e9mu s\u00fa zapracovan\u00e9 do unik\u00e1tnej kombin\u00e1cie rastlinn\u00fdch olejov a bambuck\u00e9ho masla. Samy o sebe maj\u00fa o\u0161etruj\u00faci, hydrata\u010dn\u00fd a regenera\u010dn\u00fd \u00fa\u010dinok. Udr\u017euj\u00fa ple\u0165 pru\u017en\u00fa, prekrven\u00fa a vl\u00e1\u010dnu. Vytv\u00e1raj\u00fa ochrann\u00fa bari\u00e9ru pred nepriazniv\u00fdmi vplyvmi okolit\u00e9ho prostredia. \u0160peci\u00e1lny patentovan\u00fd pr\u00edrodn\u00fd emulg\u00e1tor z olivov\u00e9ho oleja vytv\u00e1ra tzv. Tekut\u00e9 kry\u0161t\u00e1ly. Tie v\u00e1\u017ei \u00fa\u010dinn\u00e9 l\u00e1tky apisin, riasy a vitam\u00edny. T\u00fdm zabezpe\u010duje ich ve\u013emi \u00fa\u010dinn\u00fd transport aj do hlb\u0161\u00edch vrstiev ko\u017ee. \u00da\u010dinok je podstatne vy\u0161\u0161ia ako u klasick\u00fdch kr\u00e9mov.<\/p>\n<p><strong>Bambuck\u00e9 maslo<\/strong><\/p>\n<p>Bambuck\u00e9 maslo je od nepam\u00e4ti vyu\u017e\u00edvan\u00e9 nielen v starostlivosti o poko\u017eku, ale aj ako pomocn\u00edk pre ur\u00fdchlenie hojenia jemn\u00fdch raniek, pop\u00e1len\u00edn a celkov\u00e9 upokojenie podr\u00e1\u017edenej ko\u017ee.<\/p>\n<p><img decoding=\"async\" class=\"\" src=\"https:\/\/pleva.s6.cdn-upgates.com\/b\/b6089f1ffe3e66-15-3-160519krem-s-kapickou-jedu-priroda-85-1000.jpg\" alt=\"Kr\u00e9m s kapi\u010dkou v\u010del\u00edho jedu, Pleva\" width=\"335\" height=\"222\" \/><\/p>\n<p><strong>Kalpariane alebo extrakt z riasy<\/strong><\/p>\n<p>Poslednou zlo\u017ekou je v\u00fd\u0165a\u017eok z hnedej riasy, ktorej \u00fa\u010dinky asi nemus\u00edme d\u00e1mam pr\u00edli\u0161 pripom\u00edna\u0165. Riasy sa d\u00e1vaj\u00fa do kr\u00e9mov u\u017e desiatky rokov pre ich hydrata\u010dn\u00e9 schopnosti a pozit\u00edvnemu vplyvu na spevnenie poko\u017eky. Kalpariane pritom dok\u00e1\u017ee dobre bojova\u0165 aj proti prejavom starnutia, preto\u017ee zabra\u0148uje rozpadu kolag\u00e9nu v poko\u017eke a chr\u00e1ni pred vo\u013en\u00fdmi radik\u00e1lmi. \u00da\u010dinne tak obmedzuje tvorbu vr\u00e1sok. Pomer olejov v kr\u00e9me sme navy\u0161e volili tak, aby sa r\u00fdchlo vstreb\u00e1vali a ple\u0165 nebola na povrchu mastn\u00e1.<\/p>\n<p><img decoding=\"async\" class=\"\" src=\"https:\/\/pleva.s6.cdn-upgates.com\/m\/m604f27b189e72-15-3-160519krem-s-kapickou-jedu-priroda-26-700.jpg\" alt=\"Z\u00edsk\u00e1v\u00e1n\u00ed v\u010del\u00edho jedu\" width=\"195\" height=\"129\" \/><\/p>\n<p><strong>Ako z\u00edskavame v\u010del\u00ed jed?<\/strong><\/p>\n<p>Pri zbere apisinu vyu\u017e\u00edvame pr\u00e1ve ist\u00fa odolnos\u0165 \u017eihadl\u00e1 proti vytrhnutiu, tak\u017ee v\u010dielka neuhyn\u00fa. V\u010dely prebiehaj\u00fa cez sklo, na ktorom je mikrot\u00e9nov\u00e9 f\u00f3lie.<\/p>\n<p>Na f\u00f3liu s\u00fa natiahnut\u00e9 dr\u00f4tiky do ktor\u00fdch je premietan\u00fd slab\u00fd elektrick\u00fd pr\u00fad, ktor\u00fd v\u010dely dr\u00e1\u017edi. Ony pichn\u00fa a zanechaj\u00fa kvap\u00f4\u010dku jedu na skle a tenk\u00e1 f\u00f3lia im nezabr\u00e1ni v vytiahnutie \u017eihadl\u00e1.<\/p>\n<p>Hmotnos\u0165: 50g<\/p>\n<div class=\"pd-ingredients\">\n<h4>Zlo\u017eenie:<\/h4>\n<p class=\"mb-0\">Aqua (voda \u2013 rozpou\u0161t\u011bdlo), Cetearyl Olivate Sorbitan Olivate (obnovuje strukturu k\u016f\u017ee a posiluje jej\u00ed bari\u00e9rov\u00e9 funkce, d\u00e1le p\u0159isp\u00edv\u00e1 k dlouhodob\u00e9 hydrataci a tak\u00e9 omezuje zn\u00e1mky st\u00e1rnut\u00ed t\u00edm, \u017ee tvo\u0159\u00ed tzv. tekut\u00e9 krystaly a zabezpe\u010duje lep\u0161\u00ed pr\u016fnik aktivn\u00edch l\u00e1tek do poko\u017eky), Butyrospermum Parkii Butter (bambuck\u00e9 m\u00e1slo), Glycerin (zvlh\u010duj\u00edc\u00ed l\u00e1tka), Isopropyl Myristate (emolient zabra\u0148uje \u00faniku vody z poko\u017eky, napom\u00e1haj\u00ed ji udr\u017eovat vl\u00e1\u010dnou), Macadamia Ternifolia Seed Oil (makadamiov\u00fd olej), Olive Oil Decyl Esters Squalene (dopl\u0148uje lipidy poko\u017ece), Caprylic\/Capric Triglyceride (olej zabra\u0148uje \u00faniku vody z poko\u017eky a napom\u00e1h\u00e1 ji udr\u017eovat vl\u00e1\u010dnou), Cetyl Alcohol (zjem\u0148uje poko\u017eku a zabra\u0148uje dehydrataci), Saccharide Isomerate (v\u00e1\u017ee vodu v poko\u017ece, dlouhodob\u00e1 hydratace), Hdrogenated Olive Oil Olea Europaea Oil Unsaponifiables Olea Europaea Fruit Oil (p\u0159\u00edrodn\u00ed vosk, d\u00edky kter\u00e9mu se kr\u00e9m skv\u011ble rozt\u00edr\u00e1, rychle vst\u0159eb\u00e1v\u00e1, dod\u00e1v\u00e1 pleti hedv\u00e1bn\u00fd pocit dotyku a zanech\u00e1v\u00e1 poko\u017eku suchou, bez nep\u0159\u00edjemn\u00e9 mastnoty), Cetearyl Alcohol Cetyl Palmitate Sorbitan Palmitate Sorbitan Oleate (emolient zabra\u0148uje \u00faniku vody z poko\u017eky, napom\u00e1haj\u00ed ji udr\u017eovat vl\u00e1\u010dnou), Olivem VS Fell (urychluje vst\u0159eb\u00e1v\u00e1n\u00ed, zabra\u0148uje \u00faniku vody z poko\u017eky, napom\u00e1haj\u00ed ji udr\u017eovat vl\u00e1\u010dnou), Alaria Esculenta Extract (\u00fa\u010dinn\u00e1 l\u00e1tka), Ethylhexylglycerine Phenethyl Alcohol (p\u0159\u00edrodn\u00ed konzervant), Tocopheryl Acetate (antioxidant pro udr\u017een\u00ed pleti v dobr\u00e9 kondici), Parfum (antialergick\u00e1 v\u016fn\u011b), Allantoin (\u00fa\u010dinn\u00e1 l\u00e1tka), Xanthan Gum (napom\u00e1h\u00e1 spr\u00e1vn\u00e9 hustot\u011b), Bee Venom (\u00fa\u010dinn\u00e1 l\u00e1tka v\u010del\u00ed jed \u2013 apisin), Citric Acid Sodium Citrate (sou\u010d\u00e1st suroviny, kde slou\u017e\u00ed jako konzervant).<\/p>\n<\/div>\n","protected":false},"featured_media":866,"comment_status":"open","ping_status":"closed","template":"","meta":[],"product_brand":[],"product_cat":[37],"product_tag":[],"class_list":{"0":"post-865","1":"product","2":"type-product","3":"status-publish","4":"has-post-thumbnail","6":"product_cat-kozmetika","8":"first","9":"outofstock","10":"taxable","11":"shipping-taxable","12":"purchasable","13":"product-type-simple"},"jetpack_sharing_enabled":true,"_links":{"self":[{"href":"https:\/\/www.nedozery.sk\/vcelarstvo\/wp-json\/wp\/v2\/product\/865","targetHints":{"allow":["GET"]}}],"collection":[{"href":"https:\/\/www.nedozery.sk\/vcelarstvo\/wp-json\/wp\/v2\/product"}],"about":[{"href":"https:\/\/www.nedozery.sk\/vcelarstvo\/wp-json\/wp\/v2\/types\/product"}],"replies":[{"embeddable":true,"href":"https:\/\/www.nedozery.sk\/vcelarstvo\/wp-json\/wp\/v2\/comments?post=865"}],"version-history":[{"count":0,"href":"https:\/\/www.nedozery.sk\/vcelarstvo\/wp-json\/wp\/v2\/product\/865\/revisions"}],"wp:featuredmedia":[{"embeddable":true,"href":"https:\/\/www.nedozery.sk\/vcelarstvo\/wp-json\/wp\/v2\/media\/866"}],"wp:attachment":[{"href":"https:\/\/www.nedozery.sk\/vcelarstvo\/wp-json\/wp\/v2\/media?parent=865"}],"wp:term":[{"taxonomy":"product_brand","embeddable":true,"href":"https:\/\/www.nedozery.sk\/vcelarstvo\/wp-json\/wp\/v2\/product_brand?post=865"},{"taxonomy":"product_cat","embeddable":true,"href":"https:\/\/www.nedozery.sk\/vcelarstvo\/wp-json\/wp\/v2\/product_cat?post=865"},{"taxonomy":"product_tag","embeddable":true,"href":"https:\/\/www.nedozery.sk\/vcelarstvo\/wp-json\/wp\/v2\/product_tag?post=865"}],"curies":[{"name":"wp","href":"https:\/\/api.w.org\/{rel}","templated":true}]}}