{"id":870,"date":"2021-11-30T16:17:37","date_gmt":"2021-11-30T15:17:37","guid":{"rendered":"https:\/\/www.nedozery.sk\/vcelarstvo\/?post_type=product&#038;p=870"},"modified":"2025-11-04T23:37:38","modified_gmt":"2025-11-04T22:37:38","slug":"medovy-krem-na-ruky-50-g-ks","status":"publish","type":"product","link":"https:\/\/www.nedozery.sk\/vcelarstvo\/produkt\/medovy-krem-na-ruky-50-g-ks\/","title":{"rendered":"Medov\u00fd kr\u00e9m na ruky 50 g \/ ks"},"content":{"rendered":"<p>\u2022 pre pr\u00edrodn\u00e9 regener\u00e1ciu a v\u00fd\u017eivu r\u00fak<br \/>\n\u2022 r\u00fdchlo sa vstrebe, bez pocitu mastnoty<br \/>\n\u2022 vytv\u00e1ra ochrann\u00fd film<\/p>\n<p><strong>N\u00e1vod na pou\u017eitie<\/strong><\/p>\n<p>Naneste potrebn\u00e9 mno\u017estvo kr\u00e9mu a d\u00f4kladne rozotrite. Nezab\u00fadajte na dlane a z\u00e1p\u00e4stia. Aplikujte nieko\u013ekokr\u00e1t denne \u2013 po umyt\u00ed r\u00fak aj ako prevenciu pred pr\u00e1cou na kl\u00e1vesnicu, s papiermi aj s tovarom.<\/p>\n","protected":false},"excerpt":{"rendered":"<h5>Popis<\/h5>\n<p><strong>To prav\u00e9 medov\u00e9<\/strong><\/p>\n<p>Pre\u010do si zvoli\u0165 pr\u00e1ve tento kr\u00e9m? U kr\u00e9mov na ruky, najm\u00e4 ak s\u00fa citlivej\u0161ie, sledujte predov\u0161etk\u00fdm zlo\u017eenie. Potrebujete ruky vy\u017eivi\u0165 a dosta\u0165 do poko\u017eky l\u00e1tky, ktor\u00e9 pom\u00f4\u017eu jej regener\u00e1ciu a pru\u017enej\u0161iemu, mlad\u0161iemu vzh\u013eadu. Naopak sa vyhnite ingredienci\u00e1m, ktor\u00e9 va\u0161a ko\u017ea rozhodne nepotrebuje. V tomto pr\u00edpade u\u017e sme pr\u00edrodn\u00e9 zlo\u017eenie kr\u00e9mu vyrie\u0161ili za v\u00e1s. Med dod\u00e1 poko\u017eke va\u0161ich r\u00fak bielkoviny, miner\u00e1lne l\u00e1tky, vitam\u00edny, enz\u00fdmy, ale aj \u010fal\u0161ie l\u00e1tky, ktor\u00e9 podporuj\u00fa v\u00fd\u017eivu poko\u017eky. A \u010do \u010falej v tomto medovom kr\u00e9me n\u00e1jdete?<\/p>\n<p><img fetchpriority=\"high\" decoding=\"async\" class=\"\" src=\"https:\/\/pleva.s6.cdn-upgates.com\/c\/c6047576a6c3f6-3-6-medovy-krem-na-ruce-50g-flatlay21-1000x.jpg\" alt=\"medov\u00fd kr\u00e9m na ruce\" width=\"436\" height=\"292\" \/><\/p>\n<p><strong>Bambuck\u00e9 maslo pre dokonal\u00fa hydrat\u00e1ciu<\/strong><\/p>\n<p>V balzame n\u00e1jdete bio bambuck\u00e9 maslo lisovan\u00e9 za studena, ktor\u00e9 obsahuje vitam\u00edny A, D, E, F a \u010falej antioxidanty, mastn\u00e9 kyseliny a fytosteroly. T\u00e1to zlo\u017eka spolo\u010dne s medom stoj\u00ed za vl\u00e1\u010dnu, jemn\u00fa a pru\u017en\u00fa poko\u017ekou, ktor\u00e1 je v\u017edy dokonale hydratovan\u00e1. Aby bol \u00fa\u010dinok \u010do najvy\u0161\u0161\u00ed, z\u00e1rove\u0148 do balzamu prid\u00e1vame aj \u010fal\u0161ie zlo\u017eky, ktor\u00e9 silu bambuck\u00e9ho masla n\u00e1sob\u00ed.<\/p>\n<p><strong>Pr\u00edrodn\u00e1 sila oleja a vosku<\/strong><\/p>\n<p>V medovom kr\u00e9me n\u00e1jdete v\u010delieho vosku naozaj ve\u013ek\u00fd podiel a pr\u00e1ve v kombin\u00e1cii s bambuck\u00fdm maslom a slne\u010dnicov\u00fdm olejom vytv\u00e1ra na ruk\u00e1ch \u00fa\u017easn\u00fd ochrann\u00fd film a to aj bez pocitu mastnoty. To ocen\u00edte predov\u0161etk\u00fdm pre prevenciu pred pr\u00e1cou, ale aj ako skvel\u00fa ochranu proti vetru a zimn\u00fdm mrazom.<\/p>\n<p><img decoding=\"async\" class=\"\" src=\"https:\/\/pleva.s6.cdn-upgates.com\/l\/l6047576ad26b2-3-6-medovy-krem-na-ruce-50g-flatlay14-700.jpg\" alt=\"medov\u00fd kr\u00e9m na ruce\" width=\"387\" height=\"258\" \/><\/p>\n<p><strong>Hmotnos\u0165:<\/strong>\u00a050 g<\/p>\n<div class=\"woocommerce-tabs wc-tabs-wrapper\">\n<div id=\"tab-description\" class=\"woocommerce-Tabs-panel woocommerce-Tabs-panel--description panel entry-content wc-tab\" role=\"tabpanel\" aria-labelledby=\"tab-title-description\">\n<p>Medov\u00fd kr\u00e9m na ruky m\u00e1 \u010disto pr\u00edrodn\u00e9 zlo\u017eenie. Suroviny s\u00fa z obnovite\u013en\u00fdch zdrojov a s\u00fa pou\u017eit\u00e9 \u0161etrn\u00e9 v\u00fdrobn\u00e9 procesy.<\/p>\n<p><strong>Ingredients:\u00a0<\/strong>Aqua, Helianthus Annuus Seed Oil, Caprylic\/Capric Triglyceride, Butyrospermum Parkii Butter, Polyglyceryl \u2013 3 Distearate, Glycerin, Cetyl Alcohol, Cera Alba, Mel, Glyceryl Stearate Citrate, Phenylpropanol, Benzyl Alcohol, Caprylyl Glycol, Xanthan Gum, Benzoic Acid, Parfum, Dehydroacetic Acid<\/p>\n<p><img decoding=\"async\" class=\"\" src=\"https:\/\/pleva.s6.cdn-upgates.com\/4\/46078b27c3fbce-3-6-medovy-krem-na-ruce-50g-3-700.jpg\" alt=\"Medov\u00fd kr\u00e9m na ruce, Pleva\" width=\"388\" height=\"437\" \/><\/p>\n<p><strong>Ruky ako v bavlnke<\/strong><\/p>\n<p>Va\u0161e ruky pom\u00e1haj\u00fa pri mal\u00fdch aj ve\u013ek\u00fdch \u010dinnostiach po cel\u00fd de\u0148, preto si zasl\u00fa\u017ei n\u00e1le\u017eit\u00fa starostlivos\u0165.<\/p>\n<p>S medov\u00fdm kr\u00e9mom bude poko\u017eka va\u0161ich r\u00fak kr\u00e1sne jemn\u00e1, vl\u00e1\u010dna, pru\u017en\u00e1 a n\u00e1dherne prevo\u0148an\u00e1. Kr\u00e9m sa r\u00fdchlo vstreb\u00e1va, preto ho skvele vyu\u017eijete pre r\u00fdchle o\u0161etrenie r\u00fak, kedyko\u013evek je potreba.<\/p>\n<p>Kr\u00e9m nezanech\u00e1va pocit mastnoty, ale v\u010faka unik\u00e1tnemu zlo\u017eeniu vytv\u00e1ra na poko\u017eke ochrann\u00fd film a zaist\u00ed tak pre va\u0161e ruky skvel\u00fa ochranu pred nepriazniv\u00fdmi vplyvmi vonkaj\u0161ieho okolia. Ur\u010dite ocen\u00edte aj praktick\u00e9 balenie do kabelky.<\/p>\n<\/div>\n<\/div>\n","protected":false},"featured_media":872,"comment_status":"open","ping_status":"closed","template":"","meta":[],"product_brand":[],"product_cat":[105,37],"product_tag":[],"class_list":{"0":"post-870","1":"product","2":"type-product","3":"status-publish","4":"has-post-thumbnail","6":"product_cat-kremynaruky","7":"product_cat-kozmetika","9":"first","10":"outofstock","11":"taxable","12":"shipping-taxable","13":"purchasable","14":"product-type-simple"},"jetpack_sharing_enabled":true,"_links":{"self":[{"href":"https:\/\/www.nedozery.sk\/vcelarstvo\/wp-json\/wp\/v2\/product\/870","targetHints":{"allow":["GET"]}}],"collection":[{"href":"https:\/\/www.nedozery.sk\/vcelarstvo\/wp-json\/wp\/v2\/product"}],"about":[{"href":"https:\/\/www.nedozery.sk\/vcelarstvo\/wp-json\/wp\/v2\/types\/product"}],"replies":[{"embeddable":true,"href":"https:\/\/www.nedozery.sk\/vcelarstvo\/wp-json\/wp\/v2\/comments?post=870"}],"version-history":[{"count":0,"href":"https:\/\/www.nedozery.sk\/vcelarstvo\/wp-json\/wp\/v2\/product\/870\/revisions"}],"wp:featuredmedia":[{"embeddable":true,"href":"https:\/\/www.nedozery.sk\/vcelarstvo\/wp-json\/wp\/v2\/media\/872"}],"wp:attachment":[{"href":"https:\/\/www.nedozery.sk\/vcelarstvo\/wp-json\/wp\/v2\/media?parent=870"}],"wp:term":[{"taxonomy":"product_brand","embeddable":true,"href":"https:\/\/www.nedozery.sk\/vcelarstvo\/wp-json\/wp\/v2\/product_brand?post=870"},{"taxonomy":"product_cat","embeddable":true,"href":"https:\/\/www.nedozery.sk\/vcelarstvo\/wp-json\/wp\/v2\/product_cat?post=870"},{"taxonomy":"product_tag","embeddable":true,"href":"https:\/\/www.nedozery.sk\/vcelarstvo\/wp-json\/wp\/v2\/product_tag?post=870"}],"curies":[{"name":"wp","href":"https:\/\/api.w.org\/{rel}","templated":true}]}}