{"id":874,"date":"2021-11-30T16:26:37","date_gmt":"2021-11-30T15:26:37","guid":{"rendered":"https:\/\/www.nedozery.sk\/vcelarstvo\/?post_type=product&#038;p=874"},"modified":"2025-11-04T23:56:21","modified_gmt":"2025-11-04T22:56:21","slug":"pletovy-krem-proti-vraskam-50-g","status":"publish","type":"product","link":"https:\/\/www.nedozery.sk\/vcelarstvo\/produkt\/pletovy-krem-proti-vraskam-50-g\/","title":{"rendered":"Ple\u0165ov\u00fd kr\u00e9m proti vr\u00e1skam 50 g \/ ks"},"content":{"rendered":"<p>\u2022 podporuje tvorbu kolag\u00e9nu a zlep\u0161uje elasticitu pleti<br \/>\n\u2022 vyhladzuje drobn\u00e9 vr\u00e1sky a predch\u00e1dza vzniku nov\u00fdch<br \/>\n\u2022 teraz aj vo v\u00e4\u010d\u0161om balen\u00ed v skle<\/p>\n<p>Vhodn\u00fd pre such\u0161ie, norm\u00e1lnu a mastnej\u0161iu ple\u0165 od 30 rokov<\/p>\n<p><strong>N\u00e1vod na pou\u017eitie:<\/strong>\u00a0Ple\u0165ov\u00fd kr\u00e9m proti vr\u00e1skam aplikujte na vy\u010disten\u00fa ple\u0165. Kr\u00e9m je v\u00fd\u017eivn\u00fd, tak\u017ee ak m\u00e1te mastnej\u0161iu ple\u0165, odpor\u00fa\u010dame ho pou\u017e\u00edva\u0165 po d\u00f4kladnom odl\u00ed\u010den\u00ed po n\u00e1vrate z pr\u00e1ce. Najlep\u0161\u00ed v\u00fdsledok docielite pravideln\u00fdm pou\u017e\u00edvan\u00edm.<\/p>\n","protected":false},"excerpt":{"rendered":"<h5>Popis<\/h5>\n<p><strong>Kvalitn\u00e9 pr\u00edrodn\u00e9 zlo\u017eenie, ktor\u00e9 d\u00e1 vr\u00e1skam zbohom<\/strong><\/p>\n<p>N\u00e1\u0161 zamatovo hebk\u00fd kr\u00e9m svoj\u00edm unik\u00e1tnym zlo\u017een\u00edm podporuje tvorbu kolag\u00e9nu, ktor\u00e9ho po tridsiatke prirodzene ub\u00fada. Obsahuje hned\u00fa morsk\u00fa riasu Kalpariane z Bret\u00f3nska, ktor\u00e1 m\u00e1 protistarn\u00faci a spev\u0148uj\u00face \u00fa\u010dinky. Kalpariane v\u010faka svojmu vysok\u00e9mu obsahu omega-3 a omega-6 mastn\u00fdch kysel\u00edn chr\u00e1ni poko\u017eku proti vo\u013en\u00fdm radik\u00e1lom, vy\u017eivuje ju a podporuje jej pru\u017enos\u0165. Tento pr\u00edrodn\u00fd z\u00e1zrak tie\u017e podporuje synt\u00e9zu kolag\u00e9nu a zabra\u0148uje jeho \u00fabytku.<\/p>\n<p>Kyselina hyalur\u00f3nov\u00e1 m\u00e1 \u00fa\u017easn\u00fa schopnos\u0165 viaza\u0165 na seba ve\u013ek\u00e9 mno\u017estvo vody, ktor\u00e1 sa postupne uvo\u013e\u0148uje a vstreb\u00e1va do poko\u017eky. Zais\u0165uje tak d\u00f4kladn\u00fa hydrat\u00e1ciu pleti s efektom vyplnenie \u2013 t\u00e1 je potom kr\u00e1sna, svie\u017ea, pevn\u00e1 a pru\u017en\u00e1, s obmedzen\u00fdm v\u00fdskytom vr\u00e1sok.<\/p>\n<p>\u00da\u010dinky materskej ka\u0161i\u010dky sa potom najlep\u0161ie vysvet\u013euj\u00fa na pr\u00edklade v\u010delej kr\u00e1\u013eovnej. K\u00fdm sa be\u017en\u00e9 v\u010delie robotnice, ktor\u00e9 jedia pe\u013e a med, do\u017e\u00edvaj\u00fa maxim\u00e1lne p\u00e1r t\u00fd\u017ed\u0148ov alebo mesiacov, kr\u00e1\u013eovn\u00e1 k\u0155men\u00e1 materskou ka\u0161i\u010dkou sa do\u017e\u00edva hne\u010f nieko\u013ek\u00fdch rokov. V kr\u00e9me pre kr\u00e1\u013eovn\u00e9 tak t\u00e1to nesmierne cenn\u00e1 pr\u00edrodn\u00e1 l\u00e1tka, ktor\u00fa produkuj\u00fa mladu\u010dk\u00e9 v\u010dielky, nesmie ch\u00fdba\u0165.<\/p>\n<p><img fetchpriority=\"high\" decoding=\"async\" class=\"\" src=\"https:\/\/pleva.s6.cdn-upgates.com\/y\/y60474a3e8c8cf-3-7-pletovy-krem-proti-vraskam-flatlay-14-1000.jpg\" alt=\"Ple\u0165ov\u00fd kr\u00e9m proti vr\u00e1sk\u00e1m, Pleva\" width=\"646\" height=\"431\" \/><\/p>\n<p>Braz\u00edlsky poklad skvalan zabra\u0148uje tvorbe vr\u00e1sok, rozjas\u0148uje a spev\u0148uje ple\u0165. Rovnako ako kyselina hyauloronov\u00e1, aj skvalan na seba via\u017ee vlahu, a okrem celkovej hydrat\u00e1cie tie\u017e vyhladzuje a zjem\u0148uje poko\u017eku.<\/p>\n<p>O Bambuckom masle sa traduje, \u017ee mu za svoju kr\u00e1su v\u010fa\u010dila aj zn\u00e1ma Nefertiti. V\u010faka obsahu vitam\u00ednov A, D, E, F a antioxidantov, mastn\u00fdch kysel\u00edn a fytosterolov s\u00fa jeho \u00fa\u010dinky na poko\u017eke vidie\u0165 okam\u017eite \u2013 upokojuje, hydratuje a n\u00e1sledne ju chr\u00e1ni, okrem in\u00e9ho aj pred vznikom vr\u00e1sok. Pri dlhodobom pou\u017e\u00edvan\u00ed prejav\u00ed svoje regenera\u010dn\u00e9 vlastnosti.<\/p>\n<p>Makadamiov\u00fd olej je jedine\u010dn\u00fd pre svoj \u0161pecifick\u00fd obsah kyseliny palmovit\u00e9, ktor\u00fd presne zodpoved\u00e1 ko\u017en\u00e9mu filmu. Starnut\u00edm a nepriazniv\u00fdmi vplyvmi sa ale z poko\u017eky tie\u017e vytr\u00e1ca, \u010do sp\u00f4sobuje vysychanie ko\u017ee. Olej z makadamov\u00fdch orechov preto poko\u017eku n\u00e1dherne regeneruje, hydratuje a tie\u017e hoj\u00ed.<\/p>\n<p><strong>Ingredients:\u00a0<\/strong>Aqua, Butyrospermum Parkii Butter, Sorbitan Olivate, Coco-Caprylate, Squalane, Glycerin, Macadamia Integrifolia Seed Oil, Cetearyl Olivate, Cetearyl Ethylhexanoate, Cetyl Alcohol, Caprylic\/Capric Triglyceride, Alaria Esculenta Extract, Xanthan Gum, Caprylyl Glycol, Royal Jelly, Tocopherol, Sodium Hyaluronate, Cetearyl Alcohol, Cetyl Palmitate, Sorbiran Palmitate, Sorbitan Oleate, Phenylpropanol, Benzyl Alcohol, Benzoic Acid, Dehydroacetic Acid, Parfum<\/p>\n<p><img decoding=\"async\" class=\"\" src=\"https:\/\/pleva.s6.cdn-upgates.com\/m\/m60474b69c63bd-3-7-pletovy-krem-proti-vraskam-flatlay-10-700.jpg\" alt=\"Ple\u0165ov\u00fd kr\u00e9m proti vr\u00e1sk\u00e1m, Pleva\" width=\"516\" height=\"344\" \/><\/p>\n<p>&nbsp;<\/p>\n<p><img decoding=\"async\" src=\"https:\/\/cdn.atomer.com\/user\/3385\/upload\/ftp_client\/smajlik2.png\" alt=\"\" width=\"38\" height=\"38\" \/><img loading=\"lazy\" decoding=\"async\" src=\"https:\/\/cdn.atomer.com\/user\/3385\/upload\/ftp_client\/cisto%20prirodny.png\" alt=\"\" width=\"100\" height=\"114\" \/><\/p>\n<p><strong>pr\u00edrodn\u00e9 zlo\u017eenie<\/strong><\/p>\n<p>Ple\u0165ov\u00fd kr\u00e9m proti vr\u00e1skam m\u00e1 \u010disto pr\u00edrodn\u00e9 zlo\u017eenie. Suroviny s\u00fa z obnovite\u013en\u00fdch zdrojov a s\u00fa pou\u017eit\u00e9 \u0161etrn\u00e9 v\u00fdrobn\u00e9 procesy.<\/p>\n","protected":false},"featured_media":877,"comment_status":"open","ping_status":"closed","template":"","meta":[],"product_brand":[],"product_cat":[106,37],"product_tag":[],"class_list":{"0":"post-874","1":"product","2":"type-product","3":"status-publish","4":"has-post-thumbnail","6":"product_cat-pletovekremy","7":"product_cat-kozmetika","9":"first","10":"outofstock","11":"taxable","12":"shipping-taxable","13":"purchasable","14":"product-type-simple"},"jetpack_sharing_enabled":true,"_links":{"self":[{"href":"https:\/\/www.nedozery.sk\/vcelarstvo\/wp-json\/wp\/v2\/product\/874","targetHints":{"allow":["GET"]}}],"collection":[{"href":"https:\/\/www.nedozery.sk\/vcelarstvo\/wp-json\/wp\/v2\/product"}],"about":[{"href":"https:\/\/www.nedozery.sk\/vcelarstvo\/wp-json\/wp\/v2\/types\/product"}],"replies":[{"embeddable":true,"href":"https:\/\/www.nedozery.sk\/vcelarstvo\/wp-json\/wp\/v2\/comments?post=874"}],"version-history":[{"count":0,"href":"https:\/\/www.nedozery.sk\/vcelarstvo\/wp-json\/wp\/v2\/product\/874\/revisions"}],"wp:featuredmedia":[{"embeddable":true,"href":"https:\/\/www.nedozery.sk\/vcelarstvo\/wp-json\/wp\/v2\/media\/877"}],"wp:attachment":[{"href":"https:\/\/www.nedozery.sk\/vcelarstvo\/wp-json\/wp\/v2\/media?parent=874"}],"wp:term":[{"taxonomy":"product_brand","embeddable":true,"href":"https:\/\/www.nedozery.sk\/vcelarstvo\/wp-json\/wp\/v2\/product_brand?post=874"},{"taxonomy":"product_cat","embeddable":true,"href":"https:\/\/www.nedozery.sk\/vcelarstvo\/wp-json\/wp\/v2\/product_cat?post=874"},{"taxonomy":"product_tag","embeddable":true,"href":"https:\/\/www.nedozery.sk\/vcelarstvo\/wp-json\/wp\/v2\/product_tag?post=874"}],"curies":[{"name":"wp","href":"https:\/\/api.w.org\/{rel}","templated":true}]}}