{"id":880,"date":"2021-11-30T16:38:52","date_gmt":"2021-11-30T15:38:52","guid":{"rendered":"https:\/\/www.nedozery.sk\/vcelarstvo\/?post_type=product&#038;p=880"},"modified":"2025-11-04T23:02:14","modified_gmt":"2025-11-04T22:02:14","slug":"sampon-s-propolisom-150g","status":"publish","type":"product","link":"https:\/\/www.nedozery.sk\/vcelarstvo\/produkt\/sampon-s-propolisom-150g\/","title":{"rendered":"\u0160amp\u00f3n s propolisom 150g"},"content":{"rendered":"<p>\u2022\u00a0\u0161etrn\u00fd\u00a0\u0161amp\u00f3n s\u00a0neutr\u00e1lnym\u00a0pH<br \/>\n\u2022\u00a0zni\u017euje\u00a0tvorbu\u00a0lup\u00edn\u00a0a\u00a0regeneruje<br \/>\n\u2022\u00a0vhodn\u00fd\u00a0pre\u00a0mastn\u00e9\u00a0a\u00a0po\u0161koden\u00e9 vlasy<\/p>\n<p><strong>N\u00e1vod na pou\u017eitie:<\/strong>\u00a0Vlasy dostato\u010dne opl\u00e1chnite vla\u017enou a\u017e teplou vodou, naneste \u0161amp\u00f3n a kr\u00fa\u017eiv\u00fdmi pohybmi vytvorte penu. Po\u010das nieko\u013ek\u00fdch min\u00fat vlasy op\u00e4\u0165 opl\u00e1chnite a zvy\u0161ky \u0161amp\u00f3nu starostlivo zmyte. Po umyt\u00ed odpor\u00fa\u010dame vlasy osu\u0161i\u0165 uter\u00e1kom a vmas\u00edrova\u0165 vlasov\u00fa vodu. Zlep\u0161\u00edte tak v\u00fd\u017eivu vlasov a podpor\u00edte regener\u00e1ciu. Propolisov\u00fd \u0161amp\u00f3n je vhodn\u00fd na ka\u017edodenn\u00e9 pou\u017eitie pre v\u0161etky typy vlasov.<\/p>\n","protected":false},"excerpt":{"rendered":"<div class=\"woocommerce-tabs wc-tabs-wrapper\">\n<div id=\"tab-description\" class=\"woocommerce-Tabs-panel woocommerce-Tabs-panel--description panel entry-content wc-tab\" role=\"tabpanel\" aria-labelledby=\"tab-title-description\">\n<h5>Popis<\/h5>\n<p><strong>Pre zdrav\u00fd vzh\u013ead<\/strong><\/p>\n<p>Ve\u013emi pr\u00edjemnou vlastnos\u0165ou propolisu je, \u017ee p\u00f4sob\u00ed dezinfek\u010dne a regenera\u010dne \u2013 ur\u010dite ho pozn\u00e1te z najr\u00f4znej\u0161\u00edch ple\u0165ov\u00fdch kr\u00e9mov, kde si u\u017e z\u00edskal zna\u010dn\u00fa popularitu napr\u00edklad k starostlivosti o ple\u0165 pri v\u00fdskyte akn\u00e9.\u00a0A rovnako blahodarne p\u00f4sob\u00ed tie\u017e na na\u0161e vlasy.<\/p>\n<p><strong><img fetchpriority=\"high\" decoding=\"async\" class=\"\" src=\"https:\/\/pleva.s6.cdn-upgates.com\/8\/8604924707b40b-5-3-sampon-s-propolisem-1-1000.jpg\" alt=\"\u0160ampon s propolisem Pleva\" width=\"553\" height=\"410\" \/><\/strong><\/p>\n<p>Propolis je napr\u00edklad regeneruje a vidite\u013ene posil\u0148uje.\u00a0\u010coskoro z\u00edskavaj\u00fa zdrav\u00fd vzh\u013ead a pru\u017enos\u0165, \u010d\u00edm sa obmedzuje ich nadmern\u00e9 padanie a l\u00e1mavos\u0165.\u00a0Propolis obmedzuje tie\u017e tvorbu nepr\u00edjemn\u00fdch lup\u00edn, a aj ke\u010f tento \u0161amp\u00f3n nevyr\u00e1bame prim\u00e1rne ako \u0161amp\u00f3n proti lupin\u00e1m, jeho \u00fa\u010dinky s\u00fa viac ne\u017e presved\u010div\u00e9.<\/p>\n<p>\u0160amp\u00f3n s propolisom dobre um\u00fdva a zbavuje mastnoty, v\u010faka neutr\u00e1lnemu pH pritom ale nevysu\u0161uje poko\u017eku.\u00a0Je v\u00fdborn\u00fd pri starostlivosti o mastn\u00e9 alebo po\u0161koden\u00e9 vlasy, ktor\u00fdm pom\u00e1ha z\u00edska\u0165 rovnov\u00e1hu a prirodzen\u00fa kr\u00e1su.\u00a0U\u017e po nieko\u013ek\u00fdch umytiach si tak za\u010dnete v\u0161\u00edma\u0165 zvy\u0161uj\u00facej sa pevnosti vlasov a zdravej poko\u017eky.\u00a0Z\u00e1kazn\u00edci si tie\u017e chv\u00e1li zv\u00fd\u0161enie lesku.<\/p>\n<p><img decoding=\"async\" class=\"\" src=\"https:\/\/pleva.s6.cdn-upgates.com\/g\/g608aab8ebc6de-5-3-sampon-s-propolisem-mocup-3-700.jpg\" alt=\"\u0160ampon s propolisem, Pleva\" width=\"591\" height=\"394\" \/><\/p>\n<p><strong>Hmotnos\u0165: 150g alebo 500g<br \/>\n<\/strong><\/p>\n<p><strong><img decoding=\"async\" class=\"\" src=\"https:\/\/pleva.s6.cdn-upgates.com\/k\/k6077ea38ef250-5-5-sampon-s-propolisem-500g-velke-baleni-6-700.jpg\" alt=\"\u0160ampon s propolisem velk\u00e9 balen\u00ed, Pleva\" width=\"198\" height=\"132\" \/>v\u00e4\u010d\u0161ie balenia:\u00a0<\/strong>Ob\u013e\u00faben\u00fd \u0160amp\u00f3n s propolisom si m\u00f4\u017eete zak\u00fapi\u0165 aj vo v\u00e4\u010d\u0161om 500 g balen\u00ed<\/p>\n<p><strong>Zlo\u017eenie<\/strong>: Aqua, Sodium Laureth Sulfate, Lauramidopropyl Betaine, Sodium Chloride, Caprylyl\/Capryl Glucoside, Propolis extract, Cocamidopropyl Betaine, Glyceryl Laurate, Sodium benzoate, Phenoxyethanol, Ethylhexylglycerin, Citric acid<\/p>\n<\/div>\n<\/div>\n<section class=\"related products\">\n<h6><\/h6>\n<\/section>\n","protected":false},"featured_media":881,"comment_status":"open","ping_status":"closed","template":"","meta":[],"product_brand":[],"product_cat":[37,101],"product_tag":[],"class_list":{"0":"post-880","1":"product","2":"type-product","3":"status-publish","4":"has-post-thumbnail","6":"product_cat-kozmetika","7":"product_cat-sampony","9":"first","10":"outofstock","11":"taxable","12":"shipping-taxable","13":"purchasable","14":"product-type-simple"},"jetpack_sharing_enabled":true,"_links":{"self":[{"href":"https:\/\/www.nedozery.sk\/vcelarstvo\/wp-json\/wp\/v2\/product\/880","targetHints":{"allow":["GET"]}}],"collection":[{"href":"https:\/\/www.nedozery.sk\/vcelarstvo\/wp-json\/wp\/v2\/product"}],"about":[{"href":"https:\/\/www.nedozery.sk\/vcelarstvo\/wp-json\/wp\/v2\/types\/product"}],"replies":[{"embeddable":true,"href":"https:\/\/www.nedozery.sk\/vcelarstvo\/wp-json\/wp\/v2\/comments?post=880"}],"version-history":[{"count":0,"href":"https:\/\/www.nedozery.sk\/vcelarstvo\/wp-json\/wp\/v2\/product\/880\/revisions"}],"wp:featuredmedia":[{"embeddable":true,"href":"https:\/\/www.nedozery.sk\/vcelarstvo\/wp-json\/wp\/v2\/media\/881"}],"wp:attachment":[{"href":"https:\/\/www.nedozery.sk\/vcelarstvo\/wp-json\/wp\/v2\/media?parent=880"}],"wp:term":[{"taxonomy":"product_brand","embeddable":true,"href":"https:\/\/www.nedozery.sk\/vcelarstvo\/wp-json\/wp\/v2\/product_brand?post=880"},{"taxonomy":"product_cat","embeddable":true,"href":"https:\/\/www.nedozery.sk\/vcelarstvo\/wp-json\/wp\/v2\/product_cat?post=880"},{"taxonomy":"product_tag","embeddable":true,"href":"https:\/\/www.nedozery.sk\/vcelarstvo\/wp-json\/wp\/v2\/product_tag?post=880"}],"curies":[{"name":"wp","href":"https:\/\/api.w.org\/{rel}","templated":true}]}}