{"id":884,"date":"2021-11-30T16:44:54","date_gmt":"2021-11-30T15:44:54","guid":{"rendered":"https:\/\/www.nedozery.sk\/vcelarstvo\/?post_type=product&#038;p=884"},"modified":"2025-11-04T23:55:25","modified_gmt":"2025-11-04T22:55:25","slug":"pletovy-krem-s-materskou-kasickou-50-g-ks","status":"publish","type":"product","link":"https:\/\/www.nedozery.sk\/vcelarstvo\/produkt\/pletovy-krem-s-materskou-kasickou-50-g-ks\/","title":{"rendered":"Ple\u0165ov\u00fd kr\u00e9m s materskou ka\u0161i\u010dkou 50 g \/ ks"},"content":{"rendered":"<p>\u2022 r\u00fdchlo sa vstreb\u00e1va bez pocitu mastnoty<br \/>\n\u2022 pr\u00edrodn\u00fd kr\u00e9m s hydrata\u010dn\u00fdm a regenera\u010dn\u00fdm \u00fa\u010dinkom<br \/>\n\u2022 vhodn\u00fd na such\u0161ie a norm\u00e1lnu ple\u0165<\/p>\n<p>Vhodn\u00fd pre norm\u00e1lnu a such\u0161iu ple\u0165 a vek 25-40 rokov.<\/p>\n<p><strong>N\u00e1vod na pou\u017eitie:<\/strong>\u00a0Kr\u00e9m s materskou ka\u0161i\u010dkou pou\u017e\u00edvajte ako denn\u00fd kr\u00e9m. Nan\u00e1\u0161ajte ho v\u017edy na odl\u00ed\u010den\u00fa a vy\u010disten\u00fa ple\u0165. Je vhodn\u00fd pod be\u017en\u00e9 denn\u00e9 l\u00ed\u010denie, ale aj ako kr\u00e9m po odl\u00ed\u010den\u00ed.<\/p>\n","protected":false},"excerpt":{"rendered":"<h3><strong>Matersk\u00e1 ka\u0161i\u010dka regeneruje a vyhladzuje vr\u00e1sky<\/strong><\/h3>\n<p>Matersk\u00e1 ka\u0161i\u010dka je prirodzen\u00fdm zdrojom stimula\u010dn\u00fdch l\u00e1tok s ve\u013emi \u0161irok\u00fdm spektrom \u00fa\u010dinkov. Preto\u017ee p\u00f4sob\u00ed blahod\u00e1rne na regener\u00e1ciu pleti a porad\u00ed si s drobn\u00fdmi vr\u00e1skami, rozhodli sme sa ju primie\u0161a\u0165 do denn\u00e9ho kr\u00e9mu proti vr\u00e1skam.<\/p>\n<p>N\u00e1\u0161 pr\u00edrodn\u00fd ple\u0165ov\u00fd kr\u00e9m s materskou ka\u0161i\u010dkou udr\u017e\u00ed va\u0161u ple\u0165 jemn\u00fa a vl\u00e1\u010dnu, v\u00fdrazne zlep\u0161\u00ed prekrvenos\u0165 pleti a z\u00e1rove\u0148 \u00fa\u010dinne p\u00f4sob\u00ed proti vr\u00e1skam.<\/p>\n<p><img fetchpriority=\"high\" decoding=\"async\" class=\"\" src=\"https:\/\/pleva.s6.cdn-upgates.com\/3\/36078a44f9a032-3-2-pletovy-krem-s-materi-kasickou-mocup-4-1000.jpg\" alt=\"Ple\u0165ov\u00fd kr\u00e9m s mate\u0159\u00ed ka\u0161i\u010dkou, Pleva\" width=\"596\" height=\"398\" \/><\/p>\n<h3><strong>Olej z marhu\u013eov\u00fdch jadier pre mladistv\u00fa poko\u017eku (mladistv\u00fd vzh\u013ead)<\/strong><\/h3>\n<p>\u010cist\u00fd olej z marhu\u013eov\u00fdch jadier obsahuje viac nenas\u00fdten\u00fdch mastn\u00fdch kysel\u00edn ako v\u00e4\u010d\u0161ina in\u00fdch olejov. Ich dostato\u010dn\u00fd pr\u00edjem p\u00f4sob\u00ed na poko\u017eku pozit\u00edvne a omladzuje ju. \u010ealej obsahuje kyselinu linolov\u00fa, ktor\u00e1 sa vyu\u017e\u00edva pre svoje schopnosti zmierni\u0165 akn\u00e9 a hydratova\u0165 such\u00fa poko\u017eku. Olej je \u013eahu\u010dk\u00fd, r\u00fdchlo sa vstreb\u00e1va a dod\u00e1va poko\u017eke vysok\u00e9 d\u00e1vky provitam\u00ednu A.<\/p>\n<h3><strong>Poklad z pr\u00edrody \u2013 makadamiov\u00fd olej<\/strong><\/h3>\n<p>Makadamiov\u00fd olej je unik\u00e1tny t\u00fdm, \u017ee obsahuje kyselinu palmovitou v mno\u017estve, ktor\u00e9 zodpoved\u00e1 n\u00e1\u0161mu ko\u017en\u00e9mu filmu. Starnut\u00edm, zranen\u00edm alebo nepriazniv\u00fdmi vplyvmi sa z \u013eudskej poko\u017eky zast\u00fapenie tejto kyseliny prirodzene vytr\u00e1ca, a preto poko\u017eka str\u00e1ca svoju prirodzen\u00fa funkciu bari\u00e9ry a doch\u00e1dza tak k jej vysychaniu.<\/p>\n<p>Olej z makadamie hladinu kyseliny vyrovn\u00e1va, a preto poko\u017eku hydratuje aj regeneruje. \u010casto sa pou\u017e\u00edva v starostlivosti o such\u00fa poko\u017eku, ktor\u00e1 je popraskan\u00e1 alebo oslaben\u00e1 vplyvom chladn\u00e9ho po\u010dasia v zime. V\u00fdborne prenik\u00e1 cez poko\u017eku a na jej povrchu nezanech\u00e1va mastn\u00fd film.<\/p>\n<p><img decoding=\"async\" class=\"\" src=\"https:\/\/pleva.s6.cdn-upgates.com\/t\/t60f2f38822e04-3-2-pletovy-krem-s-materi-kasickou-1u-1000.jpg\" alt=\"Ple\u0165ov\u00fd kr\u00e9m s mate\u0159\u00ed ka\u0161i\u010dkou, Pleva\" width=\"603\" height=\"402\" \/><\/p>\n<h3><strong>Pr\u00edrodn\u00e9 emulg\u00e1tor z olivov\u00e9ho oleja<\/strong><\/h3>\n<p>Olivem 1000 je pr\u00edrodn\u00fd, klinicky testovan\u00fd emulg\u00e1tor, z\u00edskavan\u00fd z olivov\u00e9ho oleja, ktor\u00fd prispieva k dlhodobej hydrat\u00e1ciu poko\u017eky. Obnovuje \u0161trukt\u00faru ko\u017ee a posil\u0148uje jej bari\u00e9rovej funkcie, \u010d\u00edm prispieva k jej ochrane proti nepriazniv\u00fdm vplyvom okolit\u00e9ho prostredia a obmedzuje zn\u00e1mky starnutia.<\/p>\n<p>S\u00fa\u010dasne tie\u017e ur\u00fdch\u013euje vstreb\u00e1vanie a podporuje \u013eah\u0161ie prenikanie \u00fa\u010dinn\u00fdch l\u00e1tok z kozmetiky a tie\u017e hydrat\u00e1ciu do hlb\u0161\u00edch vrstiev poko\u017eky. Vytv\u00e1ra toti\u017e tzv. Tekut\u00e9 kry\u0161t\u00e1ly, ktor\u00e9 v\u00e1\u017ei \u00fa\u010dinnej l\u00e1tky a t\u00fdm zabezpe\u010duje ich ve\u013emi \u00fa\u010dinn\u00fd transport aj do hlb\u0161\u00edch vrstiev ko\u017ee.<\/p>\n<p><strong>R\u00fdchlo sa vstreb\u00e1va<br \/>\n<\/strong><br \/>\nPle\u0165ov\u00fd kr\u00e9m s materskou ka\u0161i\u010dkou m\u00e1 ve\u013emi \u013eahk\u00fa konzistenciu, ktor\u00e1 sa ve\u013emi r\u00fdchlo vstreb\u00e1va. M\u00f4\u017eete ho pou\u017e\u00edva\u0165 hne\u010f r\u00e1no pod make-up alebo naopak na odl\u00ed\u010den\u00fa ple\u0165 po pr\u00edchode domov.<\/p>\n<p><img decoding=\"async\" class=\"\" src=\"https:\/\/pleva.s6.cdn-upgates.com\/j\/j6078a44e967eb-3-2-pletovy-krem-s-materi-kasickou-mocup-1a-crop-700.jpg\" alt=\"Ple\u0165ov\u00fd kr\u00e9m s mate\u0159\u00ed ka\u0161i\u010dkou, Pleva\" width=\"560\" height=\"375\" \/><\/p>\n<p><strong>Hmotnos\u0165: 50 g<\/strong><\/p>\n<p><strong>Ingredients:\u00a0<\/strong>Aqua, Coco-Caprylate,Prunus Armeniaca Kernel Oil,Cetearyl Ethylhexanoate, Glycerin, Sorbitan Olivate, Cetearyl Olivate, Macadamia Integrifolia Seed Oil, Cetyl Alcohol, Cetearyl Alcohol, Benzyl Alcohol, Phenylpropanol, Cetyl Palmitate, Benzoic Acid,Sorbitan Palmitate, Royal Jelly, Tocopherol,Caprylyl Glycol, Sorbitan Palmitate, Sorbitan Oleate, Parfum, Dehydroacetic Acid<strong><br \/>\n<\/strong><\/p>\n<p><img loading=\"lazy\" decoding=\"async\" class=\"\" src=\"https:\/\/pleva.s6.cdn-upgates.com\/8\/860478c2acc603-3-2-150522-matecnik3-700.jpg\" alt=\"Mate\u0159\u00ed ka\u0161i\u010dka na pl\u00e1stu\" width=\"317\" height=\"210\" \/><\/p>\n<p><strong>Matersk\u00e1 ka\u0161i\u010dka priamo od kr\u00e1\u013eovnej<\/strong><\/p>\n<p>Vzh\u013eadom k jedine\u010dn\u00fdm \u00fa\u010dinkom materskej ka\u0161i\u010dky ju v \u00fali konzumuj\u00fa len t\u00ed najd\u00f4le\u017eitej\u0161ie \u010dlenovia \u2013 v\u010delia kr\u00e1\u013eovn\u00e1 a larvy v\u010del\u00edch robotn\u00edc a tr\u00fadov. Larv\u00e1m sa ka\u0161i\u010dka pod\u00e1va len prv\u00e9 tri dni \u017eivota. Zatia\u013e \u010do be\u017en\u00e9 v\u010dely robotnice \u017eij\u00fa maxim\u00e1lne nieko\u013eko mesiacov, matka sa do\u017e\u00edva 3 a\u017e 5 rokov, a to pr\u00e1ve v\u010faka konzum\u00e1cii materskej ka\u0161i\u010dky. V\u010faka nej z\u00edskava mimoriadnu vitalitu.<\/p>\n","protected":false},"featured_media":885,"comment_status":"open","ping_status":"closed","template":"","meta":[],"product_brand":[],"product_cat":[106,37],"product_tag":[],"class_list":{"0":"post-884","1":"product","2":"type-product","3":"status-publish","4":"has-post-thumbnail","6":"product_cat-pletovekremy","7":"product_cat-kozmetika","9":"first","10":"outofstock","11":"taxable","12":"shipping-taxable","13":"purchasable","14":"product-type-simple"},"jetpack_sharing_enabled":true,"_links":{"self":[{"href":"https:\/\/www.nedozery.sk\/vcelarstvo\/wp-json\/wp\/v2\/product\/884","targetHints":{"allow":["GET"]}}],"collection":[{"href":"https:\/\/www.nedozery.sk\/vcelarstvo\/wp-json\/wp\/v2\/product"}],"about":[{"href":"https:\/\/www.nedozery.sk\/vcelarstvo\/wp-json\/wp\/v2\/types\/product"}],"replies":[{"embeddable":true,"href":"https:\/\/www.nedozery.sk\/vcelarstvo\/wp-json\/wp\/v2\/comments?post=884"}],"version-history":[{"count":0,"href":"https:\/\/www.nedozery.sk\/vcelarstvo\/wp-json\/wp\/v2\/product\/884\/revisions"}],"wp:featuredmedia":[{"embeddable":true,"href":"https:\/\/www.nedozery.sk\/vcelarstvo\/wp-json\/wp\/v2\/media\/885"}],"wp:attachment":[{"href":"https:\/\/www.nedozery.sk\/vcelarstvo\/wp-json\/wp\/v2\/media?parent=884"}],"wp:term":[{"taxonomy":"product_brand","embeddable":true,"href":"https:\/\/www.nedozery.sk\/vcelarstvo\/wp-json\/wp\/v2\/product_brand?post=884"},{"taxonomy":"product_cat","embeddable":true,"href":"https:\/\/www.nedozery.sk\/vcelarstvo\/wp-json\/wp\/v2\/product_cat?post=884"},{"taxonomy":"product_tag","embeddable":true,"href":"https:\/\/www.nedozery.sk\/vcelarstvo\/wp-json\/wp\/v2\/product_tag?post=884"}],"curies":[{"name":"wp","href":"https:\/\/api.w.org\/{rel}","templated":true}]}}