{"id":920,"date":"2021-12-03T20:04:35","date_gmt":"2021-12-03T19:04:35","guid":{"rendered":"https:\/\/www.nedozery.sk\/vcelarstvo\/?post_type=product&#038;p=920"},"modified":"2023-10-27T14:31:34","modified_gmt":"2023-10-27T12:31:34","slug":"darcekova-tasticka-set13-ks","status":"publish","type":"product","link":"https:\/\/www.nedozery.sk\/vcelarstvo\/produkt\/darcekova-tasticka-set13-ks\/","title":{"rendered":"Dar\u010dekov\u00e1 ta\u0161ti\u010dka SET13 \/ ks"},"content":{"rendered":"<p>Dar\u010dekov\u00e1 ta\u0161ti\u010dka obsahuje:<\/p>\n<p>Ple\u0165ov\u00fd kr\u00e9m s materskou ka\u0161i\u010dkou &#8211; 1x<br \/>\nMydlo s obdahom materskej ka\u0161i\u010dky &#8211; 1x<br \/>\nSvie\u010dka zo v\u010delieho vosku (zelen\u00e1) 12&#215;4,5cm &#8211; 1x<\/p>\n<p>(V\u0161etky v\u00fdrobky s\u00fa vyroben\u00e9 z pr\u00edrodn\u00fdch produktov)<\/p>\n","protected":false},"excerpt":{"rendered":"<p>Dar\u010dekov\u00e1 ta\u0161ti\u010dka obsahuje: Ple\u0165ov\u00fd kr\u00e9m s materskou ka\u0161i\u010dkou &#8211; 1x Mydlo s obdahom materskej ka\u0161i\u010dky &#8211; 1x Svie\u010dka zo v\u010delieho vosku (zelen\u00e1) 12&#215;4,5cm &#8211; 1x (V\u0161etky v\u00fdrobky s\u00fa vyroben\u00e9 z pr\u00edrodn\u00fdch produktov)<\/p>\n","protected":false},"featured_media":925,"comment_status":"open","ping_status":"closed","template":"","meta":[],"product_brand":[],"product_cat":[31],"product_tag":[],"class_list":{"0":"post-920","1":"product","2":"type-product","3":"status-publish","4":"has-post-thumbnail","6":"product_cat-darceky","8":"first","9":"outofstock","10":"taxable","11":"shipping-taxable","12":"purchasable","13":"product-type-simple"},"jetpack_sharing_enabled":true,"_links":{"self":[{"href":"https:\/\/www.nedozery.sk\/vcelarstvo\/wp-json\/wp\/v2\/product\/920","targetHints":{"allow":["GET"]}}],"collection":[{"href":"https:\/\/www.nedozery.sk\/vcelarstvo\/wp-json\/wp\/v2\/product"}],"about":[{"href":"https:\/\/www.nedozery.sk\/vcelarstvo\/wp-json\/wp\/v2\/types\/product"}],"replies":[{"embeddable":true,"href":"https:\/\/www.nedozery.sk\/vcelarstvo\/wp-json\/wp\/v2\/comments?post=920"}],"version-history":[{"count":0,"href":"https:\/\/www.nedozery.sk\/vcelarstvo\/wp-json\/wp\/v2\/product\/920\/revisions"}],"wp:featuredmedia":[{"embeddable":true,"href":"https:\/\/www.nedozery.sk\/vcelarstvo\/wp-json\/wp\/v2\/media\/925"}],"wp:attachment":[{"href":"https:\/\/www.nedozery.sk\/vcelarstvo\/wp-json\/wp\/v2\/media?parent=920"}],"wp:term":[{"taxonomy":"product_brand","embeddable":true,"href":"https:\/\/www.nedozery.sk\/vcelarstvo\/wp-json\/wp\/v2\/product_brand?post=920"},{"taxonomy":"product_cat","embeddable":true,"href":"https:\/\/www.nedozery.sk\/vcelarstvo\/wp-json\/wp\/v2\/product_cat?post=920"},{"taxonomy":"product_tag","embeddable":true,"href":"https:\/\/www.nedozery.sk\/vcelarstvo\/wp-json\/wp\/v2\/product_tag?post=920"}],"curies":[{"name":"wp","href":"https:\/\/api.w.org\/{rel}","templated":true}]}}