{"id":937,"date":"2021-12-05T19:22:26","date_gmt":"2021-12-05T18:22:26","guid":{"rendered":"https:\/\/www.nedozery.sk\/vcelarstvo\/?post_type=product&#038;p=937"},"modified":"2023-10-27T14:31:34","modified_gmt":"2023-10-27T12:31:34","slug":"darcekova-tasticka-set17-ks","status":"publish","type":"product","link":"https:\/\/www.nedozery.sk\/vcelarstvo\/produkt\/darcekova-tasticka-set17-ks\/","title":{"rendered":"Dar\u010dekov\u00e1 ta\u0161ti\u010dka SET17 \/ ks"},"content":{"rendered":"<p>Z\u00e1kladn\u00e1 v\u00fdbava do kabelky \ud83d\ude42<\/p>\n<p>Dar\u010dekov\u00e1 ta\u0161ti\u010dka obsa<\/p>\n<p>Medov\u00fd kr\u00e9m na ruky 50g &#8211; 1x<br \/>\nBalzam na pery guli\u010dka tekut\u00fd 5g &#8211; 1x<br \/>\n\u010cistiaci sprej na ruky s propolisom 95g &#8211; 1x<br \/>\n(obsahuje alkohol 70%\u00a0 a\u00a0 propolis)<\/p>\n<p>(V\u0161etky v\u00fdrobky s\u00fa vyroben\u00e9 z pr\u00edrodn\u00fdch produktov)<\/p>\n","protected":false},"excerpt":{"rendered":"<p>Z\u00e1kladn\u00e1 v\u00fdbava do kabelky \ud83d\ude42 Dar\u010dekov\u00e1 ta\u0161ti\u010dka obsa Medov\u00fd kr\u00e9m na ruky 50g &#8211; 1x Balzam na pery guli\u010dka tekut\u00fd 5g &#8211; 1x \u010cistiaci sprej na ruky s propolisom 95g &#8211; 1x (obsahuje alkohol 70%\u00a0 a\u00a0 propolis) (V\u0161etky v\u00fdrobky s\u00fa vyroben\u00e9 z pr\u00edrodn\u00fdch produktov)<\/p>\n","protected":false},"featured_media":939,"comment_status":"open","ping_status":"closed","template":"","meta":[],"product_brand":[],"product_cat":[31],"product_tag":[],"class_list":{"0":"post-937","1":"product","2":"type-product","3":"status-publish","4":"has-post-thumbnail","6":"product_cat-darceky","8":"first","9":"outofstock","10":"taxable","11":"shipping-taxable","12":"purchasable","13":"product-type-simple"},"jetpack_sharing_enabled":true,"_links":{"self":[{"href":"https:\/\/www.nedozery.sk\/vcelarstvo\/wp-json\/wp\/v2\/product\/937","targetHints":{"allow":["GET"]}}],"collection":[{"href":"https:\/\/www.nedozery.sk\/vcelarstvo\/wp-json\/wp\/v2\/product"}],"about":[{"href":"https:\/\/www.nedozery.sk\/vcelarstvo\/wp-json\/wp\/v2\/types\/product"}],"replies":[{"embeddable":true,"href":"https:\/\/www.nedozery.sk\/vcelarstvo\/wp-json\/wp\/v2\/comments?post=937"}],"version-history":[{"count":0,"href":"https:\/\/www.nedozery.sk\/vcelarstvo\/wp-json\/wp\/v2\/product\/937\/revisions"}],"wp:featuredmedia":[{"embeddable":true,"href":"https:\/\/www.nedozery.sk\/vcelarstvo\/wp-json\/wp\/v2\/media\/939"}],"wp:attachment":[{"href":"https:\/\/www.nedozery.sk\/vcelarstvo\/wp-json\/wp\/v2\/media?parent=937"}],"wp:term":[{"taxonomy":"product_brand","embeddable":true,"href":"https:\/\/www.nedozery.sk\/vcelarstvo\/wp-json\/wp\/v2\/product_brand?post=937"},{"taxonomy":"product_cat","embeddable":true,"href":"https:\/\/www.nedozery.sk\/vcelarstvo\/wp-json\/wp\/v2\/product_cat?post=937"},{"taxonomy":"product_tag","embeddable":true,"href":"https:\/\/www.nedozery.sk\/vcelarstvo\/wp-json\/wp\/v2\/product_tag?post=937"}],"curies":[{"name":"wp","href":"https:\/\/api.w.org\/{rel}","templated":true}]}}