{"id":95,"date":"2021-10-24T14:06:45","date_gmt":"2021-10-24T12:06:45","guid":{"rendered":"https:\/\/www.nedozery.sk\/vcelarstvo\/?product=produkt"},"modified":"2025-09-18T14:20:57","modified_gmt":"2025-09-18T12:20:57","slug":"produkt","status":"publish","type":"product","link":"https:\/\/www.nedozery.sk\/vcelarstvo\/produkt\/produkt\/","title":{"rendered":"Dno hygienick\u00e9 plastov\u00e9, Tatran B \/ Tatran 1\/2B"},"content":{"rendered":"<h2>Dno hygienick\u00e9 plastov\u00e9, Tatran B \/ Tatran 1\/2B<\/h2>\n<div class=\"in-pane\">\n<div class=\"long-description\">\n<p><strong>Plastov\u00e9 hygienick\u00e9 (varroa) dno vhodn\u00e9\u00a0<\/strong>k polystyr\u00e9nov\u00fdm \u00fa\u013eom Tatran B a Tatran B 1\/2. V spodnej \u010dasti dna pod mrie\u017ekou je umiestnen\u00fd vy\u0165ahovac\u00ed \u0161upl\u00edk. S\u00fa\u010das\u0165ou dna je aj plastov\u00e1 let\u00e1\u010dov\u00e1 z\u00e1brana.<\/p>\n<p><em><u>Hlavn\u00e9 vlastnosti plastov\u00e9ho hygienick\u00e9ho dna:<\/u><\/em><\/p>\n<ul>\n<li>kontrola varro\u00e1zy<\/li>\n<li>ve\u013emi vysok\u00e1 trv\u00e1cnos\u0165<\/li>\n<li>jednoduch\u00e9 \u010distenie a dezinfekcia<\/li>\n<li>n\u00edzka hmotnos\u0165<\/li>\n<\/ul>\n<p><em><u>Postup dezinfekcie plastov\u00e9ho hygienick\u00e9ho dna:<\/u><\/em><\/p>\n<ol type=\"1\">\n<li>Na dezinfekciu je potrebn\u00e9 pou\u017ei\u0165 slab\u00fd 1% \u2013 2% roztok hydroxidu sodn\u00e9ho NaOH. Pou\u017eitie siln\u00e9ho roztoku hydroxidu sodn\u00e9ho na plastovom dne m\u00f4\u017ee vies\u0165 k strate ochrann\u00fdch vlastnost\u00ed.<\/li>\n<li>Pripravte si potrebn\u00e9 mno\u017estvo slab\u00e9ho roztoku NaOH do v\u00e4\u010d\u0161ej n\u00e1doby, do ktorej sa zmest\u00ed plastov\u00e9 dno.<\/li>\n<li>Ponorte plastov\u00e9 dno do roztoku s teplotou 20\u00b0C po dobu 15 min\u00fat. Dlh\u0161ie zadr\u017eanie dna v hydroxide sodnom sp\u00f4sob\u00ed stratu jeho parametrov a t\u00fdm ur\u00fdchli proces starnutia produktu.<\/li>\n<li>Po vytiahnut\u00ed z alkalick\u00e9ho k\u00fape\u013ea d\u00f4kladne opl\u00e1chnite plastov\u00e9 dno pod te\u010d\u00facou vodou.<\/li>\n<\/ol>\n<p>Orienta\u010dn\u00e1 hmotnos\u0165: 2,500 kg<\/p>\n<\/div>\n<\/div>\n","protected":false},"excerpt":{"rendered":"<p>Dno hygienick\u00e9 plastov\u00e9, Tatran B \/ Tatran 1\/2B Plastov\u00e9 hygienick\u00e9 (varroa) dno vhodn\u00e9\u00a0k polystyr\u00e9nov\u00fdm \u00fa\u013eom Tatran B a Tatran B 1\/2. V spodnej \u010dasti dna pod mrie\u017ekou je umiestnen\u00fd vy\u0165ahovac\u00ed \u0161upl\u00edk. S\u00fa\u010das\u0165ou dna je aj plastov\u00e1 let\u00e1\u010dov\u00e1 z\u00e1brana. Hlavn\u00e9 vlastnosti plastov\u00e9ho hygienick\u00e9ho dna: kontrola varro\u00e1zy ve\u013emi vysok\u00e1 trv\u00e1cnos\u0165 jednoduch\u00e9 \u010distenie a dezinfekcia n\u00edzka hmotnos\u0165 Postup <a href=\"https:\/\/www.nedozery.sk\/vcelarstvo\/produkt\/produkt\/\" class=\"read-more inline\">\u010c\u00edtaj \u010falej<\/a><\/p>\n","protected":false},"featured_media":507,"comment_status":"open","ping_status":"closed","template":"","meta":[],"product_brand":[],"product_cat":[92,16],"product_tag":[],"class_list":{"0":"post-95","1":"product","2":"type-product","3":"status-publish","4":"has-post-thumbnail","6":"product_cat-dna","7":"product_cat-ule","9":"first","10":"instock","11":"taxable","12":"shipping-taxable","13":"purchasable","14":"product-type-simple"},"jetpack_sharing_enabled":true,"_links":{"self":[{"href":"https:\/\/www.nedozery.sk\/vcelarstvo\/wp-json\/wp\/v2\/product\/95","targetHints":{"allow":["GET"]}}],"collection":[{"href":"https:\/\/www.nedozery.sk\/vcelarstvo\/wp-json\/wp\/v2\/product"}],"about":[{"href":"https:\/\/www.nedozery.sk\/vcelarstvo\/wp-json\/wp\/v2\/types\/product"}],"replies":[{"embeddable":true,"href":"https:\/\/www.nedozery.sk\/vcelarstvo\/wp-json\/wp\/v2\/comments?post=95"}],"version-history":[{"count":0,"href":"https:\/\/www.nedozery.sk\/vcelarstvo\/wp-json\/wp\/v2\/product\/95\/revisions"}],"wp:featuredmedia":[{"embeddable":true,"href":"https:\/\/www.nedozery.sk\/vcelarstvo\/wp-json\/wp\/v2\/media\/507"}],"wp:attachment":[{"href":"https:\/\/www.nedozery.sk\/vcelarstvo\/wp-json\/wp\/v2\/media?parent=95"}],"wp:term":[{"taxonomy":"product_brand","embeddable":true,"href":"https:\/\/www.nedozery.sk\/vcelarstvo\/wp-json\/wp\/v2\/product_brand?post=95"},{"taxonomy":"product_cat","embeddable":true,"href":"https:\/\/www.nedozery.sk\/vcelarstvo\/wp-json\/wp\/v2\/product_cat?post=95"},{"taxonomy":"product_tag","embeddable":true,"href":"https:\/\/www.nedozery.sk\/vcelarstvo\/wp-json\/wp\/v2\/product_tag?post=95"}],"curies":[{"name":"wp","href":"https:\/\/api.w.org\/{rel}","templated":true}]}}