{"id":950,"date":"2021-12-09T16:11:48","date_gmt":"2021-12-09T15:11:48","guid":{"rendered":"https:\/\/www.nedozery.sk\/vcelarstvo\/?post_type=product&#038;p=950"},"modified":"2023-10-27T14:31:35","modified_gmt":"2023-10-27T12:31:35","slug":"sviecka-12x3-cm-rozne-farby-ks","status":"publish","type":"product","link":"https:\/\/www.nedozery.sk\/vcelarstvo\/produkt\/sviecka-12x3-cm-rozne-farby-ks\/","title":{"rendered":"Svie\u010dka 12&#215;3 cm r\u00f4zne farby &#8211; ks"},"content":{"rendered":"<p>Svie\u010dka 12&#215;3 cm r\u00f4zne farby. Svie\u010dky s\u00fa vyroben\u00e9 z prav\u00e9ho v\u010delieho vosku. Po\u017eadovan\u00e9 farby nap\u00ed\u0161te do pozn\u00e1mky v objedn\u00e1vke.<\/p>\n","protected":false},"excerpt":{"rendered":"<p>Svie\u010dka 12&#215;3 cm r\u00f4zne farby. Svie\u010dky s\u00fa vyroben\u00e9 z prav\u00e9ho v\u010delieho vosku. Po\u017eadovan\u00e9 farby nap\u00ed\u0161te do pozn\u00e1mky v objedn\u00e1vke.<\/p>\n","protected":false},"featured_media":951,"comment_status":"open","ping_status":"closed","template":"","meta":[],"product_brand":[],"product_cat":[31,24,22],"product_tag":[],"class_list":{"0":"post-950","1":"product","2":"type-product","3":"status-publish","4":"has-post-thumbnail","6":"product_cat-darceky","7":"product_cat-vosk","8":"product_cat-sviecky","10":"first","11":"outofstock","12":"taxable","13":"shipping-taxable","14":"purchasable","15":"product-type-simple"},"jetpack_sharing_enabled":true,"_links":{"self":[{"href":"https:\/\/www.nedozery.sk\/vcelarstvo\/wp-json\/wp\/v2\/product\/950","targetHints":{"allow":["GET"]}}],"collection":[{"href":"https:\/\/www.nedozery.sk\/vcelarstvo\/wp-json\/wp\/v2\/product"}],"about":[{"href":"https:\/\/www.nedozery.sk\/vcelarstvo\/wp-json\/wp\/v2\/types\/product"}],"replies":[{"embeddable":true,"href":"https:\/\/www.nedozery.sk\/vcelarstvo\/wp-json\/wp\/v2\/comments?post=950"}],"version-history":[{"count":0,"href":"https:\/\/www.nedozery.sk\/vcelarstvo\/wp-json\/wp\/v2\/product\/950\/revisions"}],"wp:featuredmedia":[{"embeddable":true,"href":"https:\/\/www.nedozery.sk\/vcelarstvo\/wp-json\/wp\/v2\/media\/951"}],"wp:attachment":[{"href":"https:\/\/www.nedozery.sk\/vcelarstvo\/wp-json\/wp\/v2\/media?parent=950"}],"wp:term":[{"taxonomy":"product_brand","embeddable":true,"href":"https:\/\/www.nedozery.sk\/vcelarstvo\/wp-json\/wp\/v2\/product_brand?post=950"},{"taxonomy":"product_cat","embeddable":true,"href":"https:\/\/www.nedozery.sk\/vcelarstvo\/wp-json\/wp\/v2\/product_cat?post=950"},{"taxonomy":"product_tag","embeddable":true,"href":"https:\/\/www.nedozery.sk\/vcelarstvo\/wp-json\/wp\/v2\/product_tag?post=950"}],"curies":[{"name":"wp","href":"https:\/\/api.w.org\/{rel}","templated":true}]}}