{"id":96,"date":"2021-10-24T14:06:46","date_gmt":"2021-10-24T12:06:46","guid":{"rendered":"https:\/\/www.nedozery.sk\/vcelarstvo\/?product=produkt-2"},"modified":"2026-03-09T19:34:11","modified_gmt":"2026-03-09T18:34:11","slug":"produkt-2","status":"publish","type":"product","link":"https:\/\/www.nedozery.sk\/vcelarstvo\/produkt\/produkt-2\/","title":{"rendered":"Nadstavok 280 mm, Tatran B"},"content":{"rendered":"<h2>Nadstavok 280 mm, Tatran B<\/h2>\n<div class=\"in-pane\">\n<div class=\"long-description\">\n<p>Ma\u013eovan\u00fd polystyr\u00e9nov\u00fd\u00a0<strong>nadstavok Tatran B10\u00a0<\/strong>s v\u00fd\u0161kou 280 mm pre polystyr\u00e9nov\u00e9 \u00fale.<\/p>\n<ul>\n<li>\u00fale z polystyr\u00e9nu sa pou\u017e\u00edvaj\u00fa v praxi u\u017e viac ako 10 rokov<\/li>\n<li>\u00fale s\u00fa ob\u013e\u00faben\u00e9 v\u010faka svojej n\u00edzkej hmotnosti, tepelno &#8211; izola\u010dn\u00fdm vlastnostiam a r\u00fdchlej manipul\u00e1cii<\/li>\n<\/ul>\n<p>Orienta\u010dn\u00e1 hmotnos\u0165: 2,800 kg<\/p>\n<\/div>\n<\/div>\n","protected":false},"excerpt":{"rendered":"<p>Nadstavok 280 mm, Tatran B Ma\u013eovan\u00fd polystyr\u00e9nov\u00fd\u00a0nadstavok Tatran B10\u00a0s v\u00fd\u0161kou 280 mm pre polystyr\u00e9nov\u00e9 \u00fale. \u00fale z polystyr\u00e9nu sa pou\u017e\u00edvaj\u00fa v praxi u\u017e viac ako 10 rokov \u00fale s\u00fa ob\u013e\u00faben\u00e9 v\u010faka svojej n\u00edzkej hmotnosti, tepelno &#8211; izola\u010dn\u00fdm vlastnostiam a r\u00fdchlej manipul\u00e1cii Orienta\u010dn\u00e1 hmotnos\u0165: 2,800 kg<\/p>\n","protected":false},"featured_media":505,"comment_status":"open","ping_status":"closed","template":"","meta":[],"product_brand":[],"product_cat":[91,16],"product_tag":[],"class_list":{"0":"post-96","1":"product","2":"type-product","3":"status-publish","4":"has-post-thumbnail","6":"product_cat-nadstavky","7":"product_cat-ule","9":"first","10":"outofstock","11":"taxable","12":"shipping-taxable","13":"purchasable","14":"product-type-simple"},"jetpack_sharing_enabled":true,"_links":{"self":[{"href":"https:\/\/www.nedozery.sk\/vcelarstvo\/wp-json\/wp\/v2\/product\/96","targetHints":{"allow":["GET"]}}],"collection":[{"href":"https:\/\/www.nedozery.sk\/vcelarstvo\/wp-json\/wp\/v2\/product"}],"about":[{"href":"https:\/\/www.nedozery.sk\/vcelarstvo\/wp-json\/wp\/v2\/types\/product"}],"replies":[{"embeddable":true,"href":"https:\/\/www.nedozery.sk\/vcelarstvo\/wp-json\/wp\/v2\/comments?post=96"}],"version-history":[{"count":0,"href":"https:\/\/www.nedozery.sk\/vcelarstvo\/wp-json\/wp\/v2\/product\/96\/revisions"}],"wp:featuredmedia":[{"embeddable":true,"href":"https:\/\/www.nedozery.sk\/vcelarstvo\/wp-json\/wp\/v2\/media\/505"}],"wp:attachment":[{"href":"https:\/\/www.nedozery.sk\/vcelarstvo\/wp-json\/wp\/v2\/media?parent=96"}],"wp:term":[{"taxonomy":"product_brand","embeddable":true,"href":"https:\/\/www.nedozery.sk\/vcelarstvo\/wp-json\/wp\/v2\/product_brand?post=96"},{"taxonomy":"product_cat","embeddable":true,"href":"https:\/\/www.nedozery.sk\/vcelarstvo\/wp-json\/wp\/v2\/product_cat?post=96"},{"taxonomy":"product_tag","embeddable":true,"href":"https:\/\/www.nedozery.sk\/vcelarstvo\/wp-json\/wp\/v2\/product_tag?post=96"}],"curies":[{"name":"wp","href":"https:\/\/api.w.org\/{rel}","templated":true}]}}